{"id":16225,"date":"2022-07-13T11:11:40","date_gmt":"2022-07-13T08:11:40","guid":{"rendered":"https:\/\/cea.zozothemes.com\/tranzkart\/blog-grid-copy-copy-copy\/"},"modified":"2023-09-03T23:01:50","modified_gmt":"2023-09-03T20:01:50","slug":"latest-news","status":"publish","type":"page","link":"https:\/\/rapid.com.tr\/bg\/latest-news\/","title":{"rendered":"\u041f\u043e\u0441\u043b\u0435\u0434\u043d\u0438 \u043d\u043e\u0432\u0438\u043d\u0438"},"content":{"rendered":"<div data-elementor-type=\"wp-page\" data-elementor-id=\"16225\" class=\"elementor elementor-16225\" data-elementor-post-type=\"page\">\n\t\t\t\t\t\t<section class=\"elementor-section elementor-top-section elementor-element elementor-element-850a2bd elementor-section-boxed elementor-section-height-default elementor-section-height-default\" data-id=\"850a2bd\" data-element_type=\"section\" data-e-type=\"section\">\n\t\t\t\t\t\t<div class=\"elementor-container elementor-column-gap-default\">\n\t\t\t\t\t<div class=\"elementor-column elementor-col-100 elementor-top-column elementor-element elementor-element-13baa593\" data-id=\"13baa593\" data-element_type=\"column\" data-e-type=\"column\">\n\t\t\t<div class=\"elementor-widget-wrap elementor-element-populated\">\n\t\t\t\t\t\t<div class=\"elementor-element elementor-element-5cdca58 elementor-invisible elementor-widget elementor-widget-ceaposts\" data-id=\"5cdca58\" data-element_type=\"widget\" data-e-type=\"widget\" data-settings=\"{&quot;_animation&quot;:&quot;fadeIn&quot;,&quot;_animation_delay&quot;:650}\" data-widget_type=\"ceaposts.default\">\n\t\t\t\t\r\n\t\t<div class=\"elementor-widget-container blog-wrapper blog-style-default blog-light blog-normal-model\">\r\n\t\t\r\n\t\t\t<div class=\"row\"><div class=\"col-lg-4 col-md-4\"><div class=\"blog-inner\"><div class=\"post-thumb\"><a href=\"https:\/\/rapid.com.tr\/bg\/%d0%be%d0%b1%d1%8f%d0%b2%d0%b5%d0%bd-%d0%b7%d0%b0-%d1%84%d0%b8%d0%bd%d0%b0%d0%bb%d0%b8%d1%81%d1%82-%d0%b7%d0%b0-%d0%bd%d0%b0%d0%b3%d1%80%d0%b0%d0%b4%d0%b0%d1%82%d0%b0-%d0%b7%d0%b0-%d0%bd%d0%b0%d0%b9\/\" class=\"post-image-link\"><img decoding=\"async\" src=\"https:\/\/rapid.com.tr\/wp-content\/uploads\/elementor\/thumbs\/blog-13-1-jpg-webp-rlf1vfw6oveul8nh7cxw48x6352sdo6fnoc2c7kz94.webp\" title=\"blog-13\" alt=\"\" class=\"img-fluid squared\"><\/a><\/div><!-- .post-thumb --><div class=\"top-meta clearfix\"><ul class=\"nav top-meta-list meta-left\"><li><div class=\"post-category\"><span class=\"before-icon fa fa-folder-o\"><\/span><a href=\"https:\/\/rapid.com.tr\/bg\/%d0%bb%d0%be%d0%b3%d0%b8%d1%81%d1%82%d0%b8%d0%ba%d0%b0%d1%82%d0%b0\/\">\u041b\u043e\u0433\u0438\u0441\u0442\u0438\u043a\u0430\u0442\u0430<\/a>,<a href=\"https:\/\/rapid.com.tr\/bg\/%d0%bf%d1%8a%d1%82\/\">\u041f\u044a\u0442<\/a><\/div><\/li><li><div class=\"post-date\"><a href=\"https:\/\/rapid.com.tr\/bg\/2022\/07\/30\/\" ><i class=\"icon icon-calendar\"><\/i> 07\/30\/2022<\/a><\/div><\/li><\/ul><\/div><div class=\"entry-title\"><h3 class=\"post-title-head\"><a href=\"https:\/\/rapid.com.tr\/bg\/%d0%be%d0%b1%d1%8f%d0%b2%d0%b5%d0%bd-%d0%b7%d0%b0-%d1%84%d0%b8%d0%bd%d0%b0%d0%bb%d0%b8%d1%81%d1%82-%d0%b7%d0%b0-%d0%bd%d0%b0%d0%b3%d1%80%d0%b0%d0%b4%d0%b0%d1%82%d0%b0-%d0%b7%d0%b0-%d0%bd%d0%b0%d0%b9\/\" class=\"post-title\">\u0412\u0430\u0440\u0438\u0440\u0430\u0449\u0438 \u0434\u044a\u043b\u0433\u043e\u0441\u0440\u043e\u0447\u043d\u0438 \u0433\u0430\u0440\u0430\u043d\u0446\u0438\u0438<\/a><\/h3><\/div><!-- .entry-title --><div class=\"bottom-meta clearfix\"><ul class=\"nav bottom-meta-list meta-left\"><li><div class=\"post-more\"><a href=\"https:\/\/rapid.com.tr\/bg\/%d0%be%d0%b1%d1%8f%d0%b2%d0%b5%d0%bd-%d0%b7%d0%b0-%d1%84%d0%b8%d0%bd%d0%b0%d0%bb%d0%b8%d1%81%d1%82-%d0%b7%d0%b0-%d0%bd%d0%b0%d0%b3%d1%80%d0%b0%d0%b4%d0%b0%d1%82%d0%b0-%d0%b7%d0%b0-%d0%bd%d0%b0%d0%b9\/\" class=\"read-more elementor-button\">Learn More<\/a><\/div><\/li><\/ul><\/div><\/div><!-- .blog-inner --><\/div><!-- .col \/ .owl-carousel-item \/ .isotope --><div class=\"col-lg-4 col-md-4\"><div class=\"blog-inner\"><div class=\"post-thumb\"><a href=\"https:\/\/rapid.com.tr\/bg\/%d0%bf%d0%be%d0%b4%d0%bf%d0%be%d0%bc%d0%b0%d0%b3%d0%b0%d0%bd%d0%b5-%d0%bd%d0%b0-%d0%ba%d0%be%d0%bc%d0%bf%d0%b0%d0%bd%d0%b8%d0%b8%d1%82%d0%b5-%d0%b2-%d1%82%d0%b5%d1%85%d0%bd%d0%b8%d1%8f-%d0%b7%d0%b5\/\" class=\"post-image-link\"><img decoding=\"async\" src=\"https:\/\/rapid.com.tr\/wp-content\/uploads\/elementor\/thumbs\/blog-2-1-jpg-webp-rlf1vfw6oveul8nh7cxw48x6352sdo6fnoc2c7kz94.webp\" title=\"blog-2\" alt=\"\" class=\"img-fluid squared img-fluid squared\"><\/a><\/div><!-- .post-thumb --><div class=\"top-meta clearfix\"><ul class=\"nav top-meta-list meta-left\"><li><div class=\"post-category\"><span class=\"before-icon fa fa-folder-o\"><\/span><a href=\"https:\/\/rapid.com.tr\/bg\/%d0%bb%d0%be%d0%b3%d0%b8%d1%81%d1%82%d0%b8%d0%ba%d0%b0%d1%82%d0%b0\/\">\u041b\u043e\u0433\u0438\u0441\u0442\u0438\u043a\u0430\u0442\u0430<\/a>,<a href=\"https:\/\/rapid.com.tr\/bg\/%d0%bf%d1%8a%d1%82\/\">\u041f\u044a\u0442<\/a><\/div><\/li><li><div class=\"post-date\"><a href=\"https:\/\/rapid.com.tr\/bg\/2022\/07\/30\/\" ><i class=\"icon icon-calendar\"><\/i> 07\/30\/2022<\/a><\/div><\/li><\/ul><\/div><div class=\"entry-title\"><h3 class=\"post-title-head\"><a href=\"https:\/\/rapid.com.tr\/bg\/%d0%bf%d0%be%d0%b4%d0%bf%d0%be%d0%bc%d0%b0%d0%b3%d0%b0%d0%bd%d0%b5-%d0%bd%d0%b0-%d0%ba%d0%be%d0%bc%d0%bf%d0%b0%d0%bd%d0%b8%d0%b8%d1%82%d0%b5-%d0%b2-%d1%82%d0%b5%d1%85%d0%bd%d0%b8%d1%8f-%d0%b7%d0%b5\/\" class=\"post-title\">\u041f\u043e\u0434\u043f\u043e\u043c\u0430\u0433\u0430\u043d\u0435 \u043d\u0430 \u043a\u043e\u043c\u043f\u0430\u043d\u0438\u0438\u0442\u0435 \u0432 \u0442\u0435\u0445\u043d\u0438\u044f \u0437\u0435\u043b\u0435\u043d \u043f\u0440\u0435\u0445\u043e\u0434<\/a><\/h3><\/div><!-- .entry-title --><div class=\"bottom-meta clearfix\"><ul class=\"nav bottom-meta-list meta-left\"><li><div class=\"post-more\"><a href=\"https:\/\/rapid.com.tr\/bg\/%d0%bf%d0%be%d0%b4%d0%bf%d0%be%d0%bc%d0%b0%d0%b3%d0%b0%d0%bd%d0%b5-%d0%bd%d0%b0-%d0%ba%d0%be%d0%bc%d0%bf%d0%b0%d0%bd%d0%b8%d0%b8%d1%82%d0%b5-%d0%b2-%d1%82%d0%b5%d1%85%d0%bd%d0%b8%d1%8f-%d0%b7%d0%b5\/\" class=\"read-more elementor-button\">Learn More<\/a><\/div><\/li><\/ul><\/div><\/div><!-- .blog-inner --><\/div><!-- .col \/ .owl-carousel-item \/ .isotope --><div class=\"col-lg-4 col-md-4\"><div class=\"blog-inner\"><div class=\"post-thumb\"><a href=\"https:\/\/rapid.com.tr\/bg\/%d0%b0%d0%b2%d1%82%d0%be%d0%bd%d0%be%d0%bc%d0%bd%d0%b8-%d0%ba%d0%b0%d0%bc%d0%b8%d0%be%d0%bd%d0%b8-%d0%bb%d0%be%d0%b3%d0%b8%d1%81%d1%82%d0%b8%d0%ba%d0%b0-2\/\" class=\"post-image-link\"><img decoding=\"async\" src=\"https:\/\/rapid.com.tr\/wp-content\/uploads\/elementor\/thumbs\/w66-jpg-rlf1u7prrnqdfkfndbufd22i614jbwb1tlo8s7ehdk.webp\" title=\"\" alt=\"\" class=\"img-fluid squared img-fluid squared img-fluid squared\"><\/a><\/div><!-- .post-thumb --><div class=\"top-meta clearfix\"><ul class=\"nav top-meta-list meta-left\"><li><div class=\"post-category\"><span class=\"before-icon fa fa-folder-o\"><\/span><a href=\"https:\/\/rapid.com.tr\/bg\/%d1%82%d1%80%d0%b0%d0%bd%d1%81%d0%bf%d0%be%d1%80%d1%82-%d0%b8-%d0%bb%d0%be%d0%b3%d0%b8%d1%81%d1%82%d0%b8%d0%ba%d0%b0\/\">\u0422\u0440\u0430\u043d\u0441\u043f\u043e\u0440\u0442 \u0438 \u043b\u043e\u0433\u0438\u0441\u0442\u0438\u043a\u0430<\/a><\/div><\/li><li><div class=\"post-date\"><a href=\"https:\/\/rapid.com.tr\/bg\/2023\/08\/27\/\" ><i class=\"icon icon-calendar\"><\/i> 08\/27\/2023<\/a><\/div><\/li><\/ul><\/div><div class=\"entry-title\"><h3 class=\"post-title-head\"><a href=\"https:\/\/rapid.com.tr\/bg\/%d0%b0%d0%b2%d1%82%d0%be%d0%bd%d0%be%d0%bc%d0%bd%d0%b8-%d0%ba%d0%b0%d0%bc%d0%b8%d0%be%d0%bd%d0%b8-%d0%bb%d0%be%d0%b3%d0%b8%d1%81%d1%82%d0%b8%d0%ba%d0%b0-2\/\" class=\"post-title\">\u0410\u0432\u0442\u043e\u043d\u043e\u043c\u043d\u0438 \u043a\u0430\u043c\u0438\u043e\u043d\u0438 \u0432 \u0431\u044a\u0434\u0435\u0449\u0430\u0442\u0430 \u043f\u044a\u0442\u043d\u0430 \u043b\u043e\u0433\u0438\u0441\u0442\u0438\u043a\u0430<\/a><\/h3><\/div><!-- .entry-title --><div class=\"bottom-meta clearfix\"><ul class=\"nav bottom-meta-list meta-left\"><li><div class=\"post-more\"><a href=\"https:\/\/rapid.com.tr\/bg\/%d0%b0%d0%b2%d1%82%d0%be%d0%bd%d0%be%d0%bc%d0%bd%d0%b8-%d0%ba%d0%b0%d0%bc%d0%b8%d0%be%d0%bd%d0%b8-%d0%bb%d0%be%d0%b3%d0%b8%d1%81%d1%82%d0%b8%d0%ba%d0%b0-2\/\" class=\"read-more elementor-button\">Learn More<\/a><\/div><\/li><\/ul><\/div><\/div><!-- .blog-inner --><\/div><!-- .col \/ .owl-carousel-item \/ .isotope --><\/div><!-- .row --><div class=\"row\"><div class=\"col-lg-4 col-md-4\"><div class=\"blog-inner\"><div class=\"post-thumb\"><a href=\"https:\/\/rapid.com.tr\/bg\/%d1%80%d0%be%d0%bb%d1%8f%d1%82%d0%b0-%d0%bd%d0%b0-%d1%88%d0%be%d1%84%d1%8c%d0%be%d1%80%d0%b8%d1%82%d0%b5-%d0%bd%d0%b0-%d0%ba%d0%b0%d0%bc%d0%b8%d0%be%d0%bd%d0%b8-%d0%b2-%d0%bf%d1%8a%d1%82%d0%bd%d0%b8-2\/\" class=\"post-image-link\"><img decoding=\"async\" src=\"https:\/\/rapid.com.tr\/wp-content\/uploads\/elementor\/thumbs\/emrturk20_driver_standing_in_front_of_volvo_truck_red_4k_hdr_20_6d9aabff-d0b8-422a-b564-004e403b2d7f-rlf1uajac5u8eebjwv2b2jcvy6qmyzm8tzmp81aauw.png\" title=\"\u0428\u043e\u0444\u044c\u043e\u0440 \u043d\u0430 \u043a\u0430\u043c\u0438\u043e\u043d\" alt=\"\u0428\u043e\u0444\u044c\u043e\u0440 \u043d\u0430 \u043a\u0430\u043c\u0438\u043e\u043d\" class=\"img-fluid squared img-fluid squared img-fluid squared img-fluid squared\" \/><\/a><\/div><!-- .post-thumb --><div class=\"top-meta clearfix\"><ul class=\"nav top-meta-list meta-left\"><li><div class=\"post-category\"><span class=\"before-icon fa fa-folder-o\"><\/span><a href=\"https:\/\/rapid.com.tr\/bg\/%d1%82%d1%80%d0%b0%d0%bd%d1%81%d0%bf%d0%be%d1%80%d1%82-%d0%b8-%d0%bb%d0%be%d0%b3%d0%b8%d1%81%d1%82%d0%b8%d0%ba%d0%b0\/\">\u0422\u0440\u0430\u043d\u0441\u043f\u043e\u0440\u0442 \u0438 \u043b\u043e\u0433\u0438\u0441\u0442\u0438\u043a\u0430<\/a><\/div><\/li><li><div class=\"post-date\"><a href=\"https:\/\/rapid.com.tr\/bg\/2023\/08\/28\/\" ><i class=\"icon icon-calendar\"><\/i> 08\/28\/2023<\/a><\/div><\/li><\/ul><\/div><div class=\"entry-title\"><h3 class=\"post-title-head\"><a href=\"https:\/\/rapid.com.tr\/bg\/%d1%80%d0%be%d0%bb%d1%8f%d1%82%d0%b0-%d0%bd%d0%b0-%d1%88%d0%be%d1%84%d1%8c%d0%be%d1%80%d0%b8%d1%82%d0%b5-%d0%bd%d0%b0-%d0%ba%d0%b0%d0%bc%d0%b8%d0%be%d0%bd%d0%b8-%d0%b2-%d0%bf%d1%8a%d1%82%d0%bd%d0%b8-2\/\" class=\"post-title\">\u0420\u043e\u043b\u044f\u0442\u0430 \u043d\u0430 \u0448\u043e\u0444\u044c\u043e\u0440\u0438\u0442\u0435 \u043d\u0430 \u043a\u0430\u043c\u0438\u043e\u043d\u0438 \u0432 \u0430\u0432\u0442\u043e\u043c\u043e\u0431\u0438\u043b\u043d\u0438\u044f \u0442\u0440\u0430\u043d\u0441\u043f\u043e\u0440\u0442<\/a><\/h3><\/div><!-- .entry-title --><div class=\"bottom-meta clearfix\"><ul class=\"nav bottom-meta-list meta-left\"><li><div class=\"post-more\"><a href=\"https:\/\/rapid.com.tr\/bg\/%d1%80%d0%be%d0%bb%d1%8f%d1%82%d0%b0-%d0%bd%d0%b0-%d1%88%d0%be%d1%84%d1%8c%d0%be%d1%80%d0%b8%d1%82%d0%b5-%d0%bd%d0%b0-%d0%ba%d0%b0%d0%bc%d0%b8%d0%be%d0%bd%d0%b8-%d0%b2-%d0%bf%d1%8a%d1%82%d0%bd%d0%b8-2\/\" class=\"read-more elementor-button\">Learn More<\/a><\/div><\/li><\/ul><\/div><\/div><!-- .blog-inner --><\/div><!-- .col \/ .owl-carousel-item \/ .isotope --><div class=\"col-lg-4 col-md-4\"><div class=\"blog-inner\"><div class=\"post-thumb\"><a href=\"https:\/\/rapid.com.tr\/bg\/%d0%b5%d1%84%d0%b5%d0%ba%d1%82%d0%b8%d0%b2%d0%bd%d0%b8-%d1%81%d1%82%d1%8a%d0%bf%d0%ba%d0%b8-%d0%b7%d0%b0-%d0%bd%d0%b0%d0%bc%d0%b0%d0%bb%d1%8f%d0%b2%d0%b0%d0%bd%d0%b5-%d0%bd%d0%b0-%d1%82%d1%80%d0%b0-2\/\" class=\"post-image-link\"><img decoding=\"async\" src=\"https:\/\/rapid.com.tr\/wp-content\/uploads\/elementor\/thumbs\/ce-rlf1u7prrnqdfkfndbufd22i614jbwb1tlo8s7ehdk.png\" title=\"\u0447\u0435\u0440\u0432\u0435\u043d \u043a\u0430\u043c\u0438\u043e\u043d\" alt=\"\u0447\u0435\u0440\u0432\u0435\u043d \u043a\u0430\u043c\u0438\u043e\u043d\" class=\"img-fluid squared img-fluid squared img-fluid squared img-fluid squared img-fluid squared\" \/><\/a><\/div><!-- .post-thumb --><div class=\"top-meta clearfix\"><ul class=\"nav top-meta-list meta-left\"><li><div class=\"post-category\"><span class=\"before-icon fa fa-folder-o\"><\/span><a href=\"https:\/\/rapid.com.tr\/bg\/%d1%83%d0%bf%d1%80%d0%b0%d0%b2%d0%bb%d0%b5%d0%bd%d0%b8%d0%b5-%d0%bd%d0%b0-%d0%b1%d0%b8%d0%b7%d0%bd%d0%b5%d1%81%d0%b0-%d0%b8-%d1%81%d1%82%d1%80%d0%b0%d1%82%d0%b5%d0%b3%d0%b8%d0%b8\/\">\u0411\u0438\u0437\u043d\u0435\u0441 \u043c\u0435\u043d\u0438\u0434\u0436\u043c\u044a\u043d\u0442 \u0438 \u0441\u0442\u0440\u0430\u0442\u0435\u0433\u0438\u0438<\/a><\/div><\/li><li><div class=\"post-date\"><a href=\"https:\/\/rapid.com.tr\/bg\/2023\/08\/28\/\" ><i class=\"icon icon-calendar\"><\/i> 08\/28\/2023<\/a><\/div><\/li><\/ul><\/div><div class=\"entry-title\"><h3 class=\"post-title-head\"><a href=\"https:\/\/rapid.com.tr\/bg\/%d0%b5%d1%84%d0%b5%d0%ba%d1%82%d0%b8%d0%b2%d0%bd%d0%b8-%d1%81%d1%82%d1%8a%d0%bf%d0%ba%d0%b8-%d0%b7%d0%b0-%d0%bd%d0%b0%d0%bc%d0%b0%d0%bb%d1%8f%d0%b2%d0%b0%d0%bd%d0%b5-%d0%bd%d0%b0-%d1%82%d1%80%d0%b0-2\/\" class=\"post-title\">\u0421\u0442\u0440\u0430\u0442\u0435\u0433\u0438\u0438 \u0437\u0430 \u0441\u043f\u0435\u0441\u0442\u044f\u0432\u0430\u043d\u0435 \u043d\u0430 \u0442\u0440\u0430\u043d\u0441\u043f\u043e\u0440\u0442\u043d\u0438 \u0440\u0430\u0437\u0445\u043e\u0434\u0438<\/a><\/h3><\/div><!-- .entry-title --><div class=\"bottom-meta clearfix\"><ul class=\"nav bottom-meta-list meta-left\"><li><div class=\"post-more\"><a href=\"https:\/\/rapid.com.tr\/bg\/%d0%b5%d1%84%d0%b5%d0%ba%d1%82%d0%b8%d0%b2%d0%bd%d0%b8-%d1%81%d1%82%d1%8a%d0%bf%d0%ba%d0%b8-%d0%b7%d0%b0-%d0%bd%d0%b0%d0%bc%d0%b0%d0%bb%d1%8f%d0%b2%d0%b0%d0%bd%d0%b5-%d0%bd%d0%b0-%d1%82%d1%80%d0%b0-2\/\" class=\"read-more elementor-button\">Learn More<\/a><\/div><\/li><\/ul><\/div><\/div><!-- .blog-inner --><\/div><!-- .col \/ .owl-carousel-item \/ .isotope --><div class=\"col-lg-4 col-md-4\"><div class=\"blog-inner\"><div class=\"post-thumb\"><a href=\"https:\/\/rapid.com.tr\/bg\/%d1%86%d0%b8%d1%84%d1%80%d0%be%d0%b2%d0%b0-%d1%82%d1%80%d0%b0%d0%bd%d1%81%d1%84%d0%be%d1%80%d0%bc%d0%b0%d1%86%d0%b8%d1%8f-%d0%b2-%d0%b0%d0%b2%d1%82%d0%be%d0%bc%d0%be%d0%b1%d0%b8%d0%bb%d0%bd%d0%b8\/\" class=\"post-image-link\"><img decoding=\"async\" src=\"https:\/\/rapid.com.tr\/wp-content\/uploads\/elementor\/thumbs\/dijital-donusum-rlf1u6rxktp33yh0itfsskb1kn96477bhh0raxfvjs.png\" title=\"dijital d\u00f6n\u00fc\u015f\u00fcm\" alt=\"dijital d\u00f6n\u00fc\u015f\u00fcm\" class=\"img-fluid squared img-fluid squared img-fluid squared img-fluid squared img-fluid squared img-fluid squared\" \/><\/a><\/div><!-- .post-thumb --><div class=\"top-meta clearfix\"><ul class=\"nav top-meta-list meta-left\"><li><div class=\"post-category\"><span class=\"before-icon fa fa-folder-o\"><\/span><a href=\"https:\/\/rapid.com.tr\/bg\/ai\/\">AI<\/a>,<a href=\"https:\/\/rapid.com.tr\/bg\/%d1%82%d0%b5%d1%85%d0%bd%d0%be%d0%bb%d0%be%d0%b3%d0%b8%d1%8f-%d0%b8-%d0%b0%d0%b2%d1%82%d0%be%d0%bc%d0%b0%d1%82%d0%b8%d0%b7%d0%b0%d1%86%d0%b8%d1%8f-2\/\">\u0422\u0435\u0445\u043d\u043e\u043b\u043e\u0433\u0438\u044f \u0438 \u0430\u0432\u0442\u043e\u043c\u0430\u0442\u0438\u0437\u0430\u0446\u0438\u044f<\/a><\/div><\/li><li><div class=\"post-date\"><a href=\"https:\/\/rapid.com.tr\/bg\/2023\/08\/31\/\" ><i class=\"icon icon-calendar\"><\/i> 08\/31\/2023<\/a><\/div><\/li><\/ul><\/div><div class=\"entry-title\"><h3 class=\"post-title-head\"><a href=\"https:\/\/rapid.com.tr\/bg\/%d1%86%d0%b8%d1%84%d1%80%d0%be%d0%b2%d0%b0-%d1%82%d1%80%d0%b0%d0%bd%d1%81%d1%84%d0%be%d1%80%d0%bc%d0%b0%d1%86%d0%b8%d1%8f-%d0%b2-%d0%b0%d0%b2%d1%82%d0%be%d0%bc%d0%be%d0%b1%d0%b8%d0%bb%d0%bd%d0%b8\/\" class=\"post-title\">\u041e\u0431\u043b\u0430\u043a \u0438 AI \u0432 \u0430\u0432\u0442\u043e\u043c\u043e\u0431\u0438\u043b\u043d\u0438\u044f \u0442\u0440\u0430\u043d\u0441\u043f\u043e\u0440\u0442<\/a><\/h3><\/div><!-- .entry-title --><div class=\"bottom-meta clearfix\"><ul class=\"nav bottom-meta-list meta-left\"><li><div class=\"post-more\"><a href=\"https:\/\/rapid.com.tr\/bg\/%d1%86%d0%b8%d1%84%d1%80%d0%be%d0%b2%d0%b0-%d1%82%d1%80%d0%b0%d0%bd%d1%81%d1%84%d0%be%d1%80%d0%bc%d0%b0%d1%86%d0%b8%d1%8f-%d0%b2-%d0%b0%d0%b2%d1%82%d0%be%d0%bc%d0%be%d0%b1%d0%b8%d0%bb%d0%bd%d0%b8\/\" class=\"read-more elementor-button\">Learn More<\/a><\/div><\/li><\/ul><\/div><\/div><!-- .blog-inner --><\/div><!-- .col \/ .owl-carousel-item \/ .isotope --><\/div><!-- .row -->\t\t\t\r\n\t\t<\/div>\r\n\t\t\t\t<\/div>\n\t\t\t\t\t<\/div>\n\t\t<\/div>\n\t\t\t\t\t<\/div>\n\t\t<\/section>\n\t\t\t\t<\/div>","protected":false},"excerpt":{"rendered":"<p>Transport April 19, 2019 How To Become Practical In Transportation Learn More Logistics April 19,..<\/p>","protected":false},"author":1,"featured_media":0,"parent":0,"menu_order":18,"comment_status":"closed","ping_status":"closed","template":"","meta":{"footnotes":""},"class_list":["post-16225","page","type-page","status-publish","hentry"],"_hostinger_reach_plugin_has_subscription_block":false,"_hostinger_reach_plugin_is_elementor":false,"_links":{"self":[{"href":"https:\/\/rapid.com.tr\/bg\/wp-json\/wp\/v2\/pages\/16225","targetHints":{"allow":["GET"]}}],"collection":[{"href":"https:\/\/rapid.com.tr\/bg\/wp-json\/wp\/v2\/pages"}],"about":[{"href":"https:\/\/rapid.com.tr\/bg\/wp-json\/wp\/v2\/types\/page"}],"author":[{"embeddable":true,"href":"https:\/\/rapid.com.tr\/bg\/wp-json\/wp\/v2\/users\/1"}],"replies":[{"embeddable":true,"href":"https:\/\/rapid.com.tr\/bg\/wp-json\/wp\/v2\/comments?post=16225"}],"version-history":[{"count":1,"href":"https:\/\/rapid.com.tr\/bg\/wp-json\/wp\/v2\/pages\/16225\/revisions"}],"predecessor-version":[{"id":43895,"href":"https:\/\/rapid.com.tr\/bg\/wp-json\/wp\/v2\/pages\/16225\/revisions\/43895"}],"wp:attachment":[{"href":"https:\/\/rapid.com.tr\/bg\/wp-json\/wp\/v2\/media?parent=16225"}],"curies":[{"name":"wp","href":"https:\/\/api.w.org\/{rel}","templated":true}]}}