{"id":44480,"date":"2023-09-18T03:17:18","date_gmt":"2023-09-18T00:17:18","guid":{"rendered":"https:\/\/rapid.com.tr\/?page_id=44480"},"modified":"2025-03-12T12:18:45","modified_gmt":"2025-03-12T09:18:45","slug":"%d0%be%d0%bf%d0%b5%d1%80%d0%b0%d1%86%d0%b8%d1%8f","status":"publish","type":"page","link":"https:\/\/rapid.com.tr\/bg\/%d0%be%d0%bf%d0%b5%d1%80%d0%b0%d1%86%d0%b8%d1%8f\/","title":{"rendered":"\u041e\u043f\u0435\u0440\u0430\u0446\u0438\u044f"},"content":{"rendered":"<div data-elementor-type=\"wp-page\" data-elementor-id=\"44480\" class=\"elementor elementor-44480\" data-elementor-post-type=\"page\">\n\t\t\t\t\t\t<section class=\"elementor-section elementor-top-section elementor-element elementor-element-e9cd0a6 elementor-section-content-middle elementor-section-full_width elementor-section-height-default elementor-section-height-default\" data-id=\"e9cd0a6\" data-element_type=\"section\" data-e-type=\"section\">\n\t\t\t\t\t\t<div class=\"elementor-container elementor-column-gap-extended\">\n\t\t\t\t\t<div class=\"elementor-column elementor-col-100 elementor-top-column elementor-element elementor-element-1554b18\" data-id=\"1554b18\" data-element_type=\"column\" data-e-type=\"column\">\n\t\t\t<div class=\"elementor-widget-wrap elementor-element-populated\">\n\t\t\t\t\t\t<div class=\"elementor-element elementor-element-2b25a4d elementor-widget elementor-widget-ceateam\" data-id=\"2b25a4d\" data-element_type=\"widget\" data-e-type=\"widget\" data-widget_type=\"ceateam.default\">\n\t\t\t\t\n\t\t<div class=\"elementor-widget-container team-wrapper team-style-modern team-light team-normal-model\">\n\t\t\n\t\t\t<div class=\"row\"><div class=\"col-lg-4 col-md-4\" ><div class=\"team-inner\"><div class=\"post-thumb\"><a href=\"https:\/\/rapid.com.tr\/bg\/%d0%b5%d0%ba%d0%b8%d0%bf\/%d0%b5%d1%80%d0%b4%d0%b0%d0%bb-%d0%b1%d1%8e%d1%8e%d0%ba%d1%87%d0%be%d0%bb%d0%b0%d0%ba\/\" class=\"post-image-link\"><img decoding=\"async\" src=\"https:\/\/rapid.com.tr\/wp-content\/uploads\/2023\/09\/Erdal-Bey-1-scaled-e1705481202152.webp\" title=\"Erdal Bey\" alt=\"\" class=\"img-fluid rounded\"><\/a><\/div><!-- .post-thumb --><div class=\"entry-title\"><h4 class=\"post-title-head\"><a href=\"https:\/\/rapid.com.tr\/bg\/%d0%b5%d0%ba%d0%b8%d0%bf\/%d0%b5%d1%80%d0%b4%d0%b0%d0%bb-%d0%b1%d1%8e%d1%8e%d0%ba%d1%87%d0%be%d0%bb%d0%b0%d0%ba\/\" class=\"post-title\">\u0415\u0440\u0434\u0430\u043b \u0411\u044e\u044e\u043a\u0447\u043e\u043b\u0430\u043a<\/a><\/h4><\/div><!-- .entry-title --><div class=\"team-designation\">\u041e\u0442\u0433\u043e\u0432\u043e\u0440\u043d\u0438\u043a \u043f\u043e \u0430\u0434\u043c\u0438\u043d\u0438\u0441\u0442\u0440\u0430\u0442\u0438\u0432\u043d\u0438 \u0432\u044a\u043f\u0440\u043e\u0441\u0438<\/div><!-- .team-designation --><div class=\"team-social-wrap clearfix\"><ul class=\"nav social-icons team-socialsocial-circled social-white social-h-white social-bg-transparent social-hbg-own\"><li><a class=\"social-twitter\" href=\"mailto:erdal.buyukcolak@rapid.com.tr\" target=\"_blank\"><i class=\"fa fa-envelope\"><\/i><\/a><\/li><li><a class=\"social-instagram\" href=\"\/bg\/\u0442\u0435\u043b:+905424320323\/\" target=\"_blank\"><i class=\"fa fa-phone\"><\/i><\/a><\/li><\/ul><\/div> <!-- .team-social-wrap --><\/div><!-- .team-inner --><\/div><!-- .col \/ .owl-carousel-item \/ .isotope --><div class=\"col-lg-4 col-md-4\" ><div class=\"team-inner\"><div class=\"post-thumb\"><a href=\"https:\/\/rapid.com.tr\/bg\/%d0%b5%d0%ba%d0%b8%d0%bf\/%d0%bc%d1%83%d1%85%d0%b0%d1%80%d0%b5%d0%bc-%d1%84%d0%b8%d0%bb%d0%b8%d0%ba\/\" class=\"post-image-link\"><img decoding=\"async\" src=\"https:\/\/rapid.com.tr\/wp-content\/uploads\/2023\/09\/Muharrem-Filik-scaled.webp\" title=\"\u041c\u0443\u0445\u0430\u0440\u0435\u043c \u0424\u0438\u043b\u0438\u043a\" alt=\"\" class=\"img-fluid rounded img-fluid rounded\"><\/a><\/div><!-- .post-thumb --><div class=\"entry-title\"><h4 class=\"post-title-head\"><a href=\"https:\/\/rapid.com.tr\/bg\/%d0%b5%d0%ba%d0%b8%d0%bf\/%d0%bc%d1%83%d1%85%d0%b0%d1%80%d0%b5%d0%bc-%d1%84%d0%b8%d0%bb%d0%b8%d0%ba\/\" class=\"post-title\">\u041c\u0443\u0445\u0430\u0440\u0435\u043c \u0424\u0438\u043b\u0438\u043a<\/a><\/h4><\/div><!-- .entry-title --><div class=\"team-designation\">\u041e\u0442\u0433\u043e\u0432\u043e\u0440\u043d\u0438\u043a \u043f\u043e \u0430\u0434\u043c\u0438\u043d\u0438\u0441\u0442\u0440\u0430\u0442\u0438\u0432\u043d\u0438 \u0432\u044a\u043f\u0440\u043e\u0441\u0438<\/div><!-- .team-designation --><div class=\"team-social-wrap clearfix\"><ul class=\"nav social-icons team-socialsocial-circled social-white social-h-white social-bg-transparent social-hbg-own\"><li><a class=\"social-twitter\" href=\"mailto:muharrem.filik@rapid.com.tr\" target=\"_blank\"><i class=\"fa fa-envelope\"><\/i><\/a><\/li><li><a class=\"social-instagram\" href=\"\/bg\/\u0442\u0435\u043b:+905325529078\/\" target=\"_blank\"><i class=\"fa fa-phone\"><\/i><\/a><\/li><\/ul><\/div> <!-- .team-social-wrap --><\/div><!-- .team-inner --><\/div><!-- .col \/ .owl-carousel-item \/ .isotope --><div class=\"col-lg-4 col-md-4\" ><div class=\"team-inner\"><div class=\"post-thumb\"><a href=\"https:\/\/rapid.com.tr\/bg\/%d0%b5%d0%ba%d0%b8%d0%bf\/%d0%b3%d1%83%d0%bb%d0%bd%d0%b0%d0%b7-%d0%b0%d0%bb%d1%82%d0%b8%d0%bd%d0%b4%d0%b0%d0%bb\/\" class=\"post-image-link\"><img decoding=\"async\" src=\"https:\/\/rapid.com.tr\/wp-content\/uploads\/2023\/09\/Gulnaz-Altindal-scaled.webp\" title=\"\u0413\u044e\u043b\u043d\u0430\u0437 \u0410\u043b\u0442\u0438\u043d\u0434\u0430\u043b\" alt=\"\" class=\"img-fluid rounded img-fluid rounded img-fluid rounded\"><\/a><\/div><!-- .post-thumb --><div class=\"entry-title\"><h4 class=\"post-title-head\"><a href=\"https:\/\/rapid.com.tr\/bg\/%d0%b5%d0%ba%d0%b8%d0%bf\/%d0%b3%d1%83%d0%bb%d0%bd%d0%b0%d0%b7-%d0%b0%d0%bb%d1%82%d0%b8%d0%bd%d0%b4%d0%b0%d0%bb\/\" class=\"post-title\">\u0413\u044e\u043b\u043d\u0430\u0437 \u0410\u043b\u0442\u0438\u043d\u0434\u0430\u043b<\/a><\/h4><\/div><!-- .entry-title --><div class=\"team-designation\">\u0420\u0435\u0446\u0435\u043f\u0446\u0438\u043e\u043d\u0438\u0441\u0442<\/div><!-- .team-designation --><div class=\"team-social-wrap clearfix\"><ul class=\"nav social-icons team-socialsocial-circled social-white social-h-white social-bg-transparent social-hbg-own\"><li><a class=\"social-twitter\" href=\"mailto:gulnaz.altindal@rapid.com.tr\" target=\"_blank\"><i class=\"fa fa-envelope\"><\/i><\/a><\/li><li><a class=\"social-instagram\" href=\"\/bg\/\u0442\u0435\u043b:+902122523833\/\" target=\"_blank\"><i class=\"fa fa-phone\"><\/i><\/a><\/li><li><a class=\"social-youtube\" href=\"https:\/\/www.youtube.com\/channel\/UCAOkwuYxJuOqiYAj1Vy5JIg\" target=\"_blank\" rel=\"nofollow noopener\"><i class=\"fa fa-youtube-play\"><\/i><\/a><\/li><\/ul><\/div> <!-- .team-social-wrap --><\/div><!-- .team-inner --><\/div><!-- .col \/ .owl-carousel-item \/ .isotope --><\/div><!-- .row --><div class=\"row\"><div class=\"col-lg-4 col-md-4\" ><div class=\"team-inner\"><div class=\"post-thumb\"><a href=\"https:\/\/rapid.com.tr\/bg\/%d0%b5%d0%ba%d0%b8%d0%bf\/ceylan-uskuner\/\" class=\"post-image-link\"><img decoding=\"async\" src=\"https:\/\/rapid.com.tr\/wp-content\/uploads\/2025\/03\/ceylan-usnuker-scaled-e1741770195977.avif\" title=\"ceylan \u00fcsn\u00fcker\" alt=\"\" class=\"img-fluid rounded img-fluid rounded img-fluid rounded img-fluid rounded\"><\/a><\/div><!-- .post-thumb --><div class=\"entry-title\"><h4 class=\"post-title-head\"><a href=\"https:\/\/rapid.com.tr\/bg\/%d0%b5%d0%ba%d0%b8%d0%bf\/ceylan-uskuner\/\" class=\"post-title\">Ceylan Uskuner<\/a><\/h4><\/div><!-- .entry-title --><div class=\"team-designation\">\u0420\u0435\u0446\u0435\u043f\u0446\u0438\u043e\u043d\u0438\u0441\u0442<\/div><!-- .team-designation --><div class=\"team-social-wrap clearfix\"><ul class=\"nav social-icons team-socialsocial-circled social-white social-h-white social-bg-transparent social-hbg-own\"><li><a class=\"social-instagram\" href=\"\/bg\/\u0442\u0435\u043b:+902122523833\/\" target=\"_blank\"><i class=\"fa fa-phone\"><\/i><\/a><\/li><\/ul><\/div> <!-- .team-social-wrap --><\/div><!-- .team-inner --><\/div><!-- .col \/ .owl-carousel-item \/ .isotope --><\/div><!-- .row -->\t\t\t\n\t\t<\/div>\n\t\t\t\t<\/div>\n\t\t\t\t\t<\/div>\n\t\t<\/div>\n\t\t\t\t\t<\/div>\n\t\t<\/section>\n\t\t\t\t<\/div>","protected":false},"excerpt":{"rendered":"<p>Erdal B\u00fcy\u00fck\u00e7olak Admistrative Affairs Responsible Muharrem Filik Admistrative Affairs..<\/p>","protected":false},"author":1,"featured_media":0,"parent":0,"menu_order":3,"comment_status":"closed","ping_status":"closed","template":"","meta":{"footnotes":""},"class_list":["post-44480","page","type-page","status-publish","hentry"],"_links":{"self":[{"href":"https:\/\/rapid.com.tr\/bg\/wp-json\/wp\/v2\/pages\/44480","targetHints":{"allow":["GET"]}}],"collection":[{"href":"https:\/\/rapid.com.tr\/bg\/wp-json\/wp\/v2\/pages"}],"about":[{"href":"https:\/\/rapid.com.tr\/bg\/wp-json\/wp\/v2\/types\/page"}],"author":[{"embeddable":true,"href":"https:\/\/rapid.com.tr\/bg\/wp-json\/wp\/v2\/users\/1"}],"replies":[{"embeddable":true,"href":"https:\/\/rapid.com.tr\/bg\/wp-json\/wp\/v2\/comments?post=44480"}],"version-history":[{"count":17,"href":"https:\/\/rapid.com.tr\/bg\/wp-json\/wp\/v2\/pages\/44480\/revisions"}],"predecessor-version":[{"id":46660,"href":"https:\/\/rapid.com.tr\/bg\/wp-json\/wp\/v2\/pages\/44480\/revisions\/46660"}],"wp:attachment":[{"href":"https:\/\/rapid.com.tr\/bg\/wp-json\/wp\/v2\/media?parent=44480"}],"curies":[{"name":"wp","href":"https:\/\/api.w.org\/{rel}","templated":true}]}}