{"id":44482,"date":"2023-09-18T03:17:31","date_gmt":"2023-09-18T00:17:31","guid":{"rendered":"https:\/\/rapid.com.tr\/?page_id=44482"},"modified":"2024-05-09T09:33:32","modified_gmt":"2024-05-09T06:33:32","slug":"%d1%84%d0%b8%d0%bd%d0%b0%d0%bd%d1%81%d0%be%d0%b2","status":"publish","type":"page","link":"https:\/\/rapid.com.tr\/bg\/%d1%84%d0%b8%d0%bd%d0%b0%d0%bd%d1%81%d0%be%d0%b2\/","title":{"rendered":"\u0424\u0438\u043d\u0430\u043d\u0441\u043e\u0432"},"content":{"rendered":"<div data-elementor-type=\"wp-page\" data-elementor-id=\"44482\" class=\"elementor elementor-44482\" data-elementor-post-type=\"page\">\n\t\t\t\t\t\t<section class=\"elementor-section elementor-top-section elementor-element elementor-element-e9cd0a6 elementor-section-content-middle elementor-section-full_width elementor-section-height-default elementor-section-height-default\" data-id=\"e9cd0a6\" data-element_type=\"section\" data-e-type=\"section\">\n\t\t\t\t\t\t<div class=\"elementor-container elementor-column-gap-extended\">\n\t\t\t\t\t<div class=\"elementor-column elementor-col-100 elementor-top-column elementor-element elementor-element-1554b18\" data-id=\"1554b18\" data-element_type=\"column\" data-e-type=\"column\">\n\t\t\t<div class=\"elementor-widget-wrap elementor-element-populated\">\n\t\t\t\t\t\t<div class=\"elementor-element elementor-element-2b25a4d elementor-widget elementor-widget-ceateam\" data-id=\"2b25a4d\" data-element_type=\"widget\" data-e-type=\"widget\" data-widget_type=\"ceateam.default\">\n\t\t\t\t\n\t\t<div class=\"elementor-widget-container team-wrapper team-style-modern team-light team-normal-model\">\n\t\t\n\t\t\t<div class=\"row\"><div class=\"col-lg-4 col-md-4\" ><div class=\"team-inner\"><div class=\"post-thumb\"><a href=\"https:\/\/rapid.com.tr\/bg\/%d0%b5%d0%ba%d0%b8%d0%bf\/%d0%b0%d1%80%d0%b7%d1%83-%d1%82%d0%be%d0%ba%d0%b1%d0%b0%d0%b9%d0%bb%d0%b0%d1%80-%d0%b4%d0%b8%d0%bb%d0%bc%d0%b5%d0%bd\/\" class=\"post-image-link\"><img decoding=\"async\" src=\"https:\/\/rapid.com.tr\/wp-content\/uploads\/2023\/09\/Arzu-Dilmen-Tokbaylar-2-scaled.webp\" title=\"Arzu Dilmen Tokbaylar (2)\" alt=\"\" class=\"img-fluid rounded\"><\/a><\/div><!-- .post-thumb --><div class=\"entry-title\"><h4 class=\"post-title-head\"><a href=\"https:\/\/rapid.com.tr\/bg\/%d0%b5%d0%ba%d0%b8%d0%bf\/%d0%b0%d1%80%d0%b7%d1%83-%d1%82%d0%be%d0%ba%d0%b1%d0%b0%d0%b9%d0%bb%d0%b0%d1%80-%d0%b4%d0%b8%d0%bb%d0%bc%d0%b5%d0%bd\/\" class=\"post-title\">\u0410\u0440\u0437\u0443 \u0414\u0438\u043b\u043c\u0435\u043d \u0422\u043e\u043a\u0431\u0430\u0439\u043b\u0430\u0440<\/a><\/h4><\/div><!-- .entry-title --><div class=\"team-designation\">\u041c\u0435\u043d\u0438\u0434\u0436\u044a\u0440 \u0444\u0438\u043d\u0430\u043d\u0441\u043e\u0432\u0438 \u0438 \u0430\u0434\u043c\u0438\u043d\u0438\u0441\u0442\u0440\u0430\u0442\u0438\u0432\u043d\u0438 \u0432\u044a\u043f\u0440\u043e\u0441\u0438<\/div><!-- .team-designation --><div class=\"team-social-wrap clearfix\"><ul class=\"nav social-icons team-socialsocial-circled social-white social-h-white social-bg-transparent social-hbg-own\"><li><a class=\"social-twitter\" href=\"mailto:arzudilmen@rapid.com.tr\" target=\"_blank\"><i class=\"fa fa-envelope\"><\/i><\/a><\/li><li><a class=\"social-instagram\" href=\"\/bg\/\u0442\u0435\u043b:+905428318326\/\" target=\"_blank\"><i class=\"fa fa-phone\"><\/i><\/a><\/li><\/ul><\/div> <!-- .team-social-wrap --><\/div><!-- .team-inner --><\/div><!-- .col \/ .owl-carousel-item \/ .isotope --><div class=\"col-lg-4 col-md-4\" ><div class=\"team-inner\"><div class=\"post-thumb\"><a href=\"https:\/\/rapid.com.tr\/bg\/%d0%b5%d0%ba%d0%b8%d0%bf\/%d0%b4%d0%b5%d1%80%d0%b8%d1%8f-%d0%b4%d0%b5%d0%bc%d0%b8%d1%80%d1%85%d0%b0%d0%bd\/\" class=\"post-image-link\"><img decoding=\"async\" src=\"https:\/\/rapid.com.tr\/wp-content\/uploads\/2023\/09\/Derya-Demirhan-scaled.webp\" title=\"\u0414\u0435\u0440\u0438\u044f \u0414\u0435\u043c\u0438\u0440\u0445\u0430\u043d\" alt=\"\" class=\"img-fluid rounded img-fluid rounded\"><\/a><\/div><!-- .post-thumb --><div class=\"entry-title\"><h4 class=\"post-title-head\"><a href=\"https:\/\/rapid.com.tr\/bg\/%d0%b5%d0%ba%d0%b8%d0%bf\/%d0%b4%d0%b5%d1%80%d0%b8%d1%8f-%d0%b4%d0%b5%d0%bc%d0%b8%d1%80%d1%85%d0%b0%d0%bd\/\" class=\"post-title\">\u0414\u0435\u0440\u0438\u044f \u0414\u0435\u043c\u0438\u0440\u0445\u0430\u043d<\/a><\/h4><\/div><!-- .entry-title --><div class=\"team-designation\">\u0414\u0438\u0440\u0435\u043a\u0442\u043e\u0440 \u043f\u043e \u0444\u0438\u043d\u0430\u043d\u0441\u043e\u0432\u0438\u0442\u0435 \u0432\u044a\u043f\u0440\u043e\u0441\u0438<\/div><!-- .team-designation --><div class=\"team-social-wrap clearfix\"><ul class=\"nav social-icons team-socialsocial-circled social-white social-h-white social-bg-transparent social-hbg-own\"><li><a class=\"social-twitter\" href=\"mailto:derya.demirhan@rapid.com.tr\" target=\"_blank\"><i class=\"fa fa-envelope\"><\/i><\/a><\/li><li><a class=\"social-instagram\" href=\"\/bg\/\u0442\u0435\u043b:+905436284668\/\" target=\"_blank\"><i class=\"fa fa-phone\"><\/i><\/a><\/li><\/ul><\/div> <!-- .team-social-wrap --><\/div><!-- .team-inner --><\/div><!-- .col \/ .owl-carousel-item \/ .isotope --><div class=\"col-lg-4 col-md-4\" ><div class=\"team-inner\"><div class=\"post-thumb\"><a href=\"https:\/\/rapid.com.tr\/bg\/%d0%b5%d0%ba%d0%b8%d0%bf\/%d0%ba%d0%b5%d0%bd%d0%b0%d0%bd-%d1%88%d0%b0%d1%85%d0%b8%d0%bd\/\" class=\"post-image-link\"><img decoding=\"async\" src=\"https:\/\/rapid.com.tr\/wp-content\/uploads\/2023\/09\/Kenan-Bey-scaled-e1705480609512.webp\" title=\"\u041a\u0435\u043d\u0430\u043d \u0411\u0435\u0439\" alt=\"\" class=\"img-fluid rounded img-fluid rounded img-fluid rounded\"><\/a><\/div><!-- .post-thumb --><div class=\"entry-title\"><h4 class=\"post-title-head\"><a href=\"https:\/\/rapid.com.tr\/bg\/%d0%b5%d0%ba%d0%b8%d0%bf\/%d0%ba%d0%b5%d0%bd%d0%b0%d0%bd-%d1%88%d0%b0%d1%85%d0%b8%d0%bd\/\" class=\"post-title\">\u041a\u0435\u043d\u0430\u043d \u0428\u0430\u0445\u0438\u043d<\/a><\/h4><\/div><!-- .entry-title --><div class=\"team-designation\">\u0424\u0438\u043d\u0430\u043d\u0441\u043e\u0432 \u043c\u0435\u043d\u0438\u0434\u0436\u044a\u0440<\/div><!-- .team-designation --><div class=\"team-social-wrap clearfix\"><ul class=\"nav social-icons team-socialsocial-circled social-white social-h-white social-bg-transparent social-hbg-own\"><li><a class=\"social-twitter\" href=\"mailto:kenan.sahin@rapid.com.tr\" target=\"_blank\"><i class=\"fa fa-envelope\"><\/i><\/a><\/li><li><a class=\"social-instagram\" href=\"\/bg\/\u0442\u0435\u043b:+905423579792\/\" target=\"_blank\"><i class=\"fa fa-phone\"><\/i><\/a><\/li><\/ul><\/div> <!-- .team-social-wrap --><\/div><!-- .team-inner --><\/div><!-- .col \/ .owl-carousel-item \/ .isotope --><\/div><!-- .row --><div class=\"row\"><div class=\"col-lg-4 col-md-4\" ><div class=\"team-inner\"><div class=\"post-thumb\"><a href=\"https:\/\/rapid.com.tr\/bg\/%d0%b5%d0%ba%d0%b8%d0%bf\/cem-gumus\/\" class=\"post-image-link\"><img decoding=\"async\" src=\"https:\/\/rapid.com.tr\/wp-content\/uploads\/2023\/09\/Cem-Bey-scaled-e1705480632450.webp\" title=\"Cem Bey\" alt=\"\" class=\"img-fluid rounded img-fluid rounded img-fluid rounded img-fluid rounded\"><\/a><\/div><!-- .post-thumb --><div class=\"entry-title\"><h4 class=\"post-title-head\"><a href=\"https:\/\/rapid.com.tr\/bg\/%d0%b5%d0%ba%d0%b8%d0%bf\/cem-gumus\/\" class=\"post-title\">\u0414\u0436\u0435\u043c \u0413\u044e\u043c\u044e\u0448<\/a><\/h4><\/div><!-- .entry-title --><div class=\"team-designation\">\u0421\u043f\u0435\u0446\u0438\u0430\u043b\u0438\u0441\u0442 \u043f\u043e \u043e\u0431\u0449\u043e \u0441\u0447\u0435\u0442\u043e\u0432\u043e\u0434\u0441\u0442\u0432\u043e<\/div><!-- .team-designation --><div class=\"team-social-wrap clearfix\"><ul class=\"nav social-icons team-socialsocial-circled social-white social-h-white social-bg-transparent social-hbg-own\"><li><a class=\"social-twitter\" href=\"mailto:cem.gumus@rapid.com.tr\" target=\"_blank\"><i class=\"fa fa-envelope\"><\/i><\/a><\/li><li><a class=\"social-instagram\" href=\"\/bg\/\u0442\u0435\u043b:+902122523833\/\" target=\"_blank\"><i class=\"fa fa-phone\"><\/i><\/a><\/li><\/ul><\/div> <!-- .team-social-wrap --><\/div><!-- .team-inner --><\/div><!-- .col \/ .owl-carousel-item \/ .isotope --><div class=\"col-lg-4 col-md-4\" ><div class=\"team-inner\"><div class=\"post-thumb\"><a href=\"https:\/\/rapid.com.tr\/bg\/%d0%b5%d0%ba%d0%b8%d0%bf\/%d0%b4%d1%83%d0%b9%d0%b3%d1%83-%d0%b0%d0%bb%d1%82%d1%8a%d0%bd%d0%b1%d0%b0%d1%81\/\" class=\"post-image-link\"><img decoding=\"async\" src=\"https:\/\/rapid.com.tr\/wp-content\/uploads\/2023\/09\/Duygu-Hnm-1-scaled-e1705480866407.webp\" title=\"Duygu Hnm\" alt=\"\" class=\"img-fluid rounded img-fluid rounded img-fluid rounded img-fluid rounded img-fluid rounded\"><\/a><\/div><!-- .post-thumb --><div class=\"entry-title\"><h4 class=\"post-title-head\"><a href=\"https:\/\/rapid.com.tr\/bg\/%d0%b5%d0%ba%d0%b8%d0%bf\/%d0%b4%d1%83%d0%b9%d0%b3%d1%83-%d0%b0%d0%bb%d1%82%d1%8a%d0%bd%d0%b1%d0%b0%d1%81\/\" class=\"post-title\">\u0414\u0443\u0439\u0433\u0443 \u0410\u043b\u0442\u044a\u043d\u0431\u0430\u0448<\/a><\/h4><\/div><!-- .entry-title --><div class=\"team-designation\">\u0421\u0447\u0435\u0442\u043e\u0432\u043e\u0434\u0435\u043d \u0441\u043f\u0435\u0446\u0438\u0430\u043b\u0438\u0441\u0442<\/div><!-- .team-designation --><div class=\"team-social-wrap clearfix\"><ul class=\"nav social-icons team-socialsocial-circled social-white social-h-white social-bg-transparent social-hbg-own\"><li><a class=\"social-twitter\" href=\"mailto:duygu.altinbas@rapid.com.tr\" target=\"_blank\"><i class=\"fa fa-envelope\"><\/i><\/a><\/li><li><a class=\"social-instagram\" href=\"\/bg\/\u0442\u0435\u043b:+905494356857\/\" target=\"_blank\"><i class=\"fa fa-phone\"><\/i><\/a><\/li><\/ul><\/div> <!-- .team-social-wrap --><\/div><!-- .team-inner --><\/div><!-- .col \/ .owl-carousel-item \/ .isotope --><div class=\"col-lg-4 col-md-4\" ><div class=\"team-inner\"><div class=\"post-thumb\"><a href=\"https:\/\/rapid.com.tr\/bg\/%d0%b5%d0%ba%d0%b8%d0%bf\/%d0%b8%d1%80%d0%b8%d0%bd%d0%b0-%d1%81%d1%82%d1%80%d0%b5%d0%bb%d1%87%d0%b5%d0%bd%d0%ba%d0%be\/\" class=\"post-image-link\"><img decoding=\"async\" src=\"https:\/\/rapid.com.tr\/wp-content\/uploads\/2023\/09\/Irina-Muhasebe-1-scaled-e1705480899674.webp\" title=\"\u0418\u0440\u0438\u043d\u0430 \u041c\u0443\u0445\u0430\u0441\u0435\u0431\u0435\" alt=\"\" class=\"img-fluid rounded img-fluid rounded img-fluid rounded img-fluid rounded img-fluid rounded img-fluid rounded\"><\/a><\/div><!-- .post-thumb --><div class=\"entry-title\"><h4 class=\"post-title-head\"><a href=\"https:\/\/rapid.com.tr\/bg\/%d0%b5%d0%ba%d0%b8%d0%bf\/%d0%b8%d1%80%d0%b8%d0%bd%d0%b0-%d1%81%d1%82%d1%80%d0%b5%d0%bb%d1%87%d0%b5%d0%bd%d0%ba%d0%be\/\" class=\"post-title\">\u0418\u0440\u0438\u043d\u0430 \u0421\u0442\u0440\u0435\u043b\u0447\u0435\u043d\u043a\u043e<\/a><\/h4><\/div><!-- .entry-title --><div class=\"team-designation\">\u0421\u0447\u0435\u0442\u043e\u0432\u043e\u0434\u0435\u043d \u0441\u043f\u0435\u0446\u0438\u0430\u043b\u0438\u0441\u0442<\/div><!-- .team-designation --><div class=\"team-social-wrap clearfix\"><ul class=\"nav social-icons team-socialsocial-circled social-white social-h-white social-bg-transparent social-hbg-own\"><li><a class=\"social-twitter\" href=\"mailto:irina.strelchenko@rapid.com.tr\" target=\"_blank\"><i class=\"fa fa-envelope\"><\/i><\/a><\/li><li><a class=\"social-instagram\" href=\"\/bg\/\u0442\u0435\u043b:+905462213394\/\" target=\"_blank\"><i class=\"fa fa-phone\"><\/i><\/a><\/li><\/ul><\/div> <!-- .team-social-wrap --><\/div><!-- .team-inner --><\/div><!-- .col \/ .owl-carousel-item \/ .isotope --><\/div><!-- .row --><div class=\"row\"><div class=\"col-lg-4 col-md-4\" ><div class=\"team-inner\"><div class=\"post-thumb\"><a href=\"https:\/\/rapid.com.tr\/bg\/%d0%b5%d0%ba%d0%b8%d0%bf\/%d0%bc%d1%83%d1%85%d0%b0%d0%bc%d0%b5%d1%82-%d0%ba%d0%b0%d0%bb%d0%b5%d0%bc\/\" class=\"post-image-link\"><img decoding=\"async\" src=\"https:\/\/rapid.com.tr\/wp-content\/uploads\/2023\/09\/Muhammed-Bey-scaled-e1705481016840.webp\" title=\"\u041c\u043e\u0445\u0430\u043c\u0435\u0434 \u0411\u0435\u0439\" alt=\"\" class=\"img-fluid rounded img-fluid rounded img-fluid rounded img-fluid rounded img-fluid rounded img-fluid rounded img-fluid rounded\"><\/a><\/div><!-- .post-thumb --><div class=\"entry-title\"><h4 class=\"post-title-head\"><a href=\"https:\/\/rapid.com.tr\/bg\/%d0%b5%d0%ba%d0%b8%d0%bf\/%d0%bc%d1%83%d1%85%d0%b0%d0%bc%d0%b5%d1%82-%d0%ba%d0%b0%d0%bb%d0%b5%d0%bc\/\" class=\"post-title\">\u041c\u0443\u0445\u0430\u043c\u0435\u0442 \u041a\u0430\u043b\u0435\u043c<\/a><\/h4><\/div><!-- .entry-title --><div class=\"team-designation\">\u041f\u043e\u043c\u043e\u0449\u043d\u0438\u043a \u0441\u0447\u0435\u0442\u043e\u0432\u043e\u0434\u0435\u043d \u0435\u043a\u0441\u043f\u0435\u0440\u0442<\/div><!-- .team-designation --><div class=\"team-social-wrap clearfix\"><ul class=\"nav social-icons team-socialsocial-circled social-white social-h-white social-bg-transparent social-hbg-own\"><li><a class=\"social-twitter\" href=\"mailto:muhammet.kalem@rapid.com.tr\" target=\"_blank\"><i class=\"fa fa-envelope\"><\/i><\/a><\/li><li><a class=\"social-instagram\" href=\"\/bg\/\u0442\u0435\u043b:+902122523833\/\" target=\"_blank\"><i class=\"fa fa-phone\"><\/i><\/a><\/li><\/ul><\/div> <!-- .team-social-wrap --><\/div><!-- .team-inner --><\/div><!-- .col \/ .owl-carousel-item \/ .isotope --><div class=\"col-lg-4 col-md-4\" ><div class=\"team-inner\"><div class=\"post-thumb\"><a href=\"https:\/\/rapid.com.tr\/bg\/%d0%b5%d0%ba%d0%b8%d0%bf\/%d1%83%d0%b3%d1%83%d1%80\/\" class=\"post-image-link\"><img decoding=\"async\" src=\"https:\/\/rapid.com.tr\/wp-content\/uploads\/2023\/09\/Ugur-Bey-scaled-e1705481050345.webp\" title=\"\u0423\u0433\u0443\u0440 \u0411\u0435\u0439\" alt=\"\" class=\"img-fluid rounded img-fluid rounded img-fluid rounded img-fluid rounded img-fluid rounded img-fluid rounded img-fluid rounded img-fluid rounded\"><\/a><\/div><!-- .post-thumb --><div class=\"entry-title\"><h4 class=\"post-title-head\"><a href=\"https:\/\/rapid.com.tr\/bg\/%d0%b5%d0%ba%d0%b8%d0%bf\/%d1%83%d0%b3%d1%83%d1%80\/\" class=\"post-title\">U\u011fur \u00dcst\u00fcn<\/a><\/h4><\/div><!-- .entry-title --><div class=\"team-designation\">\u0421\u0447\u0435\u0442\u043e\u0432\u043e\u0434\u0435\u043d \u0441\u043f\u0435\u0446\u0438\u0430\u043b\u0438\u0441\u0442<\/div><!-- .team-designation --><div class=\"team-social-wrap clearfix\"><ul class=\"nav social-icons team-socialsocial-circled social-white social-h-white social-bg-transparent social-hbg-own\"><li><a class=\"social-twitter\" href=\"mailto:ugur.ustun@rapid.com.tr\" target=\"_blank\"><i class=\"fa fa-envelope\"><\/i><\/a><\/li><li><a class=\"social-instagram\" href=\"\/bg\/\u0442\u0435\u043b:+902122523833\/\" target=\"_blank\"><i class=\"fa fa-phone\"><\/i><\/a><\/li><\/ul><\/div> <!-- .team-social-wrap --><\/div><!-- .team-inner --><\/div><!-- .col \/ .owl-carousel-item \/ .isotope --><div class=\"col-lg-4 col-md-4\" ><div class=\"team-inner\"><div class=\"post-thumb\"><a href=\"https:\/\/rapid.com.tr\/bg\/%d0%b5%d0%ba%d0%b8%d0%bf\/%d1%81%d0%b5%d0%bb%d0%b4%d0%b0-%d1%85%d1%80%d0%b0%d0%bc%d0%b0%d0%bd\/\" class=\"post-image-link\"><img decoding=\"async\" src=\"https:\/\/rapid.com.tr\/wp-content\/uploads\/2023\/09\/Selda-Kahraman-scaled.webp\" title=\"\u0421\u0435\u043b\u0434\u0430 \u041a\u0430\u0445\u0440\u0430\u043c\u0430\u043d\" alt=\"\" class=\"img-fluid rounded img-fluid rounded img-fluid rounded img-fluid rounded img-fluid rounded img-fluid rounded img-fluid rounded img-fluid rounded img-fluid rounded\"><\/a><\/div><!-- .post-thumb --><div class=\"entry-title\"><h4 class=\"post-title-head\"><a href=\"https:\/\/rapid.com.tr\/bg\/%d0%b5%d0%ba%d0%b8%d0%bf\/%d1%81%d0%b5%d0%bb%d0%b4%d0%b0-%d1%85%d1%80%d0%b0%d0%bc%d0%b0%d0%bd\/\" class=\"post-title\">\u0421\u0435\u043b\u0434\u0430 \u041a\u0430\u0445\u0440\u0430\u043c\u0430\u043d<\/a><\/h4><\/div><!-- .entry-title --><div class=\"team-designation\">\u0421\u0447\u0435\u0442\u043e\u0432\u043e\u0434\u0435\u043d \u0441\u043f\u0435\u0446\u0438\u0430\u043b\u0438\u0441\u0442<\/div><!-- .team-designation --><div class=\"team-social-wrap clearfix\"><ul class=\"nav social-icons team-socialsocial-circled social-white social-h-white social-bg-transparent social-hbg-own\"><li><a class=\"social-twitter\" href=\"mailto:selda.kahraman@rapid.com.tr\" target=\"_blank\"><i class=\"fa fa-envelope\"><\/i><\/a><\/li><li><a class=\"social-instagram\" href=\"\/bg\/\u0442\u0435\u043b:+905453498716\/\" target=\"_blank\"><i class=\"fa fa-phone\"><\/i><\/a><\/li><\/ul><\/div> <!-- .team-social-wrap --><\/div><!-- .team-inner --><\/div><!-- .col \/ .owl-carousel-item \/ .isotope --><\/div><!-- .row -->\t\t\t\n\t\t<\/div>\n\t\t\t\t<\/div>\n\t\t\t\t\t<\/div>\n\t\t<\/div>\n\t\t\t\t\t<\/div>\n\t\t<\/section>\n\t\t\t\t<\/div>","protected":false},"excerpt":{"rendered":"<p>Arzu Dilmen Tokbaylar Financial and Administrative Affairs Manager Derya..<\/p>","protected":false},"author":1,"featured_media":0,"parent":0,"menu_order":10,"comment_status":"closed","ping_status":"closed","template":"","meta":{"footnotes":""},"class_list":["post-44482","page","type-page","status-publish","hentry"],"_links":{"self":[{"href":"https:\/\/rapid.com.tr\/bg\/wp-json\/wp\/v2\/pages\/44482","targetHints":{"allow":["GET"]}}],"collection":[{"href":"https:\/\/rapid.com.tr\/bg\/wp-json\/wp\/v2\/pages"}],"about":[{"href":"https:\/\/rapid.com.tr\/bg\/wp-json\/wp\/v2\/types\/page"}],"author":[{"embeddable":true,"href":"https:\/\/rapid.com.tr\/bg\/wp-json\/wp\/v2\/users\/1"}],"replies":[{"embeddable":true,"href":"https:\/\/rapid.com.tr\/bg\/wp-json\/wp\/v2\/comments?post=44482"}],"version-history":[{"count":36,"href":"https:\/\/rapid.com.tr\/bg\/wp-json\/wp\/v2\/pages\/44482\/revisions"}],"predecessor-version":[{"id":46499,"href":"https:\/\/rapid.com.tr\/bg\/wp-json\/wp\/v2\/pages\/44482\/revisions\/46499"}],"wp:attachment":[{"href":"https:\/\/rapid.com.tr\/bg\/wp-json\/wp\/v2\/media?parent=44482"}],"curies":[{"name":"wp","href":"https:\/\/api.w.org\/{rel}","templated":true}]}}