{"id":44488,"date":"2023-09-18T03:15:40","date_gmt":"2023-09-18T00:15:40","guid":{"rendered":"https:\/\/rapid.com.tr\/?page_id=44488"},"modified":"2024-05-09T09:34:42","modified_gmt":"2024-05-09T06:34:42","slug":"%d0%be%d1%82%d0%b1%d0%be%d1%80-%d0%bd%d0%b0-%d0%bf%d0%be%d0%bb%d1%88%d0%b0-2","status":"publish","type":"page","link":"https:\/\/rapid.com.tr\/bg\/%d0%be%d1%82%d0%b1%d0%be%d1%80-%d0%bd%d0%b0-%d0%bf%d0%be%d0%bb%d1%88%d0%b0-2\/","title":{"rendered":"\u041f\u043e\u043b\u0448\u0430"},"content":{"rendered":"<div data-elementor-type=\"wp-page\" data-elementor-id=\"44488\" class=\"elementor elementor-44488\" data-elementor-post-type=\"page\">\n\t\t\t\t\t\t<section class=\"elementor-section elementor-top-section elementor-element elementor-element-e9cd0a6 elementor-section-content-middle elementor-section-full_width elementor-section-height-default elementor-section-height-default\" data-id=\"e9cd0a6\" data-element_type=\"section\" data-e-type=\"section\">\n\t\t\t\t\t\t<div class=\"elementor-container elementor-column-gap-extended\">\n\t\t\t\t\t<div class=\"elementor-column elementor-col-100 elementor-top-column elementor-element elementor-element-1554b18\" data-id=\"1554b18\" data-element_type=\"column\" data-e-type=\"column\">\n\t\t\t<div class=\"elementor-widget-wrap elementor-element-populated\">\n\t\t\t\t\t\t<div class=\"elementor-element elementor-element-2b25a4d elementor-widget elementor-widget-ceateam\" data-id=\"2b25a4d\" data-element_type=\"widget\" data-e-type=\"widget\" data-widget_type=\"ceateam.default\">\n\t\t\t\t\n\t\t<div class=\"elementor-widget-container team-wrapper team-style-modern team-light team-normal-model\">\n\t\t\n\t\t\t<div class=\"row\"><div class=\"col-lg-4 col-md-4\" ><div class=\"team-inner\"><div class=\"post-thumb\"><a href=\"https:\/\/rapid.com.tr\/bg\/%d0%b5%d0%ba%d0%b8%d0%bf\/%d0%b0%d1%81%d0%bb%d0%b8-%d0%ba%d0%be%d1%81%d0%b5\/\" class=\"post-image-link\"><img decoding=\"async\" src=\"https:\/\/rapid.com.tr\/wp-content\/uploads\/2023\/09\/Asli-Kose-scaled-e1704888607977.webp\" title=\"\u0410\u0441\u043b\u044a \u041a\u044c\u043e\u0441\u0435\" alt=\"\" class=\"img-fluid rounded\"><\/a><\/div><!-- .post-thumb --><div class=\"entry-title\"><h4 class=\"post-title-head\"><a href=\"https:\/\/rapid.com.tr\/bg\/%d0%b5%d0%ba%d0%b8%d0%bf\/%d0%b0%d1%81%d0%bb%d0%b8-%d0%ba%d0%be%d1%81%d0%b5\/\" class=\"post-title\">\u0410\u0441\u043b\u044a \u041a\u044c\u043e\u0441\u0435<\/a><\/h4><\/div><!-- .entry-title --><div class=\"team-designation\">\u041f\u0440\u0435\u0434\u0441\u0442\u0430\u0432\u0438\u0442\u0435\u043b \u043d\u0430 \u043a\u043b\u0438\u0435\u043d\u0442\u0430<\/div><!-- .team-designation --><div class=\"team-social-wrap clearfix\"><ul class=\"nav social-icons team-socialsocial-circled social-white social-h-white social-bg-transparent social-hbg-own\"><li><a class=\"social-twitter\" href=\"mailto:asli.kose@rapid.com.tr\" target=\"_blank\"><i class=\"fa fa-envelope\"><\/i><\/a><\/li><li><a class=\"social-instagram\" href=\"\/bg\/\u0442\u0435\u043b:+905306211151\/\" target=\"_blank\"><i class=\"fa fa-phone\"><\/i><\/a><\/li><\/ul><\/div> <!-- .team-social-wrap --><\/div><!-- .team-inner --><\/div><!-- .col \/ .owl-carousel-item \/ .isotope --><\/div><!-- .row -->\t\t\t\n\t\t<\/div>\n\t\t\t\t<\/div>\n\t\t\t\t\t<\/div>\n\t\t<\/div>\n\t\t\t\t\t<\/div>\n\t\t<\/section>\n\t\t\t\t<\/div>","protected":false},"excerpt":{"rendered":"<p>Asl\u0131 K\u00f6se Customer Representative \u0130rina Zdrojewska Poland Office Manager..<\/p>","protected":false},"author":1,"featured_media":0,"parent":0,"menu_order":21,"comment_status":"closed","ping_status":"closed","template":"","meta":{"footnotes":""},"class_list":["post-44488","page","type-page","status-publish","hentry"],"_links":{"self":[{"href":"https:\/\/rapid.com.tr\/bg\/wp-json\/wp\/v2\/pages\/44488","targetHints":{"allow":["GET"]}}],"collection":[{"href":"https:\/\/rapid.com.tr\/bg\/wp-json\/wp\/v2\/pages"}],"about":[{"href":"https:\/\/rapid.com.tr\/bg\/wp-json\/wp\/v2\/types\/page"}],"author":[{"embeddable":true,"href":"https:\/\/rapid.com.tr\/bg\/wp-json\/wp\/v2\/users\/1"}],"replies":[{"embeddable":true,"href":"https:\/\/rapid.com.tr\/bg\/wp-json\/wp\/v2\/comments?post=44488"}],"version-history":[{"count":14,"href":"https:\/\/rapid.com.tr\/bg\/wp-json\/wp\/v2\/pages\/44488\/revisions"}],"predecessor-version":[{"id":46483,"href":"https:\/\/rapid.com.tr\/bg\/wp-json\/wp\/v2\/pages\/44488\/revisions\/46483"}],"wp:attachment":[{"href":"https:\/\/rapid.com.tr\/bg\/wp-json\/wp\/v2\/media?parent=44488"}],"curies":[{"name":"wp","href":"https:\/\/api.w.org\/{rel}","templated":true}]}}