{"id":28041,"date":"2023-02-09T07:57:41","date_gmt":"2023-02-09T04:57:41","guid":{"rendered":"https:\/\/wordpress.zozothemes.com\/tranzkart\/who-we-are-copy\/"},"modified":"2025-03-17T16:58:44","modified_gmt":"2025-03-17T13:58:44","slug":"historia","status":"publish","type":"page","link":"https:\/\/rapid.com.tr\/pl\/historia\/","title":{"rendered":"Historia"},"content":{"rendered":"<div data-elementor-type=\"wp-page\" data-elementor-id=\"28041\" class=\"elementor elementor-28041\" data-elementor-post-type=\"page\">\n\t\t\t\t\t\t<section class=\"elementor-section elementor-top-section elementor-element elementor-element-42fba68 elementor-section-stretched elementor-section-content-middle elementor-section-boxed elementor-section-height-default elementor-section-height-default\" data-id=\"42fba68\" data-element_type=\"section\" data-e-type=\"section\" data-settings=\"{&quot;stretch_section&quot;:&quot;section-stretched&quot;,&quot;background_background&quot;:&quot;classic&quot;}\">\n\t\t\t\t\t\t\t<div class=\"elementor-background-overlay\"><\/div>\n\t\t\t\t\t\t\t<div class=\"elementor-container elementor-column-gap-default\">\n\t\t\t\t\t<div class=\"elementor-column elementor-col-100 elementor-top-column elementor-element elementor-element-132203da\" data-id=\"132203da\" data-element_type=\"column\" data-e-type=\"column\" data-settings=\"{&quot;background_background&quot;:&quot;classic&quot;}\">\n\t\t\t<div class=\"elementor-widget-wrap elementor-element-populated\">\n\t\t\t\t\t<div class=\"elementor-background-overlay\"><\/div>\n\t\t\t\t\t\t<div class=\"elementor-element elementor-element-2a2a630 cea-align-center cea-separator-type-normal elementor-invisible elementor-widget elementor-widget-ceasectiontitle\" data-id=\"2a2a630\" data-element_type=\"widget\" data-e-type=\"widget\" data-settings=\"{&quot;_animation&quot;:&quot;fadeInUp&quot;}\" data-widget_type=\"ceasectiontitle.default\">\n\t\t\t\t<div class=\"elementor-widget-container\">\n\t\t\t\t\t<div class=\"section-title-wrapper\"><div class=\"title-wrap\"><div class=\"sub-title\">HISTORIA SZYBKIEGO<\/div><h2 class=\"section-title\">Historia naszej firmy<\/h2><div class=\"elementor-divider\"><span class=\"elementor-divider-separator\"><\/span><\/div><\/div><!-- .title-wrap --><div class=\"section-description\"><\/div><!-- .section-description --><\/div><!-- .section-title-wrapper -->\t\t\t\t<\/div>\n\t\t\t\t<\/div>\n\t\t\t\t<section class=\"elementor-section elementor-inner-section elementor-element elementor-element-c97d6ab elementor-section-boxed elementor-section-height-default elementor-section-height-default\" data-id=\"c97d6ab\" data-element_type=\"section\" data-e-type=\"section\">\n\t\t\t\t\t\t<div class=\"elementor-container elementor-column-gap-default\">\n\t\t\t\t\t<div class=\"elementor-column elementor-col-100 elementor-inner-column elementor-element elementor-element-6de038c\" data-id=\"6de038c\" data-element_type=\"column\" data-e-type=\"column\">\n\t\t\t<div class=\"elementor-widget-wrap elementor-element-populated\">\n\t\t\t\t\t\t<div class=\"elementor-element elementor-element-2fe03af elementor-invisible elementor-widget elementor-widget-ceatimeline\" data-id=\"2fe03af\" data-element_type=\"widget\" data-e-type=\"widget\" data-settings=\"{&quot;_animation&quot;:&quot;zoomIn&quot;}\" data-widget_type=\"ceatimeline.default\">\n\t\t\t\t<div class=\"elementor-widget-container\">\n\t\t\t\t\t<div class=\"timeline-wrapper timeline-style-1\"><ul class=\"timeline\"><li class=\"elementor-repeater-item-58f2e01\"><div class=\"timeline-badge rounded-circle\"><i aria-hidden=\"true\" class=\"fas fa-truck\"><\/i><\/div><div class=\"timeline-sep-title\">1965<\/div><div class=\"timeline-panel\"><div class=\"timeline-heading\"><h4 class=\"timeline-title\">Przez Nejat Dilmen Rapid International Transport zosta\u0142 za\u0142o\u017cony.<\/h4><\/div><\/div><\/li><!-- .timeline item li --><li class=\"timeline-inverted elementor-repeater-item-aff146e\"><div class=\"timeline-badge rounded-circle\"><i aria-hidden=\"true\" class=\"fas fa-chart-line\"><\/i><\/div><div class=\"timeline-sep-title\">1970 <\/div><div class=\"timeline-panel\"><div class=\"timeline-heading\"><h4 class=\"timeline-title\">Nasza firma osi\u0105gn\u0119\u0142a pierwsz\u0105 w\u0142asn\u0105 i leasingowan\u0105 flot\u0119 100 pojazd\u00f3w. <\/h4><\/div><\/div><\/li><!-- .timeline item li --><li class=\"elementor-repeater-item-91f3e36\"><div class=\"timeline-badge rounded-circle\"><i aria-hidden=\"true\" class=\"fas fa-sitemap\"><\/i><\/div><div class=\"timeline-sep-title\">1989 <\/div><div class=\"timeline-panel\"><div class=\"timeline-heading\"><h4 class=\"timeline-title\">Po \u015bmierci Nejata Dilmena w 1989 roku, jego \u017cona Ayten Dilmen przej\u0119\u0142a pozycj\u0119 lidera. <\/h4><\/div><\/div><\/li><!-- .timeline item li --><li class=\"timeline-inverted elementor-repeater-item-cc932b1\"><div class=\"timeline-badge rounded-circle\"><i aria-hidden=\"true\" class=\"fas fa-medal\"><\/i><\/div><div class=\"timeline-sep-title\">1992<\/div><div class=\"timeline-panel\"><div class=\"timeline-heading\"><h4 class=\"timeline-title\">Alp Dilmen i Ata Dilmen otworzyli pierwsze mi\u0119dzynarodowe biuro w Rumunii. By\u0142 to pierwszy globalny krok.<\/h4><\/div><\/div><\/li><!-- .timeline item li --><li class=\"elementor-repeater-item-7f1e1f6\"><div class=\"timeline-badge rounded-circle\"><i aria-hidden=\"true\" class=\"fas fa-shipping-fast\"><\/i><\/div><div class=\"timeline-sep-title\">2000<\/div><div class=\"timeline-panel\"><div class=\"timeline-heading\"><h4 class=\"timeline-title\">Lider na rynku przesy\u0142ek Rumunia-Turcja, Turcja-Rumunia. <\/h4><\/div><\/div><\/li><!-- .timeline item li --><li class=\"timeline-inverted elementor-repeater-item-c6f757b\"><div class=\"timeline-badge rounded-circle\"><i aria-hidden=\"true\" class=\"bi-cloud-fog2-fill\"><\/i><\/div><div class=\"timeline-sep-title\">2008<\/div><div class=\"timeline-panel\"><div class=\"timeline-heading\"><h4 class=\"timeline-title\">Wej\u015bcie na rynek Azji \u015arodkowej z regularnymi dostawami do Uzbekistanu, Mo\u0142dawii, Rosji i Kazachstanu. <\/h4><\/div><\/div><\/li><!-- .timeline item li --><li class=\"elementor-repeater-item-be3d56d\"><div class=\"timeline-badge rounded-circle\"><i aria-hidden=\"true\" class=\"fas fa-truck-loading\"><\/i><\/div><div class=\"timeline-sep-title\">2014<\/div><div class=\"timeline-panel\"><div class=\"timeline-heading\"><h4 class=\"timeline-title\">Kazachstan - otwarto biuro w A\u0142maty. <\/h4><\/div><\/div><\/li><!-- .timeline item li --><li class=\"timeline-inverted elementor-repeater-item-92e78a3\"><div class=\"timeline-badge rounded-circle\"><i aria-hidden=\"true\" class=\"bi-cloud-fog2-fill\"><\/i><\/div><div class=\"timeline-sep-title\">2015<\/div><div class=\"timeline-panel\"><div class=\"timeline-heading\"><h4 class=\"timeline-title\">Rosja - otwarto biuro w Moskwie. <\/h4><\/div><\/div><\/li><!-- .timeline item li --><li class=\"elementor-repeater-item-017bbc5\"><div class=\"timeline-badge rounded-circle\"><i aria-hidden=\"true\" class=\"fas fa-truck-loading\"><\/i><\/div><div class=\"timeline-sep-title\">2018<\/div><div class=\"timeline-panel\"><div class=\"timeline-heading\"><h4 class=\"timeline-title\">Mo\u0142dawia - otwarto biuro w Kiszyniowie.<\/h4><\/div><\/div><\/li><!-- .timeline item li --><li class=\"timeline-inverted elementor-repeater-item-0b1ea56\"><div class=\"timeline-badge rounded-circle\"><i aria-hidden=\"true\" class=\"bi-cloud-fog2-fill\"><\/i><\/div><div class=\"timeline-sep-title\">2021<\/div><div class=\"timeline-panel\"><div class=\"timeline-heading\"><h4 class=\"timeline-title\">Uzbekistan - otwarto biuro w Taszkiencie. <\/h4><\/div><\/div><\/li><!-- .timeline item li --><li class=\"elementor-repeater-item-7788aef\"><div class=\"timeline-badge rounded-circle\"><i aria-hidden=\"true\" class=\"fas fa-truck-loading\"><\/i><\/div><div class=\"timeline-sep-title\">2022<\/div><div class=\"timeline-panel\"><div class=\"timeline-heading\"><h4 class=\"timeline-title\">USA - Otwarto biuro w Pittsburghu.<\/h4><\/div><\/div><\/li><!-- .timeline item li --><li class=\"timeline-inverted elementor-repeater-item-d70a3ad\"><div class=\"timeline-badge rounded-circle\"><i aria-hidden=\"true\" class=\"bi-cloud-fog2-fill\"><\/i><\/div><div class=\"timeline-sep-title\">2023<\/div><div class=\"timeline-panel\"><div class=\"timeline-heading\"><h4 class=\"timeline-title\">Otwarto biuro K.Macedonia - Prilep.<\/h4><\/div><\/div><\/li><!-- .timeline item li --><li class=\"elementor-repeater-item-d8c27b2\"><div class=\"timeline-badge rounded-circle\"><i aria-hidden=\"true\" class=\"fas fa-truck-loading\"><\/i><\/div><div class=\"timeline-sep-title\">2024<span>Obecny<\/span><\/div><div class=\"timeline-panel\"><div class=\"timeline-heading\"><h4 class=\"timeline-title\">ZEA - Otwarto biuro w Dubaju.<\/h4><\/div><\/div><\/li><!-- .timeline item li --><\/ul><\/div><!-- .timeline-wrapper -->\t\t\t\t<\/div>\n\t\t\t\t<\/div>\n\t\t\t\t\t<\/div>\n\t\t<\/div>\n\t\t\t\t\t<\/div>\n\t\t<\/section>\n\t\t\t\t\t<\/div>\n\t\t<\/div>\n\t\t\t\t\t<\/div>\n\t\t<\/section>\n\t\t\t\t<\/div>","protected":false},"excerpt":{"rendered":"<p>HISTORY OF RAPID History of our company 1965 By Nejat Dilmen Rapid International Transport was established. 1970 Our company reached its first self-owned and leased fleet of..<\/p>","protected":false},"author":1,"featured_media":0,"parent":0,"menu_order":12,"comment_status":"closed","ping_status":"closed","template":"","meta":{"footnotes":""},"class_list":["post-28041","page","type-page","status-publish","hentry"],"_links":{"self":[{"href":"https:\/\/rapid.com.tr\/pl\/wp-json\/wp\/v2\/pages\/28041","targetHints":{"allow":["GET"]}}],"collection":[{"href":"https:\/\/rapid.com.tr\/pl\/wp-json\/wp\/v2\/pages"}],"about":[{"href":"https:\/\/rapid.com.tr\/pl\/wp-json\/wp\/v2\/types\/page"}],"author":[{"embeddable":true,"href":"https:\/\/rapid.com.tr\/pl\/wp-json\/wp\/v2\/users\/1"}],"replies":[{"embeddable":true,"href":"https:\/\/rapid.com.tr\/pl\/wp-json\/wp\/v2\/comments?post=28041"}],"version-history":[{"count":73,"href":"https:\/\/rapid.com.tr\/pl\/wp-json\/wp\/v2\/pages\/28041\/revisions"}],"predecessor-version":[{"id":46674,"href":"https:\/\/rapid.com.tr\/pl\/wp-json\/wp\/v2\/pages\/28041\/revisions\/46674"}],"wp:attachment":[{"href":"https:\/\/rapid.com.tr\/pl\/wp-json\/wp\/v2\/media?parent=28041"}],"curies":[{"name":"wp","href":"https:\/\/api.w.org\/{rel}","templated":true}]}}