{"id":46404,"date":"2024-04-30T17:45:34","date_gmt":"2024-04-30T14:45:34","guid":{"rendered":"https:\/\/rapid.com.tr\/?page_id=46404"},"modified":"2025-03-19T11:01:50","modified_gmt":"2025-03-19T08:01:50","slug":"misja-wizja-wartosci-2","status":"publish","type":"page","link":"https:\/\/rapid.com.tr\/pl\/misja-wizja-wartosci-2\/","title":{"rendered":"Aktualno\u015bci"},"content":{"rendered":"<div data-elementor-type=\"wp-page\" data-elementor-id=\"46404\" class=\"elementor elementor-46404\" data-elementor-post-type=\"page\">\n\t\t\t\t\t\t<section class=\"elementor-section elementor-top-section elementor-element elementor-element-8fa65fb elementor-section-boxed elementor-section-height-default elementor-section-height-default\" data-id=\"8fa65fb\" data-element_type=\"section\" data-e-type=\"section\">\n\t\t\t\t\t\t<div class=\"elementor-container elementor-column-gap-default\">\n\t\t\t\t\t<div class=\"elementor-column elementor-col-33 elementor-top-column elementor-element elementor-element-e29dbdd\" data-id=\"e29dbdd\" data-element_type=\"column\" data-e-type=\"column\">\n\t\t\t<div class=\"elementor-widget-wrap elementor-element-populated\">\n\t\t\t\t\t\t<div class=\"elementor-element elementor-element-ddfaffb elementor-position-top elementor-widget elementor-widget-image-box\" data-id=\"ddfaffb\" data-element_type=\"widget\" data-e-type=\"widget\" data-widget_type=\"image-box.default\">\n\t\t\t\t<div class=\"elementor-widget-container\">\n\t\t\t\t\t<div class=\"elementor-image-box-wrapper\"><figure class=\"elementor-image-box-img\"><img fetchpriority=\"high\" decoding=\"async\" width=\"481\" height=\"601\" src=\"https:\/\/rapid.com.tr\/wp-content\/uploads\/2025\/03\/TRANSRUSSIA2025.avif\" class=\"attachment-full size-full wp-image-46682 not-transparent\" alt=\"\" srcset=\"https:\/\/rapid.com.tr\/wp-content\/uploads\/2025\/03\/TRANSRUSSIA2025.avif 481w, https:\/\/rapid.com.tr\/wp-content\/uploads\/2025\/03\/TRANSRUSSIA2025-10x12.avif 10w\" sizes=\"(max-width: 481px) 100vw, 481px\" data-has-transparency=\"false\" data-dominant-color=\"796c6a\" style=\"--dominant-color: #796c6a\"><\/figure><div class=\"elementor-image-box-content\"><h3 class=\"elementor-image-box-title\">TransRussia2025<\/h3><p class=\"elementor-image-box-description\">Mamy nadziej\u0119, \u017ce targi transportowe odbywaj\u0105ce si\u0119 w Rosji przynios\u0105 dni, kt\u00f3re przys\u0142u\u017c\u0105 si\u0119 naszej firmie, naszym klientom i naszym partnerom. Zapraszamy Pa\u0144stwa na nasze stoisko.<\/p><\/div><\/div>\t\t\t\t<\/div>\n\t\t\t\t<\/div>\n\t\t\t\t\t<\/div>\n\t\t<\/div>\n\t\t\t\t<div class=\"elementor-column elementor-col-33 elementor-top-column elementor-element elementor-element-416bd37\" data-id=\"416bd37\" data-element_type=\"column\" data-e-type=\"column\">\n\t\t\t<div class=\"elementor-widget-wrap elementor-element-populated\">\n\t\t\t\t\t\t<div class=\"elementor-element elementor-element-23fb979 elementor-position-top elementor-widget elementor-widget-image-box\" data-id=\"23fb979\" data-element_type=\"widget\" data-e-type=\"widget\" data-widget_type=\"image-box.default\">\n\t\t\t\t<div class=\"elementor-widget-container\">\n\t\t\t\t\t<div class=\"elementor-image-box-wrapper\"><figure class=\"elementor-image-box-img\"><img decoding=\"async\" width=\"481\" height=\"601\" src=\"https:\/\/rapid.com.tr\/wp-content\/uploads\/2024\/04\/Celebrate_the_Library_Week-jpg.webp\" class=\"attachment-full size-full wp-image-46441 not-transparent\" alt=\"\" srcset=\"https:\/\/rapid.com.tr\/wp-content\/uploads\/2024\/04\/Celebrate_the_Library_Week-jpg.webp 481w, https:\/\/rapid.com.tr\/wp-content\/uploads\/2024\/04\/Celebrate_the_Library_Week-10x12.webp 10w\" sizes=\"(max-width: 481px) 100vw, 481px\" data-has-transparency=\"false\" data-dominant-color=\"9f8677\" style=\"--dominant-color: #9f8677\"><\/figure><div class=\"elementor-image-box-content\"><h3 class=\"elementor-image-box-title\">Obchody Tygodnia Bibliotek<\/h3><p class=\"elementor-image-box-description\">Jako rodzina Rapid, kt\u00f3ra wierzy w moc czytania i wiedzy, \u015bwi\u0119tujemy Tydzie\u0144 Bibliotek, kt\u00f3ry rozpoczyna si\u0119 w ostatni poniedzia\u0142ek marca od 1964 roku w Turcji!<\/p><\/div><\/div>\t\t\t\t<\/div>\n\t\t\t\t<\/div>\n\t\t\t\t\t<\/div>\n\t\t<\/div>\n\t\t\t\t<div class=\"elementor-column elementor-col-33 elementor-top-column elementor-element elementor-element-fe6fd41\" data-id=\"fe6fd41\" data-element_type=\"column\" data-e-type=\"column\">\n\t\t\t<div class=\"elementor-widget-wrap elementor-element-populated\">\n\t\t\t\t\t\t<div class=\"elementor-element elementor-element-a6ab5e9 elementor-position-top elementor-widget elementor-widget-image-box\" data-id=\"a6ab5e9\" data-element_type=\"widget\" data-e-type=\"widget\" data-widget_type=\"image-box.default\">\n\t\t\t\t<div class=\"elementor-widget-container\">\n\t\t\t\t\t<div class=\"elementor-image-box-wrapper\"><figure class=\"elementor-image-box-img\"><img decoding=\"async\" width=\"481\" height=\"536\" src=\"https:\/\/rapid.com.tr\/wp-content\/uploads\/2024\/04\/TransRussia2024-jpg.webp\" class=\"attachment-full size-full wp-image-46433 not-transparent\" alt=\"\" srcset=\"https:\/\/rapid.com.tr\/wp-content\/uploads\/2024\/04\/TransRussia2024-jpg.webp 481w, https:\/\/rapid.com.tr\/wp-content\/uploads\/2024\/04\/TransRussia2024-11x12.webp 11w\" sizes=\"(max-width: 481px) 100vw, 481px\" data-has-transparency=\"false\" data-dominant-color=\"8a8885\" style=\"--dominant-color: #8a8885\"><\/figure><div class=\"elementor-image-box-content\"><h3 class=\"elementor-image-box-title\">TransRussia2024<\/h3><p class=\"elementor-image-box-description\">Organizacja by\u0142a intensywna i produktywna, wzmacniaj\u0105c nasze istniej\u0105ce relacje, jednocze\u015bnie wspieraj\u0105c now\u0105 wsp\u00f3\u0142prac\u0119... TransRussia2024<\/p><\/div><\/div>\t\t\t\t<\/div>\n\t\t\t\t<\/div>\n\t\t\t\t\t<\/div>\n\t\t<\/div>\n\t\t\t\t\t<\/div>\n\t\t<\/section>\n\t\t\t\t<section class=\"elementor-section elementor-top-section elementor-element elementor-element-4028a49 elementor-section-boxed elementor-section-height-default elementor-section-height-default\" data-id=\"4028a49\" data-element_type=\"section\" data-e-type=\"section\">\n\t\t\t\t\t\t<div class=\"elementor-container elementor-column-gap-default\">\n\t\t\t\t\t<div class=\"elementor-column elementor-col-33 elementor-top-column elementor-element elementor-element-6b23f41\" data-id=\"6b23f41\" data-element_type=\"column\" data-e-type=\"column\">\n\t\t\t<div class=\"elementor-widget-wrap elementor-element-populated\">\n\t\t\t\t\t\t<div class=\"elementor-element elementor-element-97dc1b2 elementor-position-top elementor-widget elementor-widget-image-box\" data-id=\"97dc1b2\" data-element_type=\"widget\" data-e-type=\"widget\" data-widget_type=\"image-box.default\">\n\t\t\t\t<div class=\"elementor-widget-container\">\n\t\t\t\t\t<div class=\"elementor-image-box-wrapper\"><figure class=\"elementor-image-box-img\"><img loading=\"lazy\" decoding=\"async\" width=\"480\" height=\"480\" src=\"https:\/\/rapid.com.tr\/wp-content\/uploads\/2024\/04\/partial_1-jpg.webp\" class=\"attachment-full size-full wp-image-46415 not-transparent\" alt=\"\" srcset=\"https:\/\/rapid.com.tr\/wp-content\/uploads\/2024\/04\/partial_1-jpg.webp 480w, https:\/\/rapid.com.tr\/wp-content\/uploads\/2024\/04\/partial_1-80x80.webp 80w, https:\/\/rapid.com.tr\/wp-content\/uploads\/2024\/04\/partial_1-12x12.webp 12w\" sizes=\"(max-width: 480px) 100vw, 480px\" data-has-transparency=\"false\" data-dominant-color=\"cdcdd2\" style=\"--dominant-color: #cdcdd2\"><\/figure><div class=\"elementor-image-box-content\"><h3 class=\"elementor-image-box-title\">Us\u0142ugi cz\u0119\u015bciowe<\/h3><p class=\"elementor-image-box-description\">TURCJA - ROSJA i TURCJA - BELARUS.\nCZ\u0118\u015aCIOWE US\u0141UGI 2 RAZY W TYGODNIU.\nProsz\u0119 dzwoni\u0107, otrzymamy ofert\u0119!<\/p><\/div><\/div>\t\t\t\t<\/div>\n\t\t\t\t<\/div>\n\t\t\t\t<div class=\"elementor-element elementor-element-2cad5b8 elementor-position-top elementor-widget elementor-widget-image-box\" data-id=\"2cad5b8\" data-element_type=\"widget\" data-e-type=\"widget\" data-widget_type=\"image-box.default\">\n\t\t\t\t<div class=\"elementor-widget-container\">\n\t\t\t\t\t<div class=\"elementor-image-box-wrapper\"><figure class=\"elementor-image-box-img\"><img loading=\"lazy\" decoding=\"async\" width=\"481\" height=\"602\" src=\"https:\/\/rapid.com.tr\/wp-content\/uploads\/2024\/04\/LONG-TERM_PARTNERSHIP-jpg.webp\" class=\"attachment-full size-full wp-image-46432 not-transparent\" alt=\"\" srcset=\"https:\/\/rapid.com.tr\/wp-content\/uploads\/2024\/04\/LONG-TERM_PARTNERSHIP-jpg.webp 481w, https:\/\/rapid.com.tr\/wp-content\/uploads\/2024\/04\/LONG-TERM_PARTNERSHIP-10x12.webp 10w\" sizes=\"(max-width: 481px) 100vw, 481px\" data-has-transparency=\"false\" data-dominant-color=\"a0a2a2\" style=\"--dominant-color: #a0a2a2\"><\/figure><div class=\"elementor-image-box-content\"><h3 class=\"elementor-image-box-title\">D\u0142ugoterminowe partnerstwo<\/h3><p class=\"elementor-image-box-description\">Nasza tabliczka \"ZA D\u0141UGOTRWA\u0141E PARTNERSTWO\" by\u0142a jak odpowied\u017a na nasze zdanie \"Cieszymy si\u0119, \u017ce mo\u017cemy by\u0107 cz\u0119\u015bci\u0105 tego roku, jak co roku\"....\nDzi\u0119kujemy ITE GROUP<\/p><\/div><\/div>\t\t\t\t<\/div>\n\t\t\t\t<\/div>\n\t\t\t\t\t<\/div>\n\t\t<\/div>\n\t\t\t\t<div class=\"elementor-column elementor-col-33 elementor-top-column elementor-element elementor-element-d1a7b81\" data-id=\"d1a7b81\" data-element_type=\"column\" data-e-type=\"column\">\n\t\t\t<div class=\"elementor-widget-wrap elementor-element-populated\">\n\t\t\t\t\t\t<div class=\"elementor-element elementor-element-b3548d3 elementor-position-top elementor-widget elementor-widget-image-box\" data-id=\"b3548d3\" data-element_type=\"widget\" data-e-type=\"widget\" data-widget_type=\"image-box.default\">\n\t\t\t\t<div class=\"elementor-widget-container\">\n\t\t\t\t\t<div class=\"elementor-image-box-wrapper\"><figure class=\"elementor-image-box-img\"><img loading=\"lazy\" decoding=\"async\" width=\"480\" height=\"600\" src=\"https:\/\/rapid.com.tr\/wp-content\/uploads\/2024\/06\/Ayin-Elemani_Romanya-jpeg.avif\" class=\"attachment-full size-full wp-image-46560 not-transparent\" alt=\"\" srcset=\"https:\/\/rapid.com.tr\/wp-content\/uploads\/2024\/06\/Ayin-Elemani_Romanya-jpeg.avif 480w, https:\/\/rapid.com.tr\/wp-content\/uploads\/2024\/06\/Ayin-Elemani_Romanya-10x12.avif 10w\" sizes=\"(max-width: 480px) 100vw, 480px\" data-has-transparency=\"false\" data-dominant-color=\"8a8581\" style=\"--dominant-color: #8a8581\"><\/figure><div class=\"elementor-image-box-content\"><h3 class=\"elementor-image-box-title\">Pracownik miesi\u0105ca<\/h3><p class=\"elementor-image-box-description\">Nasi cenni koledzy;\nK\u00fcbra Duygun, Sinem Y\u0131ld\u0131r\u0131m i Canan Ako\u011flu zas\u0142u\u017cyli na tytu\u0142 PRACOWNIKA MIESI\u0104CA dzi\u0119ki swoim wyj\u0105tkowym sukcesom, kt\u00f3rych serdecznie im gratulujemy.<\/p><\/div><\/div>\t\t\t\t<\/div>\n\t\t\t\t<\/div>\n\t\t\t\t\t<\/div>\n\t\t<\/div>\n\t\t\t\t<div class=\"elementor-column elementor-col-33 elementor-top-column elementor-element elementor-element-b3656bd\" data-id=\"b3656bd\" data-element_type=\"column\" data-e-type=\"column\">\n\t\t\t<div class=\"elementor-widget-wrap elementor-element-populated\">\n\t\t\t\t\t\t<div class=\"elementor-element elementor-element-f5ebf14 elementor-position-top elementor-widget elementor-widget-image-box\" data-id=\"f5ebf14\" data-element_type=\"widget\" data-e-type=\"widget\" data-widget_type=\"image-box.default\">\n\t\t\t\t<div class=\"elementor-widget-container\">\n\t\t\t\t\t<div class=\"elementor-image-box-wrapper\"><figure class=\"elementor-image-box-img\"><img loading=\"lazy\" decoding=\"async\" width=\"936\" height=\"1180\" src=\"https:\/\/rapid.com.tr\/wp-content\/uploads\/2024\/09\/Fuar-Izmir-1-png.avif\" class=\"attachment-full size-full wp-image-46587 has-transparency\" alt=\"\" srcset=\"https:\/\/rapid.com.tr\/wp-content\/uploads\/2024\/09\/Fuar-Izmir-1-png.avif 936w, https:\/\/rapid.com.tr\/wp-content\/uploads\/2024\/09\/Fuar-Izmir-1-768x968.avif 768w, https:\/\/rapid.com.tr\/wp-content\/uploads\/2024\/09\/Fuar-Izmir-1-10x12.avif 10w\" sizes=\"(max-width: 936px) 100vw, 936px\" data-has-transparency=\"true\" data-dominant-color=\"5d6c68\" style=\"--dominant-color: #5d6c68\"><\/figure><div class=\"elementor-image-box-content\"><h3 class=\"elementor-image-box-title\">Targi w Izmirze<\/h3><p class=\"elementor-image-box-description\">Jako Rapid International Transportation byli\u015bmy obecni na LOGISTECH - 3rd LOGISTICS, WAREHOUSE AND TECHNOLOGIES FAIR zorganizowanych w Izmirze.<\/p><\/div><\/div>\t\t\t\t<\/div>\n\t\t\t\t<\/div>\n\t\t\t\t\t<\/div>\n\t\t<\/div>\n\t\t\t\t\t<\/div>\n\t\t<\/section>\n\t\t\t\t<\/div>","protected":false},"excerpt":{"rendered":"<p>TransRussia2025 We hope that the transportation fair held in Russia will bring days that will contribute to our company, our customers and our partners. We invite you..<\/p>","protected":false},"author":4,"featured_media":0,"parent":0,"menu_order":26,"comment_status":"closed","ping_status":"closed","template":"","meta":{"footnotes":""},"class_list":["post-46404","page","type-page","status-publish","hentry"],"_links":{"self":[{"href":"https:\/\/rapid.com.tr\/pl\/wp-json\/wp\/v2\/pages\/46404","targetHints":{"allow":["GET"]}}],"collection":[{"href":"https:\/\/rapid.com.tr\/pl\/wp-json\/wp\/v2\/pages"}],"about":[{"href":"https:\/\/rapid.com.tr\/pl\/wp-json\/wp\/v2\/types\/page"}],"author":[{"embeddable":true,"href":"https:\/\/rapid.com.tr\/pl\/wp-json\/wp\/v2\/users\/4"}],"replies":[{"embeddable":true,"href":"https:\/\/rapid.com.tr\/pl\/wp-json\/wp\/v2\/comments?post=46404"}],"version-history":[{"count":65,"href":"https:\/\/rapid.com.tr\/pl\/wp-json\/wp\/v2\/pages\/46404\/revisions"}],"predecessor-version":[{"id":46685,"href":"https:\/\/rapid.com.tr\/pl\/wp-json\/wp\/v2\/pages\/46404\/revisions\/46685"}],"wp:attachment":[{"href":"https:\/\/rapid.com.tr\/pl\/wp-json\/wp\/v2\/media?parent=46404"}],"curies":[{"name":"wp","href":"https:\/\/api.w.org\/{rel}","templated":true}]}}