{"id":16225,"date":"2022-07-13T11:11:40","date_gmt":"2022-07-13T08:11:40","guid":{"rendered":"https:\/\/cea.zozothemes.com\/tranzkart\/blog-grid-copy-copy-copy\/"},"modified":"2023-09-03T23:01:50","modified_gmt":"2023-09-03T20:01:50","slug":"ultimele-stiri","status":"publish","type":"page","link":"https:\/\/rapid.com.tr\/ro\/ultimele-stiri\/","title":{"rendered":"Cele mai recente \u0219tiri"},"content":{"rendered":"<div data-elementor-type=\"wp-page\" data-elementor-id=\"16225\" class=\"elementor elementor-16225\" data-elementor-post-type=\"page\">\n\t\t\t\t\t\t<section class=\"elementor-section elementor-top-section elementor-element elementor-element-850a2bd elementor-section-boxed elementor-section-height-default elementor-section-height-default\" data-id=\"850a2bd\" data-element_type=\"section\" data-e-type=\"section\">\n\t\t\t\t\t\t<div class=\"elementor-container elementor-column-gap-default\">\n\t\t\t\t\t<div class=\"elementor-column elementor-col-100 elementor-top-column elementor-element elementor-element-13baa593\" data-id=\"13baa593\" data-element_type=\"column\" data-e-type=\"column\">\n\t\t\t<div class=\"elementor-widget-wrap elementor-element-populated\">\n\t\t\t\t\t\t<div class=\"elementor-element elementor-element-5cdca58 elementor-invisible elementor-widget elementor-widget-ceaposts\" data-id=\"5cdca58\" data-element_type=\"widget\" data-e-type=\"widget\" data-settings=\"{&quot;_animation&quot;:&quot;fadeIn&quot;,&quot;_animation_delay&quot;:650}\" data-widget_type=\"ceaposts.default\">\n\t\t\t\t\r\n\t\t<div class=\"elementor-widget-container blog-wrapper blog-style-default blog-light blog-normal-model\">\r\n\t\t\r\n\t\t\t<div class=\"row\"><div class=\"col-lg-4 col-md-4\"><div class=\"blog-inner\"><div class=\"post-thumb\"><a href=\"https:\/\/rapid.com.tr\/ro\/numit-finalist-pentru-premiul-cea-mai-buna-alegere-din-2019\/\" class=\"post-image-link\"><img decoding=\"async\" src=\"https:\/\/rapid.com.tr\/wp-content\/uploads\/elementor\/thumbs\/blog-13-1-jpg-webp-rlf1vfw6oveul8nh7cxw48x6352sdo6fnoc2c7kz94.webp\" title=\"blog-13\" alt=\"\" class=\"img-fluid squared\"><\/a><\/div><!-- .post-thumb --><div class=\"top-meta clearfix\"><ul class=\"nav top-meta-list meta-left\"><li><div class=\"post-category\"><span class=\"before-icon fa fa-folder-o\"><\/span><a href=\"https:\/\/rapid.com.tr\/ro\/logistica\/\">Logistic\u0103<\/a>,<a href=\"https:\/\/rapid.com.tr\/ro\/rutier\/\">Drumul<\/a><\/div><\/li><li><div class=\"post-date\"><a href=\"https:\/\/rapid.com.tr\/ro\/2022\/07\/30\/\" ><i class=\"icon icon-calendar\"><\/i> 07\/30\/2022<\/a><\/div><\/li><\/ul><\/div><div class=\"entry-title\"><h3 class=\"post-title-head\"><a href=\"https:\/\/rapid.com.tr\/ro\/numit-finalist-pentru-premiul-cea-mai-buna-alegere-din-2019\/\" class=\"post-title\">Varia\u021bia ofer\u0103 garan\u021bii pe termen lung<\/a><\/h3><\/div><!-- .entry-title --><div class=\"bottom-meta clearfix\"><ul class=\"nav bottom-meta-list meta-left\"><li><div class=\"post-more\"><a href=\"https:\/\/rapid.com.tr\/ro\/numit-finalist-pentru-premiul-cea-mai-buna-alegere-din-2019\/\" class=\"read-more elementor-button\">Afla\u021bi mai multe<\/a><\/div><\/li><\/ul><\/div><\/div><!-- .blog-inner --><\/div><!-- .col \/ .owl-carousel-item \/ .isotope --><div class=\"col-lg-4 col-md-4\"><div class=\"blog-inner\"><div class=\"post-thumb\"><a href=\"https:\/\/rapid.com.tr\/ro\/sprijinirea-companiilor-in-tranzitia-lor-ecologica\/\" class=\"post-image-link\"><img decoding=\"async\" src=\"https:\/\/rapid.com.tr\/wp-content\/uploads\/elementor\/thumbs\/blog-2-1-jpg-webp-rlf1vfw6oveul8nh7cxw48x6352sdo6fnoc2c7kz94.webp\" title=\"blog-2\" alt=\"\" class=\"img-fluid squared img-fluid squared\"><\/a><\/div><!-- .post-thumb --><div class=\"top-meta clearfix\"><ul class=\"nav top-meta-list meta-left\"><li><div class=\"post-category\"><span class=\"before-icon fa fa-folder-o\"><\/span><a href=\"https:\/\/rapid.com.tr\/ro\/logistica\/\">Logistic\u0103<\/a>,<a href=\"https:\/\/rapid.com.tr\/ro\/rutier\/\">Drumul<\/a><\/div><\/li><li><div class=\"post-date\"><a href=\"https:\/\/rapid.com.tr\/ro\/2022\/07\/30\/\" ><i class=\"icon icon-calendar\"><\/i> 07\/30\/2022<\/a><\/div><\/li><\/ul><\/div><div class=\"entry-title\"><h3 class=\"post-title-head\"><a href=\"https:\/\/rapid.com.tr\/ro\/sprijinirea-companiilor-in-tranzitia-lor-ecologica\/\" class=\"post-title\">Sprijinirea companiilor \u00een tranzi\u021bia lor ecologic\u0103<\/a><\/h3><\/div><!-- .entry-title --><div class=\"bottom-meta clearfix\"><ul class=\"nav bottom-meta-list meta-left\"><li><div class=\"post-more\"><a href=\"https:\/\/rapid.com.tr\/ro\/sprijinirea-companiilor-in-tranzitia-lor-ecologica\/\" class=\"read-more elementor-button\">Afla\u021bi mai multe<\/a><\/div><\/li><\/ul><\/div><\/div><!-- .blog-inner --><\/div><!-- .col \/ .owl-carousel-item \/ .isotope --><div class=\"col-lg-4 col-md-4\"><div class=\"blog-inner\"><div class=\"post-thumb\"><a href=\"https:\/\/rapid.com.tr\/ro\/camioane-autonome-logistica-2\/\" class=\"post-image-link\"><img decoding=\"async\" src=\"https:\/\/rapid.com.tr\/wp-content\/uploads\/elementor\/thumbs\/w66-jpg-rlf1u7prrnqdfkfndbufd22i614jbwb1tlo8s7ehdk.webp\" title=\"\" alt=\"\" class=\"img-fluid squared img-fluid squared img-fluid squared\"><\/a><\/div><!-- .post-thumb --><div class=\"top-meta clearfix\"><ul class=\"nav top-meta-list meta-left\"><li><div class=\"post-category\"><span class=\"before-icon fa fa-folder-o\"><\/span><a href=\"https:\/\/rapid.com.tr\/ro\/transport-si-logistica\/\">Transport si Logistica<\/a><\/div><\/li><li><div class=\"post-date\"><a href=\"https:\/\/rapid.com.tr\/ro\/2023\/08\/27\/\" ><i class=\"icon icon-calendar\"><\/i> 08\/27\/2023<\/a><\/div><\/li><\/ul><\/div><div class=\"entry-title\"><h3 class=\"post-title-head\"><a href=\"https:\/\/rapid.com.tr\/ro\/camioane-autonome-logistica-2\/\" class=\"post-title\">Camioane autonome \u00een logistica rutier\u0103 viitoare<\/a><\/h3><\/div><!-- .entry-title --><div class=\"bottom-meta clearfix\"><ul class=\"nav bottom-meta-list meta-left\"><li><div class=\"post-more\"><a href=\"https:\/\/rapid.com.tr\/ro\/camioane-autonome-logistica-2\/\" class=\"read-more elementor-button\">Afla\u021bi mai multe<\/a><\/div><\/li><\/ul><\/div><\/div><!-- .blog-inner --><\/div><!-- .col \/ .owl-carousel-item \/ .isotope --><\/div><!-- .row --><div class=\"row\"><div class=\"col-lg-4 col-md-4\"><div class=\"blog-inner\"><div class=\"post-thumb\"><a href=\"https:\/\/rapid.com.tr\/ro\/rolul-soferilor-de-camion-in-transportul-rutier-2\/\" class=\"post-image-link\"><img decoding=\"async\" src=\"https:\/\/rapid.com.tr\/wp-content\/uploads\/elementor\/thumbs\/emrturk20_driver_standing_in_front_of_volvo_truck_red_4k_hdr_20_6d9aabff-d0b8-422a-b564-004e403b2d7f-rlf1uajac5u8eebjwv2b2jcvy6qmyzm8tzmp81aauw.png\" title=\"\u0218ofer de tir\" alt=\"\u0218ofer de tir\" class=\"img-fluid squared img-fluid squared img-fluid squared img-fluid squared\" \/><\/a><\/div><!-- .post-thumb --><div class=\"top-meta clearfix\"><ul class=\"nav top-meta-list meta-left\"><li><div class=\"post-category\"><span class=\"before-icon fa fa-folder-o\"><\/span><a href=\"https:\/\/rapid.com.tr\/ro\/transport-si-logistica\/\">Transport si Logistica<\/a><\/div><\/li><li><div class=\"post-date\"><a href=\"https:\/\/rapid.com.tr\/ro\/2023\/08\/28\/\" ><i class=\"icon icon-calendar\"><\/i> 08\/28\/2023<\/a><\/div><\/li><\/ul><\/div><div class=\"entry-title\"><h3 class=\"post-title-head\"><a href=\"https:\/\/rapid.com.tr\/ro\/rolul-soferilor-de-camion-in-transportul-rutier-2\/\" class=\"post-title\">Rolul \u0219oferilor de camion \u00een transportul rutier<\/a><\/h3><\/div><!-- .entry-title --><div class=\"bottom-meta clearfix\"><ul class=\"nav bottom-meta-list meta-left\"><li><div class=\"post-more\"><a href=\"https:\/\/rapid.com.tr\/ro\/rolul-soferilor-de-camion-in-transportul-rutier-2\/\" class=\"read-more elementor-button\">Afla\u021bi mai multe<\/a><\/div><\/li><\/ul><\/div><\/div><!-- .blog-inner --><\/div><!-- .col \/ .owl-carousel-item \/ .isotope --><div class=\"col-lg-4 col-md-4\"><div class=\"blog-inner\"><div class=\"post-thumb\"><a href=\"https:\/\/rapid.com.tr\/ro\/masuri-eficiente-pentru-reducerea-costurilor-de-transport-2\/\" class=\"post-image-link\"><img decoding=\"async\" src=\"https:\/\/rapid.com.tr\/wp-content\/uploads\/elementor\/thumbs\/ce-rlf1u7prrnqdfkfndbufd22i614jbwb1tlo8s7ehdk.png\" title=\"camion ro\u0219u\" alt=\"camion ro\u0219u\" class=\"img-fluid squared img-fluid squared img-fluid squared img-fluid squared img-fluid squared\" \/><\/a><\/div><!-- .post-thumb --><div class=\"top-meta clearfix\"><ul class=\"nav top-meta-list meta-left\"><li><div class=\"post-category\"><span class=\"before-icon fa fa-folder-o\"><\/span><a href=\"https:\/\/rapid.com.tr\/ro\/managementul-si-strategiile-de-afaceri\/\">Managementul afacerilor \u0219i strategii<\/a><\/div><\/li><li><div class=\"post-date\"><a href=\"https:\/\/rapid.com.tr\/ro\/2023\/08\/28\/\" ><i class=\"icon icon-calendar\"><\/i> 08\/28\/2023<\/a><\/div><\/li><\/ul><\/div><div class=\"entry-title\"><h3 class=\"post-title-head\"><a href=\"https:\/\/rapid.com.tr\/ro\/masuri-eficiente-pentru-reducerea-costurilor-de-transport-2\/\" class=\"post-title\">Strategii de economisire a costurilor de transport<\/a><\/h3><\/div><!-- .entry-title --><div class=\"bottom-meta clearfix\"><ul class=\"nav bottom-meta-list meta-left\"><li><div class=\"post-more\"><a href=\"https:\/\/rapid.com.tr\/ro\/masuri-eficiente-pentru-reducerea-costurilor-de-transport-2\/\" class=\"read-more elementor-button\">Afla\u021bi mai multe<\/a><\/div><\/li><\/ul><\/div><\/div><!-- .blog-inner --><\/div><!-- .col \/ .owl-carousel-item \/ .isotope --><div class=\"col-lg-4 col-md-4\"><div class=\"blog-inner\"><div class=\"post-thumb\"><a href=\"https:\/\/rapid.com.tr\/ro\/transformarea-digitala-in-transportul-rutier-impactul-tehnologiei-cloud-si-al-inteligentei-artificiale\/\" class=\"post-image-link\"><img decoding=\"async\" src=\"https:\/\/rapid.com.tr\/wp-content\/uploads\/elementor\/thumbs\/dijital-donusum-rlf1u6rxktp33yh0itfsskb1kn96477bhh0raxfvjs.png\" title=\"dijital d\u00f6n\u00fc\u015f\u00fcm\" alt=\"dijital d\u00f6n\u00fc\u015f\u00fcm\" class=\"img-fluid squared img-fluid squared img-fluid squared img-fluid squared img-fluid squared img-fluid squared\" \/><\/a><\/div><!-- .post-thumb --><div class=\"top-meta clearfix\"><ul class=\"nav top-meta-list meta-left\"><li><div class=\"post-category\"><span class=\"before-icon fa fa-folder-o\"><\/span><a href=\"https:\/\/rapid.com.tr\/ro\/ai\/\">AI<\/a>,<a href=\"https:\/\/rapid.com.tr\/ro\/tehnologie-si-automatizare\/\">Tehnologie \u0219i automatizare<\/a><\/div><\/li><li><div class=\"post-date\"><a href=\"https:\/\/rapid.com.tr\/ro\/2023\/08\/31\/\" ><i class=\"icon icon-calendar\"><\/i> 08\/31\/2023<\/a><\/div><\/li><\/ul><\/div><div class=\"entry-title\"><h3 class=\"post-title-head\"><a href=\"https:\/\/rapid.com.tr\/ro\/transformarea-digitala-in-transportul-rutier-impactul-tehnologiei-cloud-si-al-inteligentei-artificiale\/\" class=\"post-title\">Cloud \u0219i AI \u00een transportul rutier<\/a><\/h3><\/div><!-- .entry-title --><div class=\"bottom-meta clearfix\"><ul class=\"nav bottom-meta-list meta-left\"><li><div class=\"post-more\"><a href=\"https:\/\/rapid.com.tr\/ro\/transformarea-digitala-in-transportul-rutier-impactul-tehnologiei-cloud-si-al-inteligentei-artificiale\/\" class=\"read-more elementor-button\">Afla\u021bi mai multe<\/a><\/div><\/li><\/ul><\/div><\/div><!-- .blog-inner --><\/div><!-- .col \/ .owl-carousel-item \/ .isotope --><\/div><!-- .row -->\t\t\t\r\n\t\t<\/div>\r\n\t\t\t\t<\/div>\n\t\t\t\t\t<\/div>\n\t\t<\/div>\n\t\t\t\t\t<\/div>\n\t\t<\/section>\n\t\t\t\t<\/div>","protected":false},"excerpt":{"rendered":"<p>Transport April 19, 2019 How To Become Practical In Transportation Learn More Logistics April 19,..<\/p>","protected":false},"author":1,"featured_media":0,"parent":0,"menu_order":18,"comment_status":"closed","ping_status":"closed","template":"","meta":{"footnotes":""},"class_list":["post-16225","page","type-page","status-publish","hentry"],"_hostinger_reach_plugin_has_subscription_block":false,"_hostinger_reach_plugin_is_elementor":false,"_links":{"self":[{"href":"https:\/\/rapid.com.tr\/ro\/wp-json\/wp\/v2\/pages\/16225","targetHints":{"allow":["GET"]}}],"collection":[{"href":"https:\/\/rapid.com.tr\/ro\/wp-json\/wp\/v2\/pages"}],"about":[{"href":"https:\/\/rapid.com.tr\/ro\/wp-json\/wp\/v2\/types\/page"}],"author":[{"embeddable":true,"href":"https:\/\/rapid.com.tr\/ro\/wp-json\/wp\/v2\/users\/1"}],"replies":[{"embeddable":true,"href":"https:\/\/rapid.com.tr\/ro\/wp-json\/wp\/v2\/comments?post=16225"}],"version-history":[{"count":1,"href":"https:\/\/rapid.com.tr\/ro\/wp-json\/wp\/v2\/pages\/16225\/revisions"}],"predecessor-version":[{"id":43895,"href":"https:\/\/rapid.com.tr\/ro\/wp-json\/wp\/v2\/pages\/16225\/revisions\/43895"}],"wp:attachment":[{"href":"https:\/\/rapid.com.tr\/ro\/wp-json\/wp\/v2\/media?parent=16225"}],"curies":[{"name":"wp","href":"https:\/\/api.w.org\/{rel}","templated":true}]}}