{"id":44481,"date":"2023-09-18T03:18:13","date_gmt":"2023-09-18T00:18:13","guid":{"rendered":"https:\/\/rapid.com.tr\/?page_id=44481"},"modified":"2024-03-19T12:04:07","modified_gmt":"2024-03-19T09:04:07","slug":"resurse-umane","status":"publish","type":"page","link":"https:\/\/rapid.com.tr\/ro\/resurse-umane\/","title":{"rendered":"Resurse umane"},"content":{"rendered":"<div data-elementor-type=\"wp-page\" data-elementor-id=\"44481\" class=\"elementor elementor-44481\" data-elementor-post-type=\"page\">\n\t\t\t\t\t\t<section class=\"elementor-section elementor-top-section elementor-element elementor-element-e9cd0a6 elementor-section-content-middle elementor-section-full_width elementor-section-height-default elementor-section-height-default\" data-id=\"e9cd0a6\" data-element_type=\"section\" data-e-type=\"section\">\n\t\t\t\t\t\t<div class=\"elementor-container elementor-column-gap-extended\">\n\t\t\t\t\t<div class=\"elementor-column elementor-col-100 elementor-top-column elementor-element elementor-element-1554b18\" data-id=\"1554b18\" data-element_type=\"column\" data-e-type=\"column\">\n\t\t\t<div class=\"elementor-widget-wrap elementor-element-populated\">\n\t\t\t\t\t\t<div class=\"elementor-element elementor-element-2b25a4d elementor-widget elementor-widget-ceateam\" data-id=\"2b25a4d\" data-element_type=\"widget\" data-e-type=\"widget\" data-widget_type=\"ceateam.default\">\n\t\t\t\t\n\t\t<div class=\"elementor-widget-container team-wrapper team-style-modern team-light team-normal-model\">\n\t\t\n\t\t\t\t\t\t\n\t\t<\/div>\n\t\t\t\t<\/div>\n\t\t\t\t\t<\/div>\n\t\t<\/div>\n\t\t\t\t\t<\/div>\n\t\t<\/section>\n\t\t\t\t<\/div>","protected":false},"excerpt":{"rendered":"<p>Tuba Yaz\u0131c\u0131 Human Resources Specialist G\u00f6ktu\u011f Aral Human Resources Specialist<\/p>","protected":false},"author":1,"featured_media":0,"parent":0,"menu_order":15,"comment_status":"closed","ping_status":"closed","template":"","meta":{"footnotes":""},"class_list":["post-44481","page","type-page","status-publish","hentry"],"_links":{"self":[{"href":"https:\/\/rapid.com.tr\/ro\/wp-json\/wp\/v2\/pages\/44481","targetHints":{"allow":["GET"]}}],"collection":[{"href":"https:\/\/rapid.com.tr\/ro\/wp-json\/wp\/v2\/pages"}],"about":[{"href":"https:\/\/rapid.com.tr\/ro\/wp-json\/wp\/v2\/types\/page"}],"author":[{"embeddable":true,"href":"https:\/\/rapid.com.tr\/ro\/wp-json\/wp\/v2\/users\/1"}],"replies":[{"embeddable":true,"href":"https:\/\/rapid.com.tr\/ro\/wp-json\/wp\/v2\/comments?post=44481"}],"version-history":[{"count":13,"href":"https:\/\/rapid.com.tr\/ro\/wp-json\/wp\/v2\/pages\/44481\/revisions"}],"predecessor-version":[{"id":46160,"href":"https:\/\/rapid.com.tr\/ro\/wp-json\/wp\/v2\/pages\/44481\/revisions\/46160"}],"wp:attachment":[{"href":"https:\/\/rapid.com.tr\/ro\/wp-json\/wp\/v2\/media?parent=44481"}],"curies":[{"name":"wp","href":"https:\/\/api.w.org\/{rel}","templated":true}]}}