{"id":44482,"date":"2023-09-18T03:17:31","date_gmt":"2023-09-18T00:17:31","guid":{"rendered":"https:\/\/rapid.com.tr\/?page_id=44482"},"modified":"2024-05-09T09:33:32","modified_gmt":"2024-05-09T06:33:32","slug":"financiare","status":"publish","type":"page","link":"https:\/\/rapid.com.tr\/ro\/financiare\/","title":{"rendered":"Financiar"},"content":{"rendered":"<div data-elementor-type=\"wp-page\" data-elementor-id=\"44482\" class=\"elementor elementor-44482\" data-elementor-post-type=\"page\">\n\t\t\t\t\t\t<section class=\"elementor-section elementor-top-section elementor-element elementor-element-e9cd0a6 elementor-section-content-middle elementor-section-full_width elementor-section-height-default elementor-section-height-default\" data-id=\"e9cd0a6\" data-element_type=\"section\" data-e-type=\"section\">\n\t\t\t\t\t\t<div class=\"elementor-container elementor-column-gap-extended\">\n\t\t\t\t\t<div class=\"elementor-column elementor-col-100 elementor-top-column elementor-element elementor-element-1554b18\" data-id=\"1554b18\" data-element_type=\"column\" data-e-type=\"column\">\n\t\t\t<div class=\"elementor-widget-wrap elementor-element-populated\">\n\t\t\t\t\t\t<div class=\"elementor-element elementor-element-2b25a4d elementor-widget elementor-widget-ceateam\" data-id=\"2b25a4d\" data-element_type=\"widget\" data-e-type=\"widget\" data-widget_type=\"ceateam.default\">\n\t\t\t\t\n\t\t<div class=\"elementor-widget-container team-wrapper team-style-modern team-light team-normal-model\">\n\t\t\n\t\t\t<div class=\"row\"><div class=\"col-lg-4 col-md-4\" ><div class=\"team-inner\"><div class=\"post-thumb\"><a href=\"https:\/\/rapid.com.tr\/ro\/echipa\/arzu-tokbaylar-dilmen\/\" class=\"post-image-link\"><img decoding=\"async\" src=\"https:\/\/rapid.com.tr\/wp-content\/uploads\/2023\/09\/Arzu-Dilmen-Tokbaylar-2-scaled.webp\" title=\"Arzu Dilmen Tokbaylar (2)\" alt=\"\" class=\"img-fluid rounded\"><\/a><\/div><!-- .post-thumb --><div class=\"entry-title\"><h4 class=\"post-title-head\"><a href=\"https:\/\/rapid.com.tr\/ro\/echipa\/arzu-tokbaylar-dilmen\/\" class=\"post-title\">Arzu Dilmen Tokbaylar<\/a><\/h4><\/div><!-- .entry-title --><div class=\"team-designation\">Manager afaceri financiare \u0219i administrative<\/div><!-- .team-designation --><div class=\"team-social-wrap clearfix\"><ul class=\"nav social-icons team-socialsocial-circled social-white social-h-white social-bg-transparent social-hbg-own\"><li><a class=\"social-twitter\" href=\"mailto:arzudilmen@rapid.com.tr\" target=\"_blank\"><i class=\"fa fa-envelope\"><\/i><\/a><\/li><li><a class=\"social-instagram\" href=\"tel:+905428318326\" target=\"_blank\"><i class=\"fa fa-phone\"><\/i><\/a><\/li><\/ul><\/div> <!-- .team-social-wrap --><\/div><!-- .team-inner --><\/div><!-- .col \/ .owl-carousel-item \/ .isotope --><div class=\"col-lg-4 col-md-4\" ><div class=\"team-inner\"><div class=\"post-thumb\"><a href=\"https:\/\/rapid.com.tr\/ro\/echipa\/derya-demirhan\/\" class=\"post-image-link\"><img decoding=\"async\" src=\"https:\/\/rapid.com.tr\/wp-content\/uploads\/2023\/09\/Derya-Demirhan-scaled.webp\" title=\"Derya Demirhan\" alt=\"\" class=\"img-fluid rounded img-fluid rounded\"><\/a><\/div><!-- .post-thumb --><div class=\"entry-title\"><h4 class=\"post-title-head\"><a href=\"https:\/\/rapid.com.tr\/ro\/echipa\/derya-demirhan\/\" class=\"post-title\">Derya Demirhan<\/a><\/h4><\/div><!-- .entry-title --><div class=\"team-designation\">Director de afaceri financiare<\/div><!-- .team-designation --><div class=\"team-social-wrap clearfix\"><ul class=\"nav social-icons team-socialsocial-circled social-white social-h-white social-bg-transparent social-hbg-own\"><li><a class=\"social-twitter\" href=\"mailto:derya.demirhan@rapid.com.tr\" target=\"_blank\"><i class=\"fa fa-envelope\"><\/i><\/a><\/li><li><a class=\"social-instagram\" href=\"tel:+905436284668\" target=\"_blank\"><i class=\"fa fa-phone\"><\/i><\/a><\/li><\/ul><\/div> <!-- .team-social-wrap --><\/div><!-- .team-inner --><\/div><!-- .col \/ .owl-carousel-item \/ .isotope --><div class=\"col-lg-4 col-md-4\" ><div class=\"team-inner\"><div class=\"post-thumb\"><a href=\"https:\/\/rapid.com.tr\/ro\/echipa\/kenan-sahin\/\" class=\"post-image-link\"><img decoding=\"async\" src=\"https:\/\/rapid.com.tr\/wp-content\/uploads\/2023\/09\/Kenan-Bey-scaled-e1705480609512.webp\" title=\"Kenan Bey\" alt=\"\" class=\"img-fluid rounded img-fluid rounded img-fluid rounded\"><\/a><\/div><!-- .post-thumb --><div class=\"entry-title\"><h4 class=\"post-title-head\"><a href=\"https:\/\/rapid.com.tr\/ro\/echipa\/kenan-sahin\/\" class=\"post-title\">Kenan \u015eahin<\/a><\/h4><\/div><!-- .entry-title --><div class=\"team-designation\">Manager financiar<\/div><!-- .team-designation --><div class=\"team-social-wrap clearfix\"><ul class=\"nav social-icons team-socialsocial-circled social-white social-h-white social-bg-transparent social-hbg-own\"><li><a class=\"social-twitter\" href=\"mailto:kenan.sahin@rapid.com.tr\" target=\"_blank\"><i class=\"fa fa-envelope\"><\/i><\/a><\/li><li><a class=\"social-instagram\" href=\"tel:+905423579792\" target=\"_blank\"><i class=\"fa fa-phone\"><\/i><\/a><\/li><\/ul><\/div> <!-- .team-social-wrap --><\/div><!-- .team-inner --><\/div><!-- .col \/ .owl-carousel-item \/ .isotope --><\/div><!-- .row --><div class=\"row\"><div class=\"col-lg-4 col-md-4\" ><div class=\"team-inner\"><div class=\"post-thumb\"><a href=\"https:\/\/rapid.com.tr\/ro\/echipa\/cem-gumus\/\" class=\"post-image-link\"><img decoding=\"async\" src=\"https:\/\/rapid.com.tr\/wp-content\/uploads\/2023\/09\/Cem-Bey-scaled-e1705480632450.webp\" title=\"Cem Bey\" alt=\"\" class=\"img-fluid rounded img-fluid rounded img-fluid rounded img-fluid rounded\"><\/a><\/div><!-- .post-thumb --><div class=\"entry-title\"><h4 class=\"post-title-head\"><a href=\"https:\/\/rapid.com.tr\/ro\/echipa\/cem-gumus\/\" class=\"post-title\">Cem G\u00fcm\u00fc\u015f<\/a><\/h4><\/div><!-- .entry-title --><div class=\"team-designation\">Specialist \u00een contabilitate general\u0103<\/div><!-- .team-designation --><div class=\"team-social-wrap clearfix\"><ul class=\"nav social-icons team-socialsocial-circled social-white social-h-white social-bg-transparent social-hbg-own\"><li><a class=\"social-twitter\" href=\"mailto:cem.gumus@rapid.com.tr\" target=\"_blank\"><i class=\"fa fa-envelope\"><\/i><\/a><\/li><li><a class=\"social-instagram\" href=\"tel:+902122523833\" target=\"_blank\"><i class=\"fa fa-phone\"><\/i><\/a><\/li><\/ul><\/div> <!-- .team-social-wrap --><\/div><!-- .team-inner --><\/div><!-- .col \/ .owl-carousel-item \/ .isotope --><div class=\"col-lg-4 col-md-4\" ><div class=\"team-inner\"><div class=\"post-thumb\"><a href=\"https:\/\/rapid.com.tr\/ro\/echipa\/duygu-altinbas\/\" class=\"post-image-link\"><img decoding=\"async\" src=\"https:\/\/rapid.com.tr\/wp-content\/uploads\/2023\/09\/Duygu-Hnm-1-scaled-e1705480866407.webp\" title=\"Duygu Hnm\" alt=\"\" class=\"img-fluid rounded img-fluid rounded img-fluid rounded img-fluid rounded img-fluid rounded\"><\/a><\/div><!-- .post-thumb --><div class=\"entry-title\"><h4 class=\"post-title-head\"><a href=\"https:\/\/rapid.com.tr\/ro\/echipa\/duygu-altinbas\/\" class=\"post-title\">Duygu Alt\u0131nba\u015f<\/a><\/h4><\/div><!-- .entry-title --><div class=\"team-designation\">Specialist \u00een contabilitate<\/div><!-- .team-designation --><div class=\"team-social-wrap clearfix\"><ul class=\"nav social-icons team-socialsocial-circled social-white social-h-white social-bg-transparent social-hbg-own\"><li><a class=\"social-twitter\" href=\"mailto:duygu.altinbas@rapid.com.tr\" target=\"_blank\"><i class=\"fa fa-envelope\"><\/i><\/a><\/li><li><a class=\"social-instagram\" href=\"tel:+905494356857\" target=\"_blank\"><i class=\"fa fa-phone\"><\/i><\/a><\/li><\/ul><\/div> <!-- .team-social-wrap --><\/div><!-- .team-inner --><\/div><!-- .col \/ .owl-carousel-item \/ .isotope --><div class=\"col-lg-4 col-md-4\" ><div class=\"team-inner\"><div class=\"post-thumb\"><a href=\"https:\/\/rapid.com.tr\/ro\/echipa\/maria-brincovean-4\/\" class=\"post-image-link\"><img decoding=\"async\" src=\"https:\/\/rapid.com.tr\/wp-content\/uploads\/2023\/09\/Irina-Muhasebe-1-scaled-e1705480899674.webp\" title=\"\u0130rina Muhasebe\" alt=\"\" class=\"img-fluid rounded img-fluid rounded img-fluid rounded img-fluid rounded img-fluid rounded img-fluid rounded\"><\/a><\/div><!-- .post-thumb --><div class=\"entry-title\"><h4 class=\"post-title-head\"><a href=\"https:\/\/rapid.com.tr\/ro\/echipa\/maria-brincovean-4\/\" class=\"post-title\">\u0130rina Strelchenko<\/a><\/h4><\/div><!-- .entry-title --><div class=\"team-designation\">Specialist \u00een contabilitate<\/div><!-- .team-designation --><div class=\"team-social-wrap clearfix\"><ul class=\"nav social-icons team-socialsocial-circled social-white social-h-white social-bg-transparent social-hbg-own\"><li><a class=\"social-twitter\" href=\"mailto:irina.strelchenko@rapid.com.tr\" target=\"_blank\"><i class=\"fa fa-envelope\"><\/i><\/a><\/li><li><a class=\"social-instagram\" href=\"tel:+905462213394\" target=\"_blank\"><i class=\"fa fa-phone\"><\/i><\/a><\/li><\/ul><\/div> <!-- .team-social-wrap --><\/div><!-- .team-inner --><\/div><!-- .col \/ .owl-carousel-item \/ .isotope --><\/div><!-- .row --><div class=\"row\"><div class=\"col-lg-4 col-md-4\" ><div class=\"team-inner\"><div class=\"post-thumb\"><a href=\"https:\/\/rapid.com.tr\/ro\/echipa\/muhammet-kalem\/\" class=\"post-image-link\"><img decoding=\"async\" src=\"https:\/\/rapid.com.tr\/wp-content\/uploads\/2023\/09\/Muhammed-Bey-scaled-e1705481016840.webp\" title=\"Muhammed Bey\" alt=\"\" class=\"img-fluid rounded img-fluid rounded img-fluid rounded img-fluid rounded img-fluid rounded img-fluid rounded img-fluid rounded\"><\/a><\/div><!-- .post-thumb --><div class=\"entry-title\"><h4 class=\"post-title-head\"><a href=\"https:\/\/rapid.com.tr\/ro\/echipa\/muhammet-kalem\/\" class=\"post-title\">Muhammet Kalem<\/a><\/h4><\/div><!-- .entry-title --><div class=\"team-designation\">Expert contabil asistent<\/div><!-- .team-designation --><div class=\"team-social-wrap clearfix\"><ul class=\"nav social-icons team-socialsocial-circled social-white social-h-white social-bg-transparent social-hbg-own\"><li><a class=\"social-twitter\" href=\"mailto:muhammet.kalem@rapid.com.tr\" target=\"_blank\"><i class=\"fa fa-envelope\"><\/i><\/a><\/li><li><a class=\"social-instagram\" href=\"tel:+902122523833\" target=\"_blank\"><i class=\"fa fa-phone\"><\/i><\/a><\/li><\/ul><\/div> <!-- .team-social-wrap --><\/div><!-- .team-inner --><\/div><!-- .col \/ .owl-carousel-item \/ .isotope --><div class=\"col-lg-4 col-md-4\" ><div class=\"team-inner\"><div class=\"post-thumb\"><a href=\"https:\/\/rapid.com.tr\/ro\/echipa\/ugur-ustun\/\" class=\"post-image-link\"><img decoding=\"async\" src=\"https:\/\/rapid.com.tr\/wp-content\/uploads\/2023\/09\/Ugur-Bey-scaled-e1705481050345.webp\" title=\"Ugur Bey\" alt=\"\" class=\"img-fluid rounded img-fluid rounded img-fluid rounded img-fluid rounded img-fluid rounded img-fluid rounded img-fluid rounded img-fluid rounded\"><\/a><\/div><!-- .post-thumb --><div class=\"entry-title\"><h4 class=\"post-title-head\"><a href=\"https:\/\/rapid.com.tr\/ro\/echipa\/ugur-ustun\/\" class=\"post-title\">U\u011fur \u00dcst\u00fcn<\/a><\/h4><\/div><!-- .entry-title --><div class=\"team-designation\">Specialist \u00een contabilitate<\/div><!-- .team-designation --><div class=\"team-social-wrap clearfix\"><ul class=\"nav social-icons team-socialsocial-circled social-white social-h-white social-bg-transparent social-hbg-own\"><li><a class=\"social-twitter\" href=\"mailto:ugur.ustun@rapid.com.tr\" target=\"_blank\"><i class=\"fa fa-envelope\"><\/i><\/a><\/li><li><a class=\"social-instagram\" href=\"tel:+902122523833\" target=\"_blank\"><i class=\"fa fa-phone\"><\/i><\/a><\/li><\/ul><\/div> <!-- .team-social-wrap --><\/div><!-- .team-inner --><\/div><!-- .col \/ .owl-carousel-item \/ .isotope --><div class=\"col-lg-4 col-md-4\" ><div class=\"team-inner\"><div class=\"post-thumb\"><a href=\"https:\/\/rapid.com.tr\/ro\/echipa\/selda-kahraman\/\" class=\"post-image-link\"><img decoding=\"async\" src=\"https:\/\/rapid.com.tr\/wp-content\/uploads\/2023\/09\/Selda-Kahraman-scaled.webp\" title=\"Selda Kahraman\" alt=\"\" class=\"img-fluid rounded img-fluid rounded img-fluid rounded img-fluid rounded img-fluid rounded img-fluid rounded img-fluid rounded img-fluid rounded img-fluid rounded\"><\/a><\/div><!-- .post-thumb --><div class=\"entry-title\"><h4 class=\"post-title-head\"><a href=\"https:\/\/rapid.com.tr\/ro\/echipa\/selda-kahraman\/\" class=\"post-title\">Selda Kahraman<\/a><\/h4><\/div><!-- .entry-title --><div class=\"team-designation\">Specialist \u00een contabilitate<\/div><!-- .team-designation --><div class=\"team-social-wrap clearfix\"><ul class=\"nav social-icons team-socialsocial-circled social-white social-h-white social-bg-transparent social-hbg-own\"><li><a class=\"social-twitter\" href=\"mailto:selda.kahraman@rapid.com.tr\" target=\"_blank\"><i class=\"fa fa-envelope\"><\/i><\/a><\/li><li><a class=\"social-instagram\" href=\"tel:+905453498716\" target=\"_blank\"><i class=\"fa fa-phone\"><\/i><\/a><\/li><\/ul><\/div> <!-- .team-social-wrap --><\/div><!-- .team-inner --><\/div><!-- .col \/ .owl-carousel-item \/ .isotope --><\/div><!-- .row -->\t\t\t\n\t\t<\/div>\n\t\t\t\t<\/div>\n\t\t\t\t\t<\/div>\n\t\t<\/div>\n\t\t\t\t\t<\/div>\n\t\t<\/section>\n\t\t\t\t<\/div>","protected":false},"excerpt":{"rendered":"<p>Arzu Dilmen Tokbaylar Financial and Administrative Affairs Manager Derya..<\/p>","protected":false},"author":1,"featured_media":0,"parent":0,"menu_order":10,"comment_status":"closed","ping_status":"closed","template":"","meta":{"footnotes":""},"class_list":["post-44482","page","type-page","status-publish","hentry"],"_links":{"self":[{"href":"https:\/\/rapid.com.tr\/ro\/wp-json\/wp\/v2\/pages\/44482","targetHints":{"allow":["GET"]}}],"collection":[{"href":"https:\/\/rapid.com.tr\/ro\/wp-json\/wp\/v2\/pages"}],"about":[{"href":"https:\/\/rapid.com.tr\/ro\/wp-json\/wp\/v2\/types\/page"}],"author":[{"embeddable":true,"href":"https:\/\/rapid.com.tr\/ro\/wp-json\/wp\/v2\/users\/1"}],"replies":[{"embeddable":true,"href":"https:\/\/rapid.com.tr\/ro\/wp-json\/wp\/v2\/comments?post=44482"}],"version-history":[{"count":36,"href":"https:\/\/rapid.com.tr\/ro\/wp-json\/wp\/v2\/pages\/44482\/revisions"}],"predecessor-version":[{"id":46499,"href":"https:\/\/rapid.com.tr\/ro\/wp-json\/wp\/v2\/pages\/44482\/revisions\/46499"}],"wp:attachment":[{"href":"https:\/\/rapid.com.tr\/ro\/wp-json\/wp\/v2\/media?parent=44482"}],"curies":[{"name":"wp","href":"https:\/\/api.w.org\/{rel}","templated":true}]}}