{"id":46379,"date":"2024-04-29T16:27:30","date_gmt":"2024-04-29T13:27:30","guid":{"rendered":"https:\/\/rapid.com.tr\/?page_id=46379"},"modified":"2025-03-19T16:08:02","modified_gmt":"2025-03-19T13:08:02","slug":"misiune-viziune-valori","status":"publish","type":"page","link":"https:\/\/rapid.com.tr\/ro\/misiune-viziune-valori\/","title":{"rendered":"Misiune, viziune, valori"},"content":{"rendered":"<div data-elementor-type=\"wp-page\" data-elementor-id=\"46379\" class=\"elementor elementor-46379\" data-elementor-post-type=\"page\">\n\t\t\t\t\t\t<section class=\"elementor-section elementor-top-section elementor-element elementor-element-a8a8340 elementor-section-boxed elementor-section-height-default elementor-section-height-default\" data-id=\"a8a8340\" data-element_type=\"section\" data-e-type=\"section\">\n\t\t\t\t\t\t<div class=\"elementor-container elementor-column-gap-default\">\n\t\t\t\t\t<div class=\"elementor-column elementor-col-33 elementor-top-column elementor-element elementor-element-adbf36d\" data-id=\"adbf36d\" data-element_type=\"column\" data-e-type=\"column\">\n\t\t\t<div class=\"elementor-widget-wrap elementor-element-populated\">\n\t\t\t\t\t\t<div class=\"elementor-element elementor-element-4f5bd29 elementor-position-top elementor-widget elementor-widget-image-box\" data-id=\"4f5bd29\" data-element_type=\"widget\" data-e-type=\"widget\" data-widget_type=\"image-box.default\">\n\t\t\t\t<div class=\"elementor-widget-container\">\n\t\t\t\t\t<div class=\"elementor-image-box-wrapper\"><figure class=\"elementor-image-box-img\"><img decoding=\"async\" width=\"80\" height=\"80\" src=\"https:\/\/rapid.com.tr\/wp-content\/uploads\/2025\/03\/Misyon-80x80.avif\" class=\"attachment-thumbnail size-thumbnail wp-image-46687 not-transparent\" alt=\"\" srcset=\"https:\/\/rapid.com.tr\/wp-content\/uploads\/2025\/03\/Misyon-80x80.avif 80w, https:\/\/rapid.com.tr\/wp-content\/uploads\/2025\/03\/Misyon-768x768.avif 768w, https:\/\/rapid.com.tr\/wp-content\/uploads\/2025\/03\/Misyon-12x12.avif 12w, https:\/\/rapid.com.tr\/wp-content\/uploads\/2025\/03\/Misyon.avif 1080w\" sizes=\"(max-width: 80px) 100vw, 80px\" data-has-transparency=\"false\" data-dominant-color=\"959595\" style=\"--dominant-color: #959595\"><\/figure><div class=\"elementor-image-box-content\"><h3 class=\"elementor-image-box-title\">MISIUNE <\/h3><p class=\"elementor-image-box-description\">Interna\u021bional \u0219i de calitate\nS\u0103 fie cea mai bun\u0103 dintre companiile care furnizeaz\u0103 servicii logistice \u00een conformitate cu standardele sale. \n\n\n<\/p><\/div><\/div>\t\t\t\t<\/div>\n\t\t\t\t<\/div>\n\t\t\t\t\t<\/div>\n\t\t<\/div>\n\t\t\t\t<div class=\"elementor-column elementor-col-33 elementor-top-column elementor-element elementor-element-b13e81f\" data-id=\"b13e81f\" data-element_type=\"column\" data-e-type=\"column\">\n\t\t\t<div class=\"elementor-widget-wrap elementor-element-populated\">\n\t\t\t\t\t\t<div class=\"elementor-element elementor-element-53d3ba4 elementor-position-top elementor-widget elementor-widget-image-box\" data-id=\"53d3ba4\" data-element_type=\"widget\" data-e-type=\"widget\" data-widget_type=\"image-box.default\">\n\t\t\t\t<div class=\"elementor-widget-container\">\n\t\t\t\t\t<div class=\"elementor-image-box-wrapper\"><figure class=\"elementor-image-box-img\"><img decoding=\"async\" width=\"80\" height=\"80\" src=\"https:\/\/rapid.com.tr\/wp-content\/uploads\/2025\/03\/Vizyon-80x80.avif\" class=\"attachment-thumbnail size-thumbnail wp-image-46688 not-transparent\" alt=\"\" srcset=\"https:\/\/rapid.com.tr\/wp-content\/uploads\/2025\/03\/Vizyon-80x80.avif 80w, https:\/\/rapid.com.tr\/wp-content\/uploads\/2025\/03\/Vizyon-768x768.avif 768w, https:\/\/rapid.com.tr\/wp-content\/uploads\/2025\/03\/Vizyon-12x12.avif 12w, https:\/\/rapid.com.tr\/wp-content\/uploads\/2025\/03\/Vizyon.avif 1080w\" sizes=\"(max-width: 80px) 100vw, 80px\" data-has-transparency=\"false\" data-dominant-color=\"858789\" style=\"--dominant-color: #858789\"><\/figure><div class=\"elementor-image-box-content\"><h3 class=\"elementor-image-box-title\">VIZIUNE<\/h3><p class=\"elementor-image-box-description\">Cre\u0219terea volumului de afaceri prin dezvoltarea cooper\u0103rii noastre \u00een Turcia \u0219i \u00een str\u0103in\u0103tate. Pentru a cre\u0219te prin furnizarea de rentabilitate 50% \u00een fiecare an prin producerea de servicii de calitate.<\/p><\/div><\/div>\t\t\t\t<\/div>\n\t\t\t\t<\/div>\n\t\t\t\t\t<\/div>\n\t\t<\/div>\n\t\t\t\t<div class=\"elementor-column elementor-col-33 elementor-top-column elementor-element elementor-element-cfd97f8\" data-id=\"cfd97f8\" data-element_type=\"column\" data-e-type=\"column\">\n\t\t\t<div class=\"elementor-widget-wrap elementor-element-populated\">\n\t\t\t\t\t\t<div class=\"elementor-element elementor-element-c4d11b7 elementor-position-top elementor-widget elementor-widget-image-box\" data-id=\"c4d11b7\" data-element_type=\"widget\" data-e-type=\"widget\" data-widget_type=\"image-box.default\">\n\t\t\t\t<div class=\"elementor-widget-container\">\n\t\t\t\t\t<div class=\"elementor-image-box-wrapper\"><figure class=\"elementor-image-box-img\"><img decoding=\"async\" width=\"80\" height=\"80\" src=\"https:\/\/rapid.com.tr\/wp-content\/uploads\/2025\/03\/Degerler-80x80.avif\" class=\"attachment-thumbnail size-thumbnail wp-image-46689 not-transparent\" alt=\"\" srcset=\"https:\/\/rapid.com.tr\/wp-content\/uploads\/2025\/03\/Degerler-80x80.avif 80w, https:\/\/rapid.com.tr\/wp-content\/uploads\/2025\/03\/Degerler-768x768.avif 768w, https:\/\/rapid.com.tr\/wp-content\/uploads\/2025\/03\/Degerler-12x12.avif 12w, https:\/\/rapid.com.tr\/wp-content\/uploads\/2025\/03\/Degerler.avif 1080w\" sizes=\"(max-width: 80px) 100vw, 80px\" data-has-transparency=\"false\" data-dominant-color=\"d1d1d1\" style=\"--dominant-color: #d1d1d1\"><\/figure><div class=\"elementor-image-box-content\"><h3 class=\"elementor-image-box-title\">VALORI<\/h3><p class=\"elementor-image-box-description\">Seriozitate, Onestitate, Munc\u0103 \u00een echip\u0103, Adaptare la diferen\u021be\nSatisfac\u021bia clien\u021bilor\nOrientarea c\u0103tre rezultate<\/p><\/div><\/div>\t\t\t\t<\/div>\n\t\t\t\t<\/div>\n\t\t\t\t\t<\/div>\n\t\t<\/div>\n\t\t\t\t\t<\/div>\n\t\t<\/section>\n\t\t\t\t<\/div>","protected":false},"excerpt":{"rendered":"<p>MISSION International and quality To be the best among the companies providing logistics services in line with its standards. VISION To increase our business volume by developing..<\/p>","protected":false},"author":4,"featured_media":0,"parent":0,"menu_order":27,"comment_status":"closed","ping_status":"closed","template":"","meta":{"footnotes":""},"class_list":["post-46379","page","type-page","status-publish","hentry"],"_links":{"self":[{"href":"https:\/\/rapid.com.tr\/ro\/wp-json\/wp\/v2\/pages\/46379","targetHints":{"allow":["GET"]}}],"collection":[{"href":"https:\/\/rapid.com.tr\/ro\/wp-json\/wp\/v2\/pages"}],"about":[{"href":"https:\/\/rapid.com.tr\/ro\/wp-json\/wp\/v2\/types\/page"}],"author":[{"embeddable":true,"href":"https:\/\/rapid.com.tr\/ro\/wp-json\/wp\/v2\/users\/4"}],"replies":[{"embeddable":true,"href":"https:\/\/rapid.com.tr\/ro\/wp-json\/wp\/v2\/comments?post=46379"}],"version-history":[{"count":28,"href":"https:\/\/rapid.com.tr\/ro\/wp-json\/wp\/v2\/pages\/46379\/revisions"}],"predecessor-version":[{"id":46692,"href":"https:\/\/rapid.com.tr\/ro\/wp-json\/wp\/v2\/pages\/46379\/revisions\/46692"}],"wp:attachment":[{"href":"https:\/\/rapid.com.tr\/ro\/wp-json\/wp\/v2\/media?parent=46379"}],"curies":[{"name":"wp","href":"https:\/\/api.w.org\/{rel}","templated":true}]}}