{"id":46404,"date":"2024-04-30T17:45:34","date_gmt":"2024-04-30T14:45:34","guid":{"rendered":"https:\/\/rapid.com.tr\/?page_id=46404"},"modified":"2025-03-19T11:01:50","modified_gmt":"2025-03-19T08:01:50","slug":"stiri","status":"publish","type":"page","link":"https:\/\/rapid.com.tr\/ro\/stiri\/","title":{"rendered":"\u0218tiri"},"content":{"rendered":"<div data-elementor-type=\"wp-page\" data-elementor-id=\"46404\" class=\"elementor elementor-46404\" data-elementor-post-type=\"page\">\n\t\t\t\t\t\t<section class=\"elementor-section elementor-top-section elementor-element elementor-element-8fa65fb elementor-section-boxed elementor-section-height-default elementor-section-height-default\" data-id=\"8fa65fb\" data-element_type=\"section\" data-e-type=\"section\">\n\t\t\t\t\t\t<div class=\"elementor-container elementor-column-gap-default\">\n\t\t\t\t\t<div class=\"elementor-column elementor-col-33 elementor-top-column elementor-element elementor-element-e29dbdd\" data-id=\"e29dbdd\" data-element_type=\"column\" data-e-type=\"column\">\n\t\t\t<div class=\"elementor-widget-wrap elementor-element-populated\">\n\t\t\t\t\t\t<div class=\"elementor-element elementor-element-ddfaffb elementor-position-top elementor-widget elementor-widget-image-box\" data-id=\"ddfaffb\" data-element_type=\"widget\" data-e-type=\"widget\" data-widget_type=\"image-box.default\">\n\t\t\t\t<div class=\"elementor-widget-container\">\n\t\t\t\t\t<div class=\"elementor-image-box-wrapper\"><figure class=\"elementor-image-box-img\"><img fetchpriority=\"high\" decoding=\"async\" width=\"481\" height=\"601\" src=\"https:\/\/rapid.com.tr\/wp-content\/uploads\/2025\/03\/TRANSRUSSIA2025.avif\" class=\"attachment-full size-full wp-image-46682 not-transparent\" alt=\"\" srcset=\"https:\/\/rapid.com.tr\/wp-content\/uploads\/2025\/03\/TRANSRUSSIA2025.avif 481w, https:\/\/rapid.com.tr\/wp-content\/uploads\/2025\/03\/TRANSRUSSIA2025-10x12.avif 10w\" sizes=\"(max-width: 481px) 100vw, 481px\" data-has-transparency=\"false\" data-dominant-color=\"796c6a\" style=\"--dominant-color: #796c6a\"><\/figure><div class=\"elementor-image-box-content\"><h3 class=\"elementor-image-box-title\">TransRusia2025<\/h3><p class=\"elementor-image-box-description\">Sper\u0103m c\u0103 t\u00e2rgul de transport organizat \u00een Rusia va aduce zile care vor contribui la compania noastr\u0103, la clien\u021bii \u0219i partenerii no\u0219tri. V\u0103 invit\u0103m la<\/p><\/div><\/div>\t\t\t\t<\/div>\n\t\t\t\t<\/div>\n\t\t\t\t\t<\/div>\n\t\t<\/div>\n\t\t\t\t<div class=\"elementor-column elementor-col-33 elementor-top-column elementor-element elementor-element-416bd37\" data-id=\"416bd37\" data-element_type=\"column\" data-e-type=\"column\">\n\t\t\t<div class=\"elementor-widget-wrap elementor-element-populated\">\n\t\t\t\t\t\t<div class=\"elementor-element elementor-element-23fb979 elementor-position-top elementor-widget elementor-widget-image-box\" data-id=\"23fb979\" data-element_type=\"widget\" data-e-type=\"widget\" data-widget_type=\"image-box.default\">\n\t\t\t\t<div class=\"elementor-widget-container\">\n\t\t\t\t\t<div class=\"elementor-image-box-wrapper\"><figure class=\"elementor-image-box-img\"><img decoding=\"async\" width=\"481\" height=\"601\" src=\"https:\/\/rapid.com.tr\/wp-content\/uploads\/2024\/04\/Celebrate_the_Library_Week-jpg.webp\" class=\"attachment-full size-full wp-image-46441 not-transparent\" alt=\"\" srcset=\"https:\/\/rapid.com.tr\/wp-content\/uploads\/2024\/04\/Celebrate_the_Library_Week-jpg.webp 481w, https:\/\/rapid.com.tr\/wp-content\/uploads\/2024\/04\/Celebrate_the_Library_Week-10x12.webp 10w\" sizes=\"(max-width: 481px) 100vw, 481px\" data-has-transparency=\"false\" data-dominant-color=\"9f8677\" style=\"--dominant-color: #9f8677\"><\/figure><div class=\"elementor-image-box-content\"><h3 class=\"elementor-image-box-title\">S\u0103pt\u0103m\u00e2na de celebrare a bibliotecii<\/h3><p class=\"elementor-image-box-description\">\u00cen calitate de familie Rapid, care crede \u00een puterea lecturii \u0219i a cunoa\u0219terii, s\u0103rb\u0103torim S\u0103pt\u0103m\u00e2na Bibliotecii, care a \u00eenceput \u00een ultima zi de luni a lunii martie din 1964 \u00een Turcia!<\/p><\/div><\/div>\t\t\t\t<\/div>\n\t\t\t\t<\/div>\n\t\t\t\t\t<\/div>\n\t\t<\/div>\n\t\t\t\t<div class=\"elementor-column elementor-col-33 elementor-top-column elementor-element elementor-element-fe6fd41\" data-id=\"fe6fd41\" data-element_type=\"column\" data-e-type=\"column\">\n\t\t\t<div class=\"elementor-widget-wrap elementor-element-populated\">\n\t\t\t\t\t\t<div class=\"elementor-element elementor-element-a6ab5e9 elementor-position-top elementor-widget elementor-widget-image-box\" data-id=\"a6ab5e9\" data-element_type=\"widget\" data-e-type=\"widget\" data-widget_type=\"image-box.default\">\n\t\t\t\t<div class=\"elementor-widget-container\">\n\t\t\t\t\t<div class=\"elementor-image-box-wrapper\"><figure class=\"elementor-image-box-img\"><img decoding=\"async\" width=\"481\" height=\"536\" src=\"https:\/\/rapid.com.tr\/wp-content\/uploads\/2024\/04\/TransRussia2024-jpg.webp\" class=\"attachment-full size-full wp-image-46433 not-transparent\" alt=\"\" srcset=\"https:\/\/rapid.com.tr\/wp-content\/uploads\/2024\/04\/TransRussia2024-jpg.webp 481w, https:\/\/rapid.com.tr\/wp-content\/uploads\/2024\/04\/TransRussia2024-11x12.webp 11w\" sizes=\"(max-width: 481px) 100vw, 481px\" data-has-transparency=\"false\" data-dominant-color=\"8a8885\" style=\"--dominant-color: #8a8885\"><\/figure><div class=\"elementor-image-box-content\"><h3 class=\"elementor-image-box-title\">TransRusia2024<\/h3><p class=\"elementor-image-box-description\">Organizarea a fost intens\u0103 \u0219i productiv\u0103, consolid\u00e2nd rela\u021biile noastre existente \u0219i, \u00een acela\u0219i timp, promov\u00e2nd noi colabor\u0103ri... TransRussia2024<\/p><\/div><\/div>\t\t\t\t<\/div>\n\t\t\t\t<\/div>\n\t\t\t\t\t<\/div>\n\t\t<\/div>\n\t\t\t\t\t<\/div>\n\t\t<\/section>\n\t\t\t\t<section class=\"elementor-section elementor-top-section elementor-element elementor-element-4028a49 elementor-section-boxed elementor-section-height-default elementor-section-height-default\" data-id=\"4028a49\" data-element_type=\"section\" data-e-type=\"section\">\n\t\t\t\t\t\t<div class=\"elementor-container elementor-column-gap-default\">\n\t\t\t\t\t<div class=\"elementor-column elementor-col-33 elementor-top-column elementor-element elementor-element-6b23f41\" data-id=\"6b23f41\" data-element_type=\"column\" data-e-type=\"column\">\n\t\t\t<div class=\"elementor-widget-wrap elementor-element-populated\">\n\t\t\t\t\t\t<div class=\"elementor-element elementor-element-97dc1b2 elementor-position-top elementor-widget elementor-widget-image-box\" data-id=\"97dc1b2\" data-element_type=\"widget\" data-e-type=\"widget\" data-widget_type=\"image-box.default\">\n\t\t\t\t<div class=\"elementor-widget-container\">\n\t\t\t\t\t<div class=\"elementor-image-box-wrapper\"><figure class=\"elementor-image-box-img\"><img loading=\"lazy\" decoding=\"async\" width=\"480\" height=\"480\" src=\"https:\/\/rapid.com.tr\/wp-content\/uploads\/2024\/04\/partial_1-jpg.webp\" class=\"attachment-full size-full wp-image-46415 not-transparent\" alt=\"\" srcset=\"https:\/\/rapid.com.tr\/wp-content\/uploads\/2024\/04\/partial_1-jpg.webp 480w, https:\/\/rapid.com.tr\/wp-content\/uploads\/2024\/04\/partial_1-80x80.webp 80w, https:\/\/rapid.com.tr\/wp-content\/uploads\/2024\/04\/partial_1-12x12.webp 12w\" sizes=\"(max-width: 480px) 100vw, 480px\" data-has-transparency=\"false\" data-dominant-color=\"cdcdd2\" style=\"--dominant-color: #cdcdd2\"><\/figure><div class=\"elementor-image-box-content\"><h3 class=\"elementor-image-box-title\">Servicii par\u021biale<\/h3><p class=\"elementor-image-box-description\">AVEM TURCIA-RUSIA \u0219i TURCIA-BELARUS\nSERVICIU PAR\u021aIAL DE 2 ORI PE S\u0102PT\u0102M\u00c2N\u0102.\nSuna\u021bi-ne, primi\u021bi o ofert\u0103!<\/p><\/div><\/div>\t\t\t\t<\/div>\n\t\t\t\t<\/div>\n\t\t\t\t<div class=\"elementor-element elementor-element-2cad5b8 elementor-position-top elementor-widget elementor-widget-image-box\" data-id=\"2cad5b8\" data-element_type=\"widget\" data-e-type=\"widget\" data-widget_type=\"image-box.default\">\n\t\t\t\t<div class=\"elementor-widget-container\">\n\t\t\t\t\t<div class=\"elementor-image-box-wrapper\"><figure class=\"elementor-image-box-img\"><img loading=\"lazy\" decoding=\"async\" width=\"481\" height=\"602\" src=\"https:\/\/rapid.com.tr\/wp-content\/uploads\/2024\/04\/LONG-TERM_PARTNERSHIP-jpg.webp\" class=\"attachment-full size-full wp-image-46432 not-transparent\" alt=\"\" srcset=\"https:\/\/rapid.com.tr\/wp-content\/uploads\/2024\/04\/LONG-TERM_PARTNERSHIP-jpg.webp 481w, https:\/\/rapid.com.tr\/wp-content\/uploads\/2024\/04\/LONG-TERM_PARTNERSHIP-10x12.webp 10w\" sizes=\"(max-width: 481px) 100vw, 481px\" data-has-transparency=\"false\" data-dominant-color=\"a0a2a2\" style=\"--dominant-color: #a0a2a2\"><\/figure><div class=\"elementor-image-box-content\"><h3 class=\"elementor-image-box-title\">Parteneriat pe termen lung<\/h3><p class=\"elementor-image-box-description\">Placheta noastr\u0103 \"PENTRU UN PARTENERIAT PE TERMEN LUNG\" a fost ca un r\u0103spuns la propozi\u021bia noastr\u0103 \"Suntem ferici\u021bi s\u0103 facem parte din acest an, ca \u00een fiecare an\"...\nV\u0103 mul\u021bumim ITE GROUP<\/p><\/div><\/div>\t\t\t\t<\/div>\n\t\t\t\t<\/div>\n\t\t\t\t\t<\/div>\n\t\t<\/div>\n\t\t\t\t<div class=\"elementor-column elementor-col-33 elementor-top-column elementor-element elementor-element-d1a7b81\" data-id=\"d1a7b81\" data-element_type=\"column\" data-e-type=\"column\">\n\t\t\t<div class=\"elementor-widget-wrap elementor-element-populated\">\n\t\t\t\t\t\t<div class=\"elementor-element elementor-element-b3548d3 elementor-position-top elementor-widget elementor-widget-image-box\" data-id=\"b3548d3\" data-element_type=\"widget\" data-e-type=\"widget\" data-widget_type=\"image-box.default\">\n\t\t\t\t<div class=\"elementor-widget-container\">\n\t\t\t\t\t<div class=\"elementor-image-box-wrapper\"><figure class=\"elementor-image-box-img\"><img loading=\"lazy\" decoding=\"async\" width=\"480\" height=\"600\" src=\"https:\/\/rapid.com.tr\/wp-content\/uploads\/2024\/06\/Ayin-Elemani_Romanya-jpeg.avif\" class=\"attachment-full size-full wp-image-46560 not-transparent\" alt=\"\" srcset=\"https:\/\/rapid.com.tr\/wp-content\/uploads\/2024\/06\/Ayin-Elemani_Romanya-jpeg.avif 480w, https:\/\/rapid.com.tr\/wp-content\/uploads\/2024\/06\/Ayin-Elemani_Romanya-10x12.avif 10w\" sizes=\"(max-width: 480px) 100vw, 480px\" data-has-transparency=\"false\" data-dominant-color=\"8a8581\" style=\"--dominant-color: #8a8581\"><\/figure><div class=\"elementor-image-box-content\"><h3 class=\"elementor-image-box-title\">Angajatul lunii<\/h3><p class=\"elementor-image-box-description\">Colegii no\u0219tri valoro\u0219i;\nK\u00fcbra Duygun, Sinem Y\u0131ld\u0131r\u0131m \u0219i Canan Ako\u011flu \u0219i-au c\u00e2\u0219tigat dreptul de a fi ANGAJA\u021aII LUNII datorit\u0103 succesului lor remarcabil.\u00cei felicit\u0103m.<\/p><\/div><\/div>\t\t\t\t<\/div>\n\t\t\t\t<\/div>\n\t\t\t\t\t<\/div>\n\t\t<\/div>\n\t\t\t\t<div class=\"elementor-column elementor-col-33 elementor-top-column elementor-element elementor-element-b3656bd\" data-id=\"b3656bd\" data-element_type=\"column\" data-e-type=\"column\">\n\t\t\t<div class=\"elementor-widget-wrap elementor-element-populated\">\n\t\t\t\t\t\t<div class=\"elementor-element elementor-element-f5ebf14 elementor-position-top elementor-widget elementor-widget-image-box\" data-id=\"f5ebf14\" data-element_type=\"widget\" data-e-type=\"widget\" data-widget_type=\"image-box.default\">\n\t\t\t\t<div class=\"elementor-widget-container\">\n\t\t\t\t\t<div class=\"elementor-image-box-wrapper\"><figure class=\"elementor-image-box-img\"><img loading=\"lazy\" decoding=\"async\" width=\"936\" height=\"1180\" src=\"https:\/\/rapid.com.tr\/wp-content\/uploads\/2024\/09\/Fuar-Izmir-1-png.avif\" class=\"attachment-full size-full wp-image-46587 has-transparency\" alt=\"\" srcset=\"https:\/\/rapid.com.tr\/wp-content\/uploads\/2024\/09\/Fuar-Izmir-1-png.avif 936w, https:\/\/rapid.com.tr\/wp-content\/uploads\/2024\/09\/Fuar-Izmir-1-768x968.avif 768w, https:\/\/rapid.com.tr\/wp-content\/uploads\/2024\/09\/Fuar-Izmir-1-10x12.avif 10w\" sizes=\"(max-width: 936px) 100vw, 936px\" data-has-transparency=\"true\" data-dominant-color=\"5d6c68\" style=\"--dominant-color: #5d6c68\"><\/figure><div class=\"elementor-image-box-content\"><h3 class=\"elementor-image-box-title\">T\u00e2rgul din Izmir<\/h3><p class=\"elementor-image-box-description\">\u00cen calitate de Rapid International Transportation, am fost prezen\u021bi la LOGISTECH - al 3-lea T\u00c2RG DE LOGISTIC\u0102, DEPOZITE \u0218I TEHNOLOGII organizat \u00een Izmir.<\/p><\/div><\/div>\t\t\t\t<\/div>\n\t\t\t\t<\/div>\n\t\t\t\t\t<\/div>\n\t\t<\/div>\n\t\t\t\t\t<\/div>\n\t\t<\/section>\n\t\t\t\t<\/div>","protected":false},"excerpt":{"rendered":"<p>TransRussia2025 We hope that the transportation fair held in Russia will bring days that will contribute to our company, our customers and our partners. We invite you..<\/p>","protected":false},"author":4,"featured_media":0,"parent":0,"menu_order":26,"comment_status":"closed","ping_status":"closed","template":"","meta":{"footnotes":""},"class_list":["post-46404","page","type-page","status-publish","hentry"],"_hostinger_reach_plugin_has_subscription_block":false,"_hostinger_reach_plugin_is_elementor":false,"_links":{"self":[{"href":"https:\/\/rapid.com.tr\/ro\/wp-json\/wp\/v2\/pages\/46404","targetHints":{"allow":["GET"]}}],"collection":[{"href":"https:\/\/rapid.com.tr\/ro\/wp-json\/wp\/v2\/pages"}],"about":[{"href":"https:\/\/rapid.com.tr\/ro\/wp-json\/wp\/v2\/types\/page"}],"author":[{"embeddable":true,"href":"https:\/\/rapid.com.tr\/ro\/wp-json\/wp\/v2\/users\/4"}],"replies":[{"embeddable":true,"href":"https:\/\/rapid.com.tr\/ro\/wp-json\/wp\/v2\/comments?post=46404"}],"version-history":[{"count":65,"href":"https:\/\/rapid.com.tr\/ro\/wp-json\/wp\/v2\/pages\/46404\/revisions"}],"predecessor-version":[{"id":46685,"href":"https:\/\/rapid.com.tr\/ro\/wp-json\/wp\/v2\/pages\/46404\/revisions\/46685"}],"wp:attachment":[{"href":"https:\/\/rapid.com.tr\/ro\/wp-json\/wp\/v2\/media?parent=46404"}],"curies":[{"name":"wp","href":"https:\/\/api.w.org\/{rel}","templated":true}]}}