{"id":28041,"date":"2023-02-09T07:57:41","date_gmt":"2023-02-09T04:57:41","guid":{"rendered":"https:\/\/wordpress.zozothemes.com\/tranzkart\/who-we-are-copy\/"},"modified":"2025-03-17T16:58:44","modified_gmt":"2025-03-17T13:58:44","slug":"tarih","status":"publish","type":"page","link":"https:\/\/rapid.com.tr\/tr\/tarih\/","title":{"rendered":"Tarih\u00e7e"},"content":{"rendered":"<div data-elementor-type=\"wp-page\" data-elementor-id=\"28041\" class=\"elementor elementor-28041\" data-elementor-post-type=\"page\">\n\t\t\t\t\t\t<section class=\"elementor-section elementor-top-section elementor-element elementor-element-42fba68 elementor-section-stretched elementor-section-content-middle elementor-section-boxed elementor-section-height-default elementor-section-height-default\" data-id=\"42fba68\" data-element_type=\"section\" data-e-type=\"section\" data-settings=\"{&quot;stretch_section&quot;:&quot;section-stretched&quot;,&quot;background_background&quot;:&quot;classic&quot;}\">\n\t\t\t\t\t\t\t<div class=\"elementor-background-overlay\"><\/div>\n\t\t\t\t\t\t\t<div class=\"elementor-container elementor-column-gap-default\">\n\t\t\t\t\t<div class=\"elementor-column elementor-col-100 elementor-top-column elementor-element elementor-element-132203da\" data-id=\"132203da\" data-element_type=\"column\" data-e-type=\"column\" data-settings=\"{&quot;background_background&quot;:&quot;classic&quot;}\">\n\t\t\t<div class=\"elementor-widget-wrap elementor-element-populated\">\n\t\t\t\t\t<div class=\"elementor-background-overlay\"><\/div>\n\t\t\t\t\t\t<div class=\"elementor-element elementor-element-2a2a630 cea-align-center cea-separator-type-normal elementor-invisible elementor-widget elementor-widget-ceasectiontitle\" data-id=\"2a2a630\" data-element_type=\"widget\" data-e-type=\"widget\" data-settings=\"{&quot;_animation&quot;:&quot;fadeInUp&quot;}\" data-widget_type=\"ceasectiontitle.default\">\n\t\t\t\t<div class=\"elementor-widget-container\">\n\t\t\t\t\t<div class=\"section-title-wrapper\"><div class=\"title-wrap\"><div class=\"sub-title\">RAPID&#039;\u0130N TAR\u0130H\u00c7ES\u0130<\/div><h2 class=\"section-title\">\u015eirketimizin Tarih\u00e7esi<\/h2><div class=\"elementor-divider\"><span class=\"elementor-divider-separator\"><\/span><\/div><\/div><!-- .title-wrap --><div class=\"section-description\"><\/div><!-- .section-description --><\/div><!-- .section-title-wrapper -->\t\t\t\t<\/div>\n\t\t\t\t<\/div>\n\t\t\t\t<section class=\"elementor-section elementor-inner-section elementor-element elementor-element-c97d6ab elementor-section-boxed elementor-section-height-default elementor-section-height-default\" data-id=\"c97d6ab\" data-element_type=\"section\" data-e-type=\"section\">\n\t\t\t\t\t\t<div class=\"elementor-container elementor-column-gap-default\">\n\t\t\t\t\t<div class=\"elementor-column elementor-col-100 elementor-inner-column elementor-element elementor-element-6de038c\" data-id=\"6de038c\" data-element_type=\"column\" data-e-type=\"column\">\n\t\t\t<div class=\"elementor-widget-wrap elementor-element-populated\">\n\t\t\t\t\t\t<div class=\"elementor-element elementor-element-2fe03af elementor-invisible elementor-widget elementor-widget-ceatimeline\" data-id=\"2fe03af\" data-element_type=\"widget\" data-e-type=\"widget\" data-settings=\"{&quot;_animation&quot;:&quot;zoomIn&quot;}\" data-widget_type=\"ceatimeline.default\">\n\t\t\t\t<div class=\"elementor-widget-container\">\n\t\t\t\t\t<div class=\"timeline-wrapper timeline-style-1\"><ul class=\"timeline\"><li class=\"elementor-repeater-item-58f2e01\"><div class=\"timeline-badge rounded-circle\"><i aria-hidden=\"true\" class=\"fas fa-truck\"><\/i><\/div><div class=\"timeline-sep-title\">1965<\/div><div class=\"timeline-panel\"><div class=\"timeline-heading\"><h4 class=\"timeline-title\">Nejat Dilmen taraf\u0131ndan Rapid Uluslararas\u0131 Ta\u015f\u0131mac\u0131l\u0131k kuruldu.<\/h4><\/div><\/div><\/li><!-- .timeline item li --><li class=\"timeline-inverted elementor-repeater-item-aff146e\"><div class=\"timeline-badge rounded-circle\"><i aria-hidden=\"true\" class=\"fas fa-chart-line\"><\/i><\/div><div class=\"timeline-sep-title\">1970 <\/div><div class=\"timeline-panel\"><div class=\"timeline-heading\"><h4 class=\"timeline-title\">\u015eirketimiz ilk \u00f6zmal ve kiral\u0131k olarak 100 ara\u00e7l\u0131k filosuna eri\u015fti. <\/h4><\/div><\/div><\/li><!-- .timeline item li --><li class=\"elementor-repeater-item-91f3e36\"><div class=\"timeline-badge rounded-circle\"><i aria-hidden=\"true\" class=\"fas fa-sitemap\"><\/i><\/div><div class=\"timeline-sep-title\">1989 <\/div><div class=\"timeline-panel\"><div class=\"timeline-heading\"><h4 class=\"timeline-title\">Nejat Dilmen\u2019in 1989 y\u0131l\u0131nda vefat\u0131ndan sonra, liderlik g\u00f6revini e\u015fi Ayten Dilmen devrald\u0131. <\/h4><\/div><\/div><\/li><!-- .timeline item li --><li class=\"timeline-inverted elementor-repeater-item-cc932b1\"><div class=\"timeline-badge rounded-circle\"><i aria-hidden=\"true\" class=\"fas fa-medal\"><\/i><\/div><div class=\"timeline-sep-title\">1992<\/div><div class=\"timeline-panel\"><div class=\"timeline-heading\"><h4 class=\"timeline-title\">Alp Dilmen ve Ata Dilmen ile Romanya\u2019daki ilk uluslararas\u0131 ofis a\u00e7\u0131ld\u0131. K\u00fcresel anlamda ilk ad\u0131m oldu.<\/h4><\/div><\/div><\/li><!-- .timeline item li --><li class=\"elementor-repeater-item-7f1e1f6\"><div class=\"timeline-badge rounded-circle\"><i aria-hidden=\"true\" class=\"fas fa-shipping-fast\"><\/i><\/div><div class=\"timeline-sep-title\">2000<\/div><div class=\"timeline-panel\"><div class=\"timeline-heading\"><h4 class=\"timeline-title\">Romanya-T\u00fcrkiye, T\u00fcrkiye-Romanya sevkiyatlar\u0131nda pazar lideri konumunda. <\/h4><\/div><\/div><\/li><!-- .timeline item li --><li class=\"timeline-inverted elementor-repeater-item-c6f757b\"><div class=\"timeline-badge rounded-circle\"><i aria-hidden=\"true\" class=\"bi-cloud-fog2-fill\"><\/i><\/div><div class=\"timeline-sep-title\">2008<\/div><div class=\"timeline-panel\"><div class=\"timeline-heading\"><h4 class=\"timeline-title\">\u00d6zbekistan, Moldova, Rusya, Kazakistan d\u00fczenli y\u00fcklemeleriyle ile Orta Asya pazar\u0131na girildi. <\/h4><\/div><\/div><\/li><!-- .timeline item li --><li class=\"elementor-repeater-item-be3d56d\"><div class=\"timeline-badge rounded-circle\"><i aria-hidden=\"true\" class=\"fas fa-truck-loading\"><\/i><\/div><div class=\"timeline-sep-title\">2014<\/div><div class=\"timeline-panel\"><div class=\"timeline-heading\"><h4 class=\"timeline-title\">Kazakistan - Almat\u0131 Ofisimiz a\u00e7\u0131ld\u0131. <\/h4><\/div><\/div><\/li><!-- .timeline item li --><li class=\"timeline-inverted elementor-repeater-item-92e78a3\"><div class=\"timeline-badge rounded-circle\"><i aria-hidden=\"true\" class=\"bi-cloud-fog2-fill\"><\/i><\/div><div class=\"timeline-sep-title\">2015<\/div><div class=\"timeline-panel\"><div class=\"timeline-heading\"><h4 class=\"timeline-title\">Rusya - Moskova Ofisimiz a\u00e7\u0131ld\u0131. <\/h4><\/div><\/div><\/li><!-- .timeline item li --><li class=\"elementor-repeater-item-017bbc5\"><div class=\"timeline-badge rounded-circle\"><i aria-hidden=\"true\" class=\"fas fa-truck-loading\"><\/i><\/div><div class=\"timeline-sep-title\">2018<\/div><div class=\"timeline-panel\"><div class=\"timeline-heading\"><h4 class=\"timeline-title\">Moldova - Ki\u015finev Ofisimiz a\u00e7\u0131ld\u0131.<\/h4><\/div><\/div><\/li><!-- .timeline item li --><li class=\"timeline-inverted elementor-repeater-item-0b1ea56\"><div class=\"timeline-badge rounded-circle\"><i aria-hidden=\"true\" class=\"bi-cloud-fog2-fill\"><\/i><\/div><div class=\"timeline-sep-title\">2021<\/div><div class=\"timeline-panel\"><div class=\"timeline-heading\"><h4 class=\"timeline-title\">\u00d6zbekistan - Ta\u015fkent Ofisimiz a\u00e7\u0131ld\u0131. <\/h4><\/div><\/div><\/li><!-- .timeline item li --><li class=\"elementor-repeater-item-7788aef\"><div class=\"timeline-badge rounded-circle\"><i aria-hidden=\"true\" class=\"fas fa-truck-loading\"><\/i><\/div><div class=\"timeline-sep-title\">2022<\/div><div class=\"timeline-panel\"><div class=\"timeline-heading\"><h4 class=\"timeline-title\">ABD - Pittsburgh Ofisi a\u00e7\u0131ld\u0131.<\/h4><\/div><\/div><\/li><!-- .timeline item li --><li class=\"timeline-inverted elementor-repeater-item-d70a3ad\"><div class=\"timeline-badge rounded-circle\"><i aria-hidden=\"true\" class=\"bi-cloud-fog2-fill\"><\/i><\/div><div class=\"timeline-sep-title\">2023<\/div><div class=\"timeline-panel\"><div class=\"timeline-heading\"><h4 class=\"timeline-title\">K.Makedonya - Prilep Ofisi a\u00e7\u0131ld\u0131.<\/h4><\/div><\/div><\/li><!-- .timeline item li --><li class=\"elementor-repeater-item-d8c27b2\"><div class=\"timeline-badge rounded-circle\"><i aria-hidden=\"true\" class=\"fas fa-truck-loading\"><\/i><\/div><div class=\"timeline-sep-title\">2024<span>sonras\u0131<\/span><\/div><div class=\"timeline-panel\"><div class=\"timeline-heading\"><h4 class=\"timeline-title\">BAE - Dubai Ofisi a\u00e7\u0131ld\u0131.<\/h4><\/div><\/div><\/li><!-- .timeline item li --><\/ul><\/div><!-- .timeline-wrapper -->\t\t\t\t<\/div>\n\t\t\t\t<\/div>\n\t\t\t\t\t<\/div>\n\t\t<\/div>\n\t\t\t\t\t<\/div>\n\t\t<\/section>\n\t\t\t\t\t<\/div>\n\t\t<\/div>\n\t\t\t\t\t<\/div>\n\t\t<\/section>\n\t\t\t\t<\/div>","protected":false},"excerpt":{"rendered":"<p>HISTORY OF RAPID History of our company 1965 By Nejat Dilmen Rapid International Transport was established. 1970 Our company reached its first self-owned and leased fleet of..<\/p>","protected":false},"author":1,"featured_media":0,"parent":0,"menu_order":12,"comment_status":"closed","ping_status":"closed","template":"","meta":{"footnotes":""},"class_list":["post-28041","page","type-page","status-publish","hentry"],"_links":{"self":[{"href":"https:\/\/rapid.com.tr\/tr\/wp-json\/wp\/v2\/pages\/28041","targetHints":{"allow":["GET"]}}],"collection":[{"href":"https:\/\/rapid.com.tr\/tr\/wp-json\/wp\/v2\/pages"}],"about":[{"href":"https:\/\/rapid.com.tr\/tr\/wp-json\/wp\/v2\/types\/page"}],"author":[{"embeddable":true,"href":"https:\/\/rapid.com.tr\/tr\/wp-json\/wp\/v2\/users\/1"}],"replies":[{"embeddable":true,"href":"https:\/\/rapid.com.tr\/tr\/wp-json\/wp\/v2\/comments?post=28041"}],"version-history":[{"count":73,"href":"https:\/\/rapid.com.tr\/tr\/wp-json\/wp\/v2\/pages\/28041\/revisions"}],"predecessor-version":[{"id":46674,"href":"https:\/\/rapid.com.tr\/tr\/wp-json\/wp\/v2\/pages\/28041\/revisions\/46674"}],"wp:attachment":[{"href":"https:\/\/rapid.com.tr\/tr\/wp-json\/wp\/v2\/media?parent=28041"}],"curies":[{"name":"wp","href":"https:\/\/api.w.org\/{rel}","templated":true}]}}