{"id":44487,"date":"2023-09-18T03:18:18","date_gmt":"2023-09-18T00:18:18","guid":{"rendered":"https:\/\/rapid.com.tr\/?page_id=44487"},"modified":"2024-05-09T09:35:17","modified_gmt":"2024-05-09T06:35:17","slug":"moldova","status":"publish","type":"page","link":"https:\/\/rapid.com.tr\/tr\/moldova\/","title":{"rendered":"Moldova"},"content":{"rendered":"<div data-elementor-type=\"wp-page\" data-elementor-id=\"44487\" class=\"elementor elementor-44487\" data-elementor-post-type=\"page\">\n\t\t\t\t\t\t<section class=\"elementor-section elementor-top-section elementor-element elementor-element-e9cd0a6 elementor-section-content-middle elementor-section-full_width elementor-section-height-default elementor-section-height-default\" data-id=\"e9cd0a6\" data-element_type=\"section\" data-e-type=\"section\">\n\t\t\t\t\t\t<div class=\"elementor-container elementor-column-gap-extended\">\n\t\t\t\t\t<div class=\"elementor-column elementor-col-100 elementor-top-column elementor-element elementor-element-1554b18\" data-id=\"1554b18\" data-element_type=\"column\" data-e-type=\"column\">\n\t\t\t<div class=\"elementor-widget-wrap elementor-element-populated\">\n\t\t\t\t\t\t<div class=\"elementor-element elementor-element-2b25a4d elementor-widget elementor-widget-ceateam\" data-id=\"2b25a4d\" data-element_type=\"widget\" data-e-type=\"widget\" data-widget_type=\"ceateam.default\">\n\t\t\t\t\n\t\t<div class=\"elementor-widget-container team-wrapper team-style-modern team-light team-normal-model\">\n\t\t\n\t\t\t<div class=\"row\"><div class=\"col-lg-4 col-md-4\" ><div class=\"team-inner\"><div class=\"post-thumb\"><a href=\"https:\/\/rapid.com.tr\/tr\/takim\/tudor-iamandii\/\" class=\"post-image-link\"><img decoding=\"async\" src=\"https:\/\/rapid.com.tr\/wp-content\/uploads\/2023\/09\/Moldova-Tudor-scaled-e1704889297198.webp\" title=\"Moldova Tudor\" alt=\"\" class=\"img-fluid rounded\"><\/a><\/div><!-- .post-thumb --><div class=\"entry-title\"><h4 class=\"post-title-head\"><a href=\"https:\/\/rapid.com.tr\/tr\/takim\/tudor-iamandii\/\" class=\"post-title\">Tudor Iamand\u0131\u0131<\/a><\/h4><\/div><!-- .entry-title --><div class=\"team-designation\">Moldova Ofis M\u00fcd\u00fcr\u00fc<\/div><!-- .team-designation --><div class=\"team-social-wrap clearfix\"><ul class=\"nav social-icons team-socialsocial-circled social-white social-h-white social-bg-transparent social-hbg-own\"><li><a class=\"social-twitter\" href=\"mailto:tudor.iamandii@rapid.com.tr\" target=\"_blank\"><i class=\"fa fa-envelope\"><\/i><\/a><\/li><li><a class=\"social-instagram\" href=\"tel:+37368673030\" target=\"_blank\"><i class=\"fa fa-phone\"><\/i><\/a><\/li><\/ul><\/div> <!-- .team-social-wrap --><\/div><!-- .team-inner --><\/div><!-- .col \/ .owl-carousel-item \/ .isotope --><div class=\"col-lg-4 col-md-4\" ><div class=\"team-inner\"><div class=\"post-thumb\"><a href=\"https:\/\/rapid.com.tr\/tr\/takim\/mariana-dizdari\/\" class=\"post-image-link\"><img decoding=\"async\" src=\"https:\/\/rapid.com.tr\/wp-content\/uploads\/2023\/09\/Moldova-Mariana-scaled-e1704890178896.webp\" title=\"Moldova Mariana\" alt=\"\" class=\"img-fluid rounded img-fluid rounded\"><\/a><\/div><!-- .post-thumb --><div class=\"entry-title\"><h4 class=\"post-title-head\"><a href=\"https:\/\/rapid.com.tr\/tr\/takim\/mariana-dizdari\/\" class=\"post-title\">Mariana Dizdari<\/a><\/h4><\/div><!-- .entry-title --><div class=\"team-designation\">Ara\u00e7 Tedarik Uzman\u0131<\/div><!-- .team-designation --><div class=\"team-social-wrap clearfix\"><ul class=\"nav social-icons team-socialsocial-circled social-white social-h-white social-bg-transparent social-hbg-own\"><li><a class=\"social-twitter\" href=\"mailto:mariana.dizdari@rapid.com.tr\" target=\"_blank\"><i class=\"fa fa-envelope\"><\/i><\/a><\/li><li><a class=\"social-instagram\" href=\"tel:+37368676452\" target=\"_blank\"><i class=\"fa fa-phone\"><\/i><\/a><\/li><\/ul><\/div> <!-- .team-social-wrap --><\/div><!-- .team-inner --><\/div><!-- .col \/ .owl-carousel-item \/ .isotope --><div class=\"col-lg-4 col-md-4\" ><div class=\"team-inner\"><div class=\"post-thumb\"><a href=\"https:\/\/rapid.com.tr\/tr\/takim\/olga-savelieva\/\" class=\"post-image-link\"><img decoding=\"async\" src=\"https:\/\/rapid.com.tr\/wp-content\/uploads\/2023\/09\/olgasavelieva-scaled-e1741765167822.avif\" title=\"olgasavelieva\" alt=\"\" class=\"img-fluid rounded img-fluid rounded img-fluid rounded\"><\/a><\/div><!-- .post-thumb --><div class=\"entry-title\"><h4 class=\"post-title-head\"><a href=\"https:\/\/rapid.com.tr\/tr\/takim\/olga-savelieva\/\" class=\"post-title\">Olga Savelieva<\/a><\/h4><\/div><!-- .entry-title --><div class=\"team-designation\">Ara\u00e7 Tedarik Uzman\u0131<\/div><!-- .team-designation --><div class=\"team-social-wrap clearfix\"><ul class=\"nav social-icons team-socialsocial-circled social-white social-h-white social-bg-transparent social-hbg-own\"><li><a class=\"social-twitter\" href=\"mailto:olga.savelieva@rapid.com.tr\" target=\"_blank\"><i class=\"fa fa-envelope\"><\/i><\/a><\/li><li><a class=\"social-instagram\" href=\"tel:+37368676451\" target=\"_blank\"><i class=\"fa fa-phone\"><\/i><\/a><\/li><\/ul><\/div> <!-- .team-social-wrap --><\/div><!-- .team-inner --><\/div><!-- .col \/ .owl-carousel-item \/ .isotope --><\/div><!-- .row --><div class=\"row\"><div class=\"col-lg-4 col-md-4\" ><div class=\"team-inner\"><div class=\"post-thumb\"><a href=\"https:\/\/rapid.com.tr\/tr\/takim\/victoria-sterea\/\" class=\"post-image-link\"><img decoding=\"async\" src=\"https:\/\/rapid.com.tr\/wp-content\/uploads\/2023\/09\/Moldova-Victoria-Sterea-scaled-e1704890100467.webp\" title=\"Moldova Victoria Sterea\" alt=\"\" class=\"img-fluid rounded img-fluid rounded img-fluid rounded img-fluid rounded\"><\/a><\/div><!-- .post-thumb --><div class=\"entry-title\"><h4 class=\"post-title-head\"><a href=\"https:\/\/rapid.com.tr\/tr\/takim\/victoria-sterea\/\" class=\"post-title\">Victoria Sterea<\/a><\/h4><\/div><!-- .entry-title --><div class=\"team-designation\">Ara\u00e7 Tedarik Uzman\u0131<\/div><!-- .team-designation --><div class=\"team-social-wrap clearfix\"><ul class=\"nav social-icons team-socialsocial-circled social-white social-h-white social-bg-transparent social-hbg-own\"><li><a class=\"social-twitter\" href=\"mailto:victoria.sterea@rapid.com.tr\" target=\"_blank\"><i class=\"fa fa-envelope\"><\/i><\/a><\/li><li><a class=\"social-instagram\" href=\"tel:+37368888257\" target=\"_blank\"><i class=\"fa fa-phone\"><\/i><\/a><\/li><\/ul><\/div> <!-- .team-social-wrap --><\/div><!-- .team-inner --><\/div><!-- .col \/ .owl-carousel-item \/ .isotope --><div class=\"col-lg-4 col-md-4\" ><div class=\"team-inner\"><div class=\"post-thumb\"><a href=\"https:\/\/rapid.com.tr\/tr\/takim\/iulea-poleacova\/\" class=\"post-image-link\"><img decoding=\"async\" src=\"https:\/\/rapid.com.tr\/wp-content\/uploads\/2023\/09\/Moldova-Iulea-scaled-e1704889362654.webp\" title=\"Moldova Iulea\" alt=\"\" class=\"img-fluid rounded img-fluid rounded img-fluid rounded img-fluid rounded img-fluid rounded\"><\/a><\/div><!-- .post-thumb --><div class=\"entry-title\"><h4 class=\"post-title-head\"><a href=\"https:\/\/rapid.com.tr\/tr\/takim\/iulea-poleacova\/\" class=\"post-title\">Iulea Poleacova<\/a><\/h4><\/div><!-- .entry-title --><div class=\"team-designation\">M\u00fc\u015fteri Temsilcisi<\/div><!-- .team-designation --><div class=\"team-social-wrap clearfix\"><ul class=\"nav social-icons team-socialsocial-circled social-white social-h-white social-bg-transparent social-hbg-own\"><li><a class=\"social-twitter\" href=\"mailto:iulea.poleacova@rapid.com.tr\" target=\"_blank\"><i class=\"fa fa-envelope\"><\/i><\/a><\/li><li><a class=\"social-instagram\" href=\"tel:+37368678821\" target=\"_blank\"><i class=\"fa fa-phone\"><\/i><\/a><\/li><\/ul><\/div> <!-- .team-social-wrap --><\/div><!-- .team-inner --><\/div><!-- .col \/ .owl-carousel-item \/ .isotope --><\/div><!-- .row -->\t\t\t\n\t\t<\/div>\n\t\t\t\t<\/div>\n\t\t\t\t\t<\/div>\n\t\t<\/div>\n\t\t\t\t\t<\/div>\n\t\t<\/section>\n\t\t\t\t<\/div>","protected":false},"excerpt":{"rendered":"<p>Tudor Iamand\u0131\u0131 Moldova Office Manager Mariana Dizdari Truck Supply..<\/p>","protected":false},"author":1,"featured_media":0,"parent":0,"menu_order":20,"comment_status":"closed","ping_status":"closed","template":"","meta":{"footnotes":""},"class_list":["post-44487","page","type-page","status-publish","hentry"],"_links":{"self":[{"href":"https:\/\/rapid.com.tr\/tr\/wp-json\/wp\/v2\/pages\/44487","targetHints":{"allow":["GET"]}}],"collection":[{"href":"https:\/\/rapid.com.tr\/tr\/wp-json\/wp\/v2\/pages"}],"about":[{"href":"https:\/\/rapid.com.tr\/tr\/wp-json\/wp\/v2\/types\/page"}],"author":[{"embeddable":true,"href":"https:\/\/rapid.com.tr\/tr\/wp-json\/wp\/v2\/users\/1"}],"replies":[{"embeddable":true,"href":"https:\/\/rapid.com.tr\/tr\/wp-json\/wp\/v2\/comments?post=44487"}],"version-history":[{"count":17,"href":"https:\/\/rapid.com.tr\/tr\/wp-json\/wp\/v2\/pages\/44487\/revisions"}],"predecessor-version":[{"id":46482,"href":"https:\/\/rapid.com.tr\/tr\/wp-json\/wp\/v2\/pages\/44487\/revisions\/46482"}],"wp:attachment":[{"href":"https:\/\/rapid.com.tr\/tr\/wp-json\/wp\/v2\/media?parent=44487"}],"curies":[{"name":"wp","href":"https:\/\/api.w.org\/{rel}","templated":true}]}}