{"id":44491,"date":"2023-09-18T04:04:22","date_gmt":"2023-09-18T01:04:22","guid":{"rendered":"https:\/\/rapid.com.tr\/?page_id=44491"},"modified":"2024-05-09T09:38:18","modified_gmt":"2024-05-09T06:38:18","slug":"ozbekistan","status":"publish","type":"page","link":"https:\/\/rapid.com.tr\/tr\/ozbekistan\/","title":{"rendered":"\u00d6zbekistan"},"content":{"rendered":"<div data-elementor-type=\"wp-page\" data-elementor-id=\"44491\" class=\"elementor elementor-44491\" data-elementor-post-type=\"page\">\n\t\t\t\t\t\t<section class=\"elementor-section elementor-top-section elementor-element elementor-element-e9cd0a6 elementor-section-content-middle elementor-section-full_width elementor-section-height-default elementor-section-height-default\" data-id=\"e9cd0a6\" data-element_type=\"section\" data-e-type=\"section\">\n\t\t\t\t\t\t<div class=\"elementor-container elementor-column-gap-extended\">\n\t\t\t\t\t<div class=\"elementor-column elementor-col-100 elementor-top-column elementor-element elementor-element-1554b18\" data-id=\"1554b18\" data-element_type=\"column\" data-e-type=\"column\">\n\t\t\t<div class=\"elementor-widget-wrap elementor-element-populated\">\n\t\t\t\t\t\t<div class=\"elementor-element elementor-element-2b25a4d elementor-widget elementor-widget-ceateam\" data-id=\"2b25a4d\" data-element_type=\"widget\" data-e-type=\"widget\" data-widget_type=\"ceateam.default\">\n\t\t\t\t\n\t\t<div class=\"elementor-widget-container team-wrapper team-style-modern team-light team-normal-model\">\n\t\t\n\t\t\t<div class=\"row\"><div class=\"col-lg-4 col-md-4\" ><div class=\"team-inner\"><div class=\"post-thumb\"><a href=\"https:\/\/rapid.com.tr\/tr\/takim\/farrukh-umirov\/\" class=\"post-image-link\"><img decoding=\"async\" src=\"https:\/\/rapid.com.tr\/wp-content\/uploads\/2023\/09\/farrukh-umirov-scaled-e1704357354410.webp\" title=\"farrukh umirov\" alt=\"\" class=\"img-fluid rounded\"><\/a><\/div><!-- .post-thumb --><div class=\"entry-title\"><h4 class=\"post-title-head\"><a href=\"https:\/\/rapid.com.tr\/tr\/takim\/farrukh-umirov\/\" class=\"post-title\">Farrukh Umirov<\/a><\/h4><\/div><!-- .entry-title --><div class=\"team-designation\">\u00d6zbekistan Ofis M\u00fcd\u00fcr\u00fc<\/div><!-- .team-designation --><div class=\"team-social-wrap clearfix\"><ul class=\"nav social-icons team-socialsocial-circled social-white social-h-white social-bg-transparent social-hbg-own\"><li><a class=\"social-twitter\" href=\"mailto:farrux.umirov@rapid.com.tr\" target=\"_blank\"><i class=\"fa fa-envelope\"><\/i><\/a><\/li><li><a class=\"social-instagram\" href=\"tel:+998900995559\" target=\"_blank\"><i class=\"fa fa-phone\"><\/i><\/a><\/li><\/ul><\/div> <!-- .team-social-wrap --><\/div><!-- .team-inner --><\/div><!-- .col \/ .owl-carousel-item \/ .isotope --><div class=\"col-lg-4 col-md-4\" ><div class=\"team-inner\"><div class=\"post-thumb\"><a href=\"https:\/\/rapid.com.tr\/tr\/takim\/salimzhon-samiev\/\" class=\"post-image-link\"><img decoding=\"async\" src=\"https:\/\/rapid.com.tr\/wp-content\/uploads\/2023\/09\/Salim-Bey-scaled-e1704357410432.webp\" title=\"Salim Bey\" alt=\"\" class=\"img-fluid rounded img-fluid rounded\"><\/a><\/div><!-- .post-thumb --><div class=\"entry-title\"><h4 class=\"post-title-head\"><a href=\"https:\/\/rapid.com.tr\/tr\/takim\/salimzhon-samiev\/\" class=\"post-title\">Salimjon Samyev<\/a><\/h4><\/div><!-- .entry-title --><div class=\"team-designation\">Ara\u00e7 Tedarik Uzman\u0131<\/div><!-- .team-designation --><div class=\"team-social-wrap clearfix\"><ul class=\"nav social-icons team-socialsocial-circled social-white social-h-white social-bg-transparent social-hbg-own\"><li><a class=\"social-twitter\" href=\"mailto:salimzhon.samiev@rapid.com.tr\" target=\"_blank\"><i class=\"fa fa-envelope\"><\/i><\/a><\/li><li><a class=\"social-instagram\" href=\"tel:+905428274956\" target=\"_blank\"><i class=\"fa fa-phone\"><\/i><\/a><\/li><\/ul><\/div> <!-- .team-social-wrap --><\/div><!-- .team-inner --><\/div><!-- .col \/ .owl-carousel-item \/ .isotope --><\/div><!-- .row -->\t\t\t\n\t\t<\/div>\n\t\t\t\t<\/div>\n\t\t\t\t\t<\/div>\n\t\t<\/div>\n\t\t\t\t\t<\/div>\n\t\t<\/section>\n\t\t\t\t<\/div>","protected":false},"excerpt":{"rendered":"<p>Salimzhon Samiev Truck Supply Specialist Farrukh Umirov Uzbekistan Office..<\/p>","protected":false},"author":1,"featured_media":0,"parent":0,"menu_order":2,"comment_status":"closed","ping_status":"closed","template":"","meta":{"footnotes":""},"class_list":["post-44491","page","type-page","status-publish","hentry"],"_links":{"self":[{"href":"https:\/\/rapid.com.tr\/tr\/wp-json\/wp\/v2\/pages\/44491","targetHints":{"allow":["GET"]}}],"collection":[{"href":"https:\/\/rapid.com.tr\/tr\/wp-json\/wp\/v2\/pages"}],"about":[{"href":"https:\/\/rapid.com.tr\/tr\/wp-json\/wp\/v2\/types\/page"}],"author":[{"embeddable":true,"href":"https:\/\/rapid.com.tr\/tr\/wp-json\/wp\/v2\/users\/1"}],"replies":[{"embeddable":true,"href":"https:\/\/rapid.com.tr\/tr\/wp-json\/wp\/v2\/comments?post=44491"}],"version-history":[{"count":14,"href":"https:\/\/rapid.com.tr\/tr\/wp-json\/wp\/v2\/pages\/44491\/revisions"}],"predecessor-version":[{"id":46477,"href":"https:\/\/rapid.com.tr\/tr\/wp-json\/wp\/v2\/pages\/44491\/revisions\/46477"}],"wp:attachment":[{"href":"https:\/\/rapid.com.tr\/tr\/wp-json\/wp\/v2\/media?parent=44491"}],"curies":[{"name":"wp","href":"https:\/\/api.w.org\/{rel}","templated":true}]}}