{"id":46379,"date":"2024-04-29T16:27:30","date_gmt":"2024-04-29T13:27:30","guid":{"rendered":"https:\/\/rapid.com.tr\/?page_id=46379"},"modified":"2025-03-19T16:08:02","modified_gmt":"2025-03-19T13:08:02","slug":"mi%cc%87syon-vi%cc%87zyon-degerler","status":"publish","type":"page","link":"https:\/\/rapid.com.tr\/tr\/mi%cc%87syon-vi%cc%87zyon-degerler\/","title":{"rendered":"Misyon, Vizyon, De\u011ferler"},"content":{"rendered":"<div data-elementor-type=\"wp-page\" data-elementor-id=\"46379\" class=\"elementor elementor-46379\" data-elementor-post-type=\"page\">\n\t\t\t\t\t\t<section class=\"elementor-section elementor-top-section elementor-element elementor-element-a8a8340 elementor-section-boxed elementor-section-height-default elementor-section-height-default\" data-id=\"a8a8340\" data-element_type=\"section\" data-e-type=\"section\">\n\t\t\t\t\t\t<div class=\"elementor-container elementor-column-gap-default\">\n\t\t\t\t\t<div class=\"elementor-column elementor-col-33 elementor-top-column elementor-element elementor-element-adbf36d\" data-id=\"adbf36d\" data-element_type=\"column\" data-e-type=\"column\">\n\t\t\t<div class=\"elementor-widget-wrap elementor-element-populated\">\n\t\t\t\t\t\t<div class=\"elementor-element elementor-element-4f5bd29 elementor-position-top elementor-widget elementor-widget-image-box\" data-id=\"4f5bd29\" data-element_type=\"widget\" data-e-type=\"widget\" data-widget_type=\"image-box.default\">\n\t\t\t\t<div class=\"elementor-widget-container\">\n\t\t\t\t\t<div class=\"elementor-image-box-wrapper\"><figure class=\"elementor-image-box-img\"><img decoding=\"async\" width=\"80\" height=\"80\" src=\"https:\/\/rapid.com.tr\/wp-content\/uploads\/2025\/03\/Misyon-80x80.avif\" class=\"attachment-thumbnail size-thumbnail wp-image-46687 not-transparent\" alt=\"\" srcset=\"https:\/\/rapid.com.tr\/wp-content\/uploads\/2025\/03\/Misyon-80x80.avif 80w, https:\/\/rapid.com.tr\/wp-content\/uploads\/2025\/03\/Misyon-768x768.avif 768w, https:\/\/rapid.com.tr\/wp-content\/uploads\/2025\/03\/Misyon-12x12.avif 12w, https:\/\/rapid.com.tr\/wp-content\/uploads\/2025\/03\/Misyon.avif 1080w\" sizes=\"(max-width: 80px) 100vw, 80px\" data-has-transparency=\"false\" data-dominant-color=\"959595\" style=\"--dominant-color: #959595\"><\/figure><div class=\"elementor-image-box-content\"><h3 class=\"elementor-image-box-title\">M\u0130SYON <\/h3><p class=\"elementor-image-box-description\">Uluslararas\u0131 alanda ve kalite standartlar\u0131 do\u011frultusunda lojistik hizmeti veren \u015firketler aras\u0131nda en iyisi olmak. \n\n\n<\/p><\/div><\/div>\t\t\t\t<\/div>\n\t\t\t\t<\/div>\n\t\t\t\t\t<\/div>\n\t\t<\/div>\n\t\t\t\t<div class=\"elementor-column elementor-col-33 elementor-top-column elementor-element elementor-element-b13e81f\" data-id=\"b13e81f\" data-element_type=\"column\" data-e-type=\"column\">\n\t\t\t<div class=\"elementor-widget-wrap elementor-element-populated\">\n\t\t\t\t\t\t<div class=\"elementor-element elementor-element-53d3ba4 elementor-position-top elementor-widget elementor-widget-image-box\" data-id=\"53d3ba4\" data-element_type=\"widget\" data-e-type=\"widget\" data-widget_type=\"image-box.default\">\n\t\t\t\t<div class=\"elementor-widget-container\">\n\t\t\t\t\t<div class=\"elementor-image-box-wrapper\"><figure class=\"elementor-image-box-img\"><img decoding=\"async\" width=\"80\" height=\"80\" src=\"https:\/\/rapid.com.tr\/wp-content\/uploads\/2025\/03\/Vizyon-80x80.avif\" class=\"attachment-thumbnail size-thumbnail wp-image-46688 not-transparent\" alt=\"\" srcset=\"https:\/\/rapid.com.tr\/wp-content\/uploads\/2025\/03\/Vizyon-80x80.avif 80w, https:\/\/rapid.com.tr\/wp-content\/uploads\/2025\/03\/Vizyon-768x768.avif 768w, https:\/\/rapid.com.tr\/wp-content\/uploads\/2025\/03\/Vizyon-12x12.avif 12w, https:\/\/rapid.com.tr\/wp-content\/uploads\/2025\/03\/Vizyon.avif 1080w\" sizes=\"(max-width: 80px) 100vw, 80px\" data-has-transparency=\"false\" data-dominant-color=\"858789\" style=\"--dominant-color: #858789\"><\/figure><div class=\"elementor-image-box-content\"><h3 class=\"elementor-image-box-title\">V\u0130ZYON<\/h3><p class=\"elementor-image-box-description\">T\u00fcrkiye\u2019de ve yurt d\u0131\u015f\u0131nda i\u015fbirliklerimizi geli\u015ftirerek i\u015f hacmimizi art\u0131rmak. Kaliteli hizmet \u00fcreterek her y\u0131l % 50 karl\u0131l\u0131k sa\u011flayarak b\u00fcy\u00fcmek.<\/p><\/div><\/div>\t\t\t\t<\/div>\n\t\t\t\t<\/div>\n\t\t\t\t\t<\/div>\n\t\t<\/div>\n\t\t\t\t<div class=\"elementor-column elementor-col-33 elementor-top-column elementor-element elementor-element-cfd97f8\" data-id=\"cfd97f8\" data-element_type=\"column\" data-e-type=\"column\">\n\t\t\t<div class=\"elementor-widget-wrap elementor-element-populated\">\n\t\t\t\t\t\t<div class=\"elementor-element elementor-element-c4d11b7 elementor-position-top elementor-widget elementor-widget-image-box\" data-id=\"c4d11b7\" data-element_type=\"widget\" data-e-type=\"widget\" data-widget_type=\"image-box.default\">\n\t\t\t\t<div class=\"elementor-widget-container\">\n\t\t\t\t\t<div class=\"elementor-image-box-wrapper\"><figure class=\"elementor-image-box-img\"><img decoding=\"async\" width=\"80\" height=\"80\" src=\"https:\/\/rapid.com.tr\/wp-content\/uploads\/2025\/03\/Degerler-80x80.avif\" class=\"attachment-thumbnail size-thumbnail wp-image-46689 not-transparent\" alt=\"\" srcset=\"https:\/\/rapid.com.tr\/wp-content\/uploads\/2025\/03\/Degerler-80x80.avif 80w, https:\/\/rapid.com.tr\/wp-content\/uploads\/2025\/03\/Degerler-768x768.avif 768w, https:\/\/rapid.com.tr\/wp-content\/uploads\/2025\/03\/Degerler-12x12.avif 12w, https:\/\/rapid.com.tr\/wp-content\/uploads\/2025\/03\/Degerler.avif 1080w\" sizes=\"(max-width: 80px) 100vw, 80px\" data-has-transparency=\"false\" data-dominant-color=\"d1d1d1\" style=\"--dominant-color: #d1d1d1\"><\/figure><div class=\"elementor-image-box-content\"><h3 class=\"elementor-image-box-title\">DE\u011eERLER<\/h3><p class=\"elementor-image-box-description\">G\u00fcvenilirlik, D\u00fcr\u00fcstl\u00fck, Tak\u0131m \u00c7al\u0131\u015fmas\u0131, Farkl\u0131l\u0131klara Uyum\nM\u00fc\u015fteri Memnuniyeti\nSonu\u00e7 Odakl\u0131l\u0131k<\/p><\/div><\/div>\t\t\t\t<\/div>\n\t\t\t\t<\/div>\n\t\t\t\t\t<\/div>\n\t\t<\/div>\n\t\t\t\t\t<\/div>\n\t\t<\/section>\n\t\t\t\t<\/div>","protected":false},"excerpt":{"rendered":"<p>MISSION International and quality To be the best among the companies providing logistics services in line with its standards. VISION To increase our business volume by developing..<\/p>","protected":false},"author":4,"featured_media":0,"parent":0,"menu_order":27,"comment_status":"closed","ping_status":"closed","template":"","meta":{"footnotes":""},"class_list":["post-46379","page","type-page","status-publish","hentry"],"_hostinger_reach_plugin_has_subscription_block":false,"_hostinger_reach_plugin_is_elementor":false,"_links":{"self":[{"href":"https:\/\/rapid.com.tr\/tr\/wp-json\/wp\/v2\/pages\/46379","targetHints":{"allow":["GET"]}}],"collection":[{"href":"https:\/\/rapid.com.tr\/tr\/wp-json\/wp\/v2\/pages"}],"about":[{"href":"https:\/\/rapid.com.tr\/tr\/wp-json\/wp\/v2\/types\/page"}],"author":[{"embeddable":true,"href":"https:\/\/rapid.com.tr\/tr\/wp-json\/wp\/v2\/users\/4"}],"replies":[{"embeddable":true,"href":"https:\/\/rapid.com.tr\/tr\/wp-json\/wp\/v2\/comments?post=46379"}],"version-history":[{"count":28,"href":"https:\/\/rapid.com.tr\/tr\/wp-json\/wp\/v2\/pages\/46379\/revisions"}],"predecessor-version":[{"id":46692,"href":"https:\/\/rapid.com.tr\/tr\/wp-json\/wp\/v2\/pages\/46379\/revisions\/46692"}],"wp:attachment":[{"href":"https:\/\/rapid.com.tr\/tr\/wp-json\/wp\/v2\/media?parent=46379"}],"curies":[{"name":"wp","href":"https:\/\/api.w.org\/{rel}","templated":true}]}}