{"id":46404,"date":"2024-04-30T17:45:34","date_gmt":"2024-04-30T14:45:34","guid":{"rendered":"https:\/\/rapid.com.tr\/?page_id=46404"},"modified":"2025-03-19T11:01:50","modified_gmt":"2025-03-19T08:01:50","slug":"haberler","status":"publish","type":"page","link":"https:\/\/rapid.com.tr\/tr\/haberler\/","title":{"rendered":"Haberler"},"content":{"rendered":"<div data-elementor-type=\"wp-page\" data-elementor-id=\"46404\" class=\"elementor elementor-46404\" data-elementor-post-type=\"page\">\n\t\t\t\t\t\t<section class=\"elementor-section elementor-top-section elementor-element elementor-element-8fa65fb elementor-section-boxed elementor-section-height-default elementor-section-height-default\" data-id=\"8fa65fb\" data-element_type=\"section\" data-e-type=\"section\">\n\t\t\t\t\t\t<div class=\"elementor-container elementor-column-gap-default\">\n\t\t\t\t\t<div class=\"elementor-column elementor-col-33 elementor-top-column elementor-element elementor-element-e29dbdd\" data-id=\"e29dbdd\" data-element_type=\"column\" data-e-type=\"column\">\n\t\t\t<div class=\"elementor-widget-wrap elementor-element-populated\">\n\t\t\t\t\t\t<div class=\"elementor-element elementor-element-ddfaffb elementor-position-top elementor-widget elementor-widget-image-box\" data-id=\"ddfaffb\" data-element_type=\"widget\" data-e-type=\"widget\" data-widget_type=\"image-box.default\">\n\t\t\t\t<div class=\"elementor-widget-container\">\n\t\t\t\t\t<div class=\"elementor-image-box-wrapper\"><figure class=\"elementor-image-box-img\"><img fetchpriority=\"high\" decoding=\"async\" width=\"481\" height=\"601\" src=\"https:\/\/rapid.com.tr\/wp-content\/uploads\/2025\/03\/TRANSRUSSIA2025.avif\" class=\"attachment-full size-full wp-image-46682 not-transparent\" alt=\"\" srcset=\"https:\/\/rapid.com.tr\/wp-content\/uploads\/2025\/03\/TRANSRUSSIA2025.avif 481w, https:\/\/rapid.com.tr\/wp-content\/uploads\/2025\/03\/TRANSRUSSIA2025-10x12.avif 10w\" sizes=\"(max-width: 481px) 100vw, 481px\" data-has-transparency=\"false\" data-dominant-color=\"796c6a\" style=\"--dominant-color: #796c6a\"><\/figure><div class=\"elementor-image-box-content\"><h3 class=\"elementor-image-box-title\">TransRussia2025,Transrussia2025 h\u0131zl\u0131<\/h3><p class=\"elementor-image-box-description\">Rusya'da d\u00fczenlenen ta\u015f\u0131mac\u0131l\u0131k fuar\u0131n\u0131n \u015firketimize, m\u00fc\u015fterilerimize ve ortaklar\u0131m\u0131za katk\u0131 sa\u011flayacak g\u00fcnler getirmesini temenni ediyoruz. Sizleri fuar\u0131m\u0131za davet ediyoruz<\/p><\/div><\/div>\t\t\t\t<\/div>\n\t\t\t\t<\/div>\n\t\t\t\t\t<\/div>\n\t\t<\/div>\n\t\t\t\t<div class=\"elementor-column elementor-col-33 elementor-top-column elementor-element elementor-element-416bd37\" data-id=\"416bd37\" data-element_type=\"column\" data-e-type=\"column\">\n\t\t\t<div class=\"elementor-widget-wrap elementor-element-populated\">\n\t\t\t\t\t\t<div class=\"elementor-element elementor-element-23fb979 elementor-position-top elementor-widget elementor-widget-image-box\" data-id=\"23fb979\" data-element_type=\"widget\" data-e-type=\"widget\" data-widget_type=\"image-box.default\">\n\t\t\t\t<div class=\"elementor-widget-container\">\n\t\t\t\t\t<div class=\"elementor-image-box-wrapper\"><figure class=\"elementor-image-box-img\"><img decoding=\"async\" width=\"481\" height=\"601\" src=\"https:\/\/rapid.com.tr\/wp-content\/uploads\/2024\/04\/Celebrate_the_Library_Week-jpg.webp\" class=\"attachment-full size-full wp-image-46441 not-transparent\" alt=\"\" srcset=\"https:\/\/rapid.com.tr\/wp-content\/uploads\/2024\/04\/Celebrate_the_Library_Week-jpg.webp 481w, https:\/\/rapid.com.tr\/wp-content\/uploads\/2024\/04\/Celebrate_the_Library_Week-10x12.webp 10w\" sizes=\"(max-width: 481px) 100vw, 481px\" data-has-transparency=\"false\" data-dominant-color=\"9f8677\" style=\"--dominant-color: #9f8677\"><\/figure><div class=\"elementor-image-box-content\"><h3 class=\"elementor-image-box-title\">K\u00fct\u00fcphane Haftas\u0131n\u0131 Kutluyoruz<\/h3><p class=\"elementor-image-box-description\">Okuman\u0131n ve bilginin g\u00fcc\u00fcne inanan Rapid Ailesi olarak, T\u00fcrkiye'de 1964 y\u0131l\u0131ndan bu yana Mart ay\u0131n\u0131n son Pazartesi g\u00fcn\u00fc ba\u015flayan K\u00fct\u00fcphane Haftas\u0131'n\u0131 kutluyoruz!<\/p><\/div><\/div>\t\t\t\t<\/div>\n\t\t\t\t<\/div>\n\t\t\t\t\t<\/div>\n\t\t<\/div>\n\t\t\t\t<div class=\"elementor-column elementor-col-33 elementor-top-column elementor-element elementor-element-fe6fd41\" data-id=\"fe6fd41\" data-element_type=\"column\" data-e-type=\"column\">\n\t\t\t<div class=\"elementor-widget-wrap elementor-element-populated\">\n\t\t\t\t\t\t<div class=\"elementor-element elementor-element-a6ab5e9 elementor-position-top elementor-widget elementor-widget-image-box\" data-id=\"a6ab5e9\" data-element_type=\"widget\" data-e-type=\"widget\" data-widget_type=\"image-box.default\">\n\t\t\t\t<div class=\"elementor-widget-container\">\n\t\t\t\t\t<div class=\"elementor-image-box-wrapper\"><figure class=\"elementor-image-box-img\"><img decoding=\"async\" width=\"481\" height=\"536\" src=\"https:\/\/rapid.com.tr\/wp-content\/uploads\/2024\/04\/TransRussia2024-jpg.webp\" class=\"attachment-full size-full wp-image-46433 not-transparent\" alt=\"\" srcset=\"https:\/\/rapid.com.tr\/wp-content\/uploads\/2024\/04\/TransRussia2024-jpg.webp 481w, https:\/\/rapid.com.tr\/wp-content\/uploads\/2024\/04\/TransRussia2024-11x12.webp 11w\" sizes=\"(max-width: 481px) 100vw, 481px\" data-has-transparency=\"false\" data-dominant-color=\"8a8885\" style=\"--dominant-color: #8a8885\"><\/figure><div class=\"elementor-image-box-content\"><h3 class=\"elementor-image-box-title\">TransRussia2024<\/h3><p class=\"elementor-image-box-description\">Yo\u011fun ve verimli ge\u00e7en organizasyon, mevcut ili\u015fkilerimizi g\u00fc\u00e7lendirirken yeni i\u015fbirliklerini de te\u015fvik etti... TransRussia2024<\/p><\/div><\/div>\t\t\t\t<\/div>\n\t\t\t\t<\/div>\n\t\t\t\t\t<\/div>\n\t\t<\/div>\n\t\t\t\t\t<\/div>\n\t\t<\/section>\n\t\t\t\t<section class=\"elementor-section elementor-top-section elementor-element elementor-element-4028a49 elementor-section-boxed elementor-section-height-default elementor-section-height-default\" data-id=\"4028a49\" data-element_type=\"section\" data-e-type=\"section\">\n\t\t\t\t\t\t<div class=\"elementor-container elementor-column-gap-default\">\n\t\t\t\t\t<div class=\"elementor-column elementor-col-33 elementor-top-column elementor-element elementor-element-6b23f41\" data-id=\"6b23f41\" data-element_type=\"column\" data-e-type=\"column\">\n\t\t\t<div class=\"elementor-widget-wrap elementor-element-populated\">\n\t\t\t\t\t\t<div class=\"elementor-element elementor-element-97dc1b2 elementor-position-top elementor-widget elementor-widget-image-box\" data-id=\"97dc1b2\" data-element_type=\"widget\" data-e-type=\"widget\" data-widget_type=\"image-box.default\">\n\t\t\t\t<div class=\"elementor-widget-container\">\n\t\t\t\t\t<div class=\"elementor-image-box-wrapper\"><figure class=\"elementor-image-box-img\"><img loading=\"lazy\" decoding=\"async\" width=\"480\" height=\"480\" src=\"https:\/\/rapid.com.tr\/wp-content\/uploads\/2024\/04\/partial_1-jpg.webp\" class=\"attachment-full size-full wp-image-46415 not-transparent\" alt=\"\" srcset=\"https:\/\/rapid.com.tr\/wp-content\/uploads\/2024\/04\/partial_1-jpg.webp 480w, https:\/\/rapid.com.tr\/wp-content\/uploads\/2024\/04\/partial_1-80x80.webp 80w, https:\/\/rapid.com.tr\/wp-content\/uploads\/2024\/04\/partial_1-12x12.webp 12w\" sizes=\"(max-width: 480px) 100vw, 480px\" data-has-transparency=\"false\" data-dominant-color=\"cdcdd2\" style=\"--dominant-color: #cdcdd2\"><\/figure><div class=\"elementor-image-box-content\"><h3 class=\"elementor-image-box-title\">K\u0131smi Hizmetler<\/h3><p class=\"elementor-image-box-description\">t\u00fcrki\u0307ye-rusya ve t\u00fcrki\u0307ye-belarus var\nHAFTADA 2 KEZ KISMI SERVIS.\nBizi Aray\u0131n, Teklif Al\u0131n!<\/p><\/div><\/div>\t\t\t\t<\/div>\n\t\t\t\t<\/div>\n\t\t\t\t<div class=\"elementor-element elementor-element-2cad5b8 elementor-position-top elementor-widget elementor-widget-image-box\" data-id=\"2cad5b8\" data-element_type=\"widget\" data-e-type=\"widget\" data-widget_type=\"image-box.default\">\n\t\t\t\t<div class=\"elementor-widget-container\">\n\t\t\t\t\t<div class=\"elementor-image-box-wrapper\"><figure class=\"elementor-image-box-img\"><img loading=\"lazy\" decoding=\"async\" width=\"481\" height=\"602\" src=\"https:\/\/rapid.com.tr\/wp-content\/uploads\/2024\/04\/LONG-TERM_PARTNERSHIP-jpg.webp\" class=\"attachment-full size-full wp-image-46432 not-transparent\" alt=\"\" srcset=\"https:\/\/rapid.com.tr\/wp-content\/uploads\/2024\/04\/LONG-TERM_PARTNERSHIP-jpg.webp 481w, https:\/\/rapid.com.tr\/wp-content\/uploads\/2024\/04\/LONG-TERM_PARTNERSHIP-10x12.webp 10w\" sizes=\"(max-width: 481px) 100vw, 481px\" data-has-transparency=\"false\" data-dominant-color=\"a0a2a2\" style=\"--dominant-color: #a0a2a2\"><\/figure><div class=\"elementor-image-box-content\"><h3 class=\"elementor-image-box-title\">Uzun Vadeli Ortakl\u0131k<\/h3><p class=\"elementor-image-box-description\">\"UZUN S\u00dcREL\u0130 ORTAKLIK \u0130\u00c7\u0130N\" plaketimiz \"Her y\u0131l oldu\u011fu gibi bu y\u0131l da bir par\u00e7as\u0131 olmaktan mutluluk duyuyoruz\" c\u00fcmlemizin kar\u015f\u0131l\u0131\u011f\u0131 gibiydi...\nTe\u015fekk\u00fcrler ITE GROUP<\/p><\/div><\/div>\t\t\t\t<\/div>\n\t\t\t\t<\/div>\n\t\t\t\t\t<\/div>\n\t\t<\/div>\n\t\t\t\t<div class=\"elementor-column elementor-col-33 elementor-top-column elementor-element elementor-element-d1a7b81\" data-id=\"d1a7b81\" data-element_type=\"column\" data-e-type=\"column\">\n\t\t\t<div class=\"elementor-widget-wrap elementor-element-populated\">\n\t\t\t\t\t\t<div class=\"elementor-element elementor-element-b3548d3 elementor-position-top elementor-widget elementor-widget-image-box\" data-id=\"b3548d3\" data-element_type=\"widget\" data-e-type=\"widget\" data-widget_type=\"image-box.default\">\n\t\t\t\t<div class=\"elementor-widget-container\">\n\t\t\t\t\t<div class=\"elementor-image-box-wrapper\"><figure class=\"elementor-image-box-img\"><img loading=\"lazy\" decoding=\"async\" width=\"480\" height=\"600\" src=\"https:\/\/rapid.com.tr\/wp-content\/uploads\/2024\/06\/Ayin-Elemani_Romanya-jpeg.avif\" class=\"attachment-full size-full wp-image-46560 not-transparent\" alt=\"\" srcset=\"https:\/\/rapid.com.tr\/wp-content\/uploads\/2024\/06\/Ayin-Elemani_Romanya-jpeg.avif 480w, https:\/\/rapid.com.tr\/wp-content\/uploads\/2024\/06\/Ayin-Elemani_Romanya-10x12.avif 10w\" sizes=\"(max-width: 480px) 100vw, 480px\" data-has-transparency=\"false\" data-dominant-color=\"8a8581\" style=\"--dominant-color: #8a8581\"><\/figure><div class=\"elementor-image-box-content\"><h3 class=\"elementor-image-box-title\">Ay\u0131n Personeli<\/h3><p class=\"elementor-image-box-description\">De\u011ferli \u00e7al\u0131\u015fma arkada\u015flar\u0131m\u0131z;\nK\u00fcbra Duygun, Sinem Y\u0131ld\u0131r\u0131m ve Canan Ako\u011flu g\u00f6sterdikleri \u00fcst\u00fcn ba\u015far\u0131dan dolay\u0131 AYIN PERSONEL\u0130 olmaya hak kazanm\u0131\u015flard\u0131r. Kendilerini tebrik ederiz.<\/p><\/div><\/div>\t\t\t\t<\/div>\n\t\t\t\t<\/div>\n\t\t\t\t\t<\/div>\n\t\t<\/div>\n\t\t\t\t<div class=\"elementor-column elementor-col-33 elementor-top-column elementor-element elementor-element-b3656bd\" data-id=\"b3656bd\" data-element_type=\"column\" data-e-type=\"column\">\n\t\t\t<div class=\"elementor-widget-wrap elementor-element-populated\">\n\t\t\t\t\t\t<div class=\"elementor-element elementor-element-f5ebf14 elementor-position-top elementor-widget elementor-widget-image-box\" data-id=\"f5ebf14\" data-element_type=\"widget\" data-e-type=\"widget\" data-widget_type=\"image-box.default\">\n\t\t\t\t<div class=\"elementor-widget-container\">\n\t\t\t\t\t<div class=\"elementor-image-box-wrapper\"><figure class=\"elementor-image-box-img\"><img loading=\"lazy\" decoding=\"async\" width=\"936\" height=\"1180\" src=\"https:\/\/rapid.com.tr\/wp-content\/uploads\/2024\/09\/Fuar-Izmir-1-png.avif\" class=\"attachment-full size-full wp-image-46587 has-transparency\" alt=\"\" srcset=\"https:\/\/rapid.com.tr\/wp-content\/uploads\/2024\/09\/Fuar-Izmir-1-png.avif 936w, https:\/\/rapid.com.tr\/wp-content\/uploads\/2024\/09\/Fuar-Izmir-1-768x968.avif 768w, https:\/\/rapid.com.tr\/wp-content\/uploads\/2024\/09\/Fuar-Izmir-1-10x12.avif 10w\" sizes=\"(max-width: 936px) 100vw, 936px\" data-has-transparency=\"true\" data-dominant-color=\"5d6c68\" style=\"--dominant-color: #5d6c68\"><\/figure><div class=\"elementor-image-box-content\"><h3 class=\"elementor-image-box-title\">\u0130zmir Fuar\u0131<\/h3><p class=\"elementor-image-box-description\">Rapid Uluslararas\u0131 Logistik olarak \u0130zmir'de d\u00fczenlenen LOGISTECH - 3. LOJ\u0130ST\u0130K, DEPO VE TEKNOLOJ\u0130LER\u0130 FUARI'ndayd\u0131k.<\/p><\/div><\/div>\t\t\t\t<\/div>\n\t\t\t\t<\/div>\n\t\t\t\t\t<\/div>\n\t\t<\/div>\n\t\t\t\t\t<\/div>\n\t\t<\/section>\n\t\t\t\t<\/div>","protected":false},"excerpt":{"rendered":"<p>TransRussia2025 We hope that the transportation fair held in Russia will bring days that will contribute to our company, our customers and our partners. We invite you..<\/p>","protected":false},"author":4,"featured_media":0,"parent":0,"menu_order":26,"comment_status":"closed","ping_status":"closed","template":"","meta":{"footnotes":""},"class_list":["post-46404","page","type-page","status-publish","hentry"],"_hostinger_reach_plugin_has_subscription_block":false,"_hostinger_reach_plugin_is_elementor":false,"_links":{"self":[{"href":"https:\/\/rapid.com.tr\/tr\/wp-json\/wp\/v2\/pages\/46404","targetHints":{"allow":["GET"]}}],"collection":[{"href":"https:\/\/rapid.com.tr\/tr\/wp-json\/wp\/v2\/pages"}],"about":[{"href":"https:\/\/rapid.com.tr\/tr\/wp-json\/wp\/v2\/types\/page"}],"author":[{"embeddable":true,"href":"https:\/\/rapid.com.tr\/tr\/wp-json\/wp\/v2\/users\/4"}],"replies":[{"embeddable":true,"href":"https:\/\/rapid.com.tr\/tr\/wp-json\/wp\/v2\/comments?post=46404"}],"version-history":[{"count":65,"href":"https:\/\/rapid.com.tr\/tr\/wp-json\/wp\/v2\/pages\/46404\/revisions"}],"predecessor-version":[{"id":46685,"href":"https:\/\/rapid.com.tr\/tr\/wp-json\/wp\/v2\/pages\/46404\/revisions\/46685"}],"wp:attachment":[{"href":"https:\/\/rapid.com.tr\/tr\/wp-json\/wp\/v2\/media?parent=46404"}],"curies":[{"name":"wp","href":"https:\/\/api.w.org\/{rel}","templated":true}]}}